{"id":22929,"date":"2021-04-18T16:28:48","date_gmt":"2021-04-18T15:28:48","guid":{"rendered":"https:\/\/mamaterra.lt\/parduotuve\/unkategorisiert\/kininiu-cinamonu-cassia-tyras-doterra-eterinis-aliejus-15ml\/"},"modified":"2024-04-02T18:37:44","modified_gmt":"2024-04-02T17:37:44","slug":"zimt-cassia-reines-aetherisches-oel-von-doterra","status":"publish","type":"product","link":"https:\/\/mamaterra.lt\/de\/parduotuve\/essentielle-oele\/reine-aetherische-oele\/zimt-cassia-reines-aetherisches-oel-von-doterra\/","title":{"rendered":"Zimt (CASSIA) Reines \u00e4therisches \u00d6l von doTERRA"},"content":{"rendered":"<p><strong>Zimt (CASSIA) Reines \u00e4therisches \u00d6l von doTERRA<\/strong><\/p>\n<p>Cinnamomum cassia | 15ml<\/p>\n<p>Der chinesische Zimt, ein naher Verwandter des Zimts, hat ein wunderbares Aroma und wird seit Tausenden von Jahren verwendet.<\/p>\n<p>Er hat ein warmes, erbauliches Aroma.<br \/>\nWird in der K\u00fcche als Ersatz f\u00fcr Zimt verwendet<br \/>\nAuf die Haut aufgetragen, wirkt er beruhigend auf den K\u00f6rper<\/p>\n<p>Chinesischer Zimt (CASSIA) Tyro doTERRA \u00c4therisches \u00d6l Verwendungen:<\/p>\n<p>Cassia (Cinnamon) \u00e4therisches \u00d6l hat ein starkes w\u00fcrziges Aroma, das in kleinen Mengen einen bedeutenden Unterschied zu jeder \u00e4therischen \u00d6lmischung oder w\u00fcrzigen Nachspeise machen kann.<\/p>\n<p>Cassia (Cinnamon) \u00e4therisches \u00d6l kann in der K\u00fcche verwendet werden: Ersetzen Sie Zimt beim Backen von Kuchen oder Brot, oder verwenden Sie es als ein gro\u00dfartiges Aroma f\u00fcr eine Vielzahl von Snacks und Desserts.<\/p>\n<p>F\u00fcgen Sie einen Tropfen Cassia (Zimt) und einen Tropfen Lemon (Zitrone) \u00e4therisches \u00d6l in Wasser hinzu, um ein erfrischendes, gew\u00fcrztes Zitrusgetr\u00e4nk herzustellen!<\/p>\n<p><iframe title=\"Cassia Oil: Benefits And Uses That'll Make Cinnamon Jealous\" src=\"https:\/\/www.youtube.com\/embed\/aWFV_i7Qij4\" width=\"853\" height=\"480\" frameborder=\"0\" allowfullscreen=\"allowfullscreen\"><\/iframe><\/p>\n","protected":false},"excerpt":{"rendered":"<ul>\n<li>Es hat ein warmes, erbauliches Aroma<\/li>\n<li>Wird in der K\u00fcche als Ersatz f\u00fcr Zimt verwendet.<\/li>\n<li>Wenn es auf die Haut aufgetragen wird, wirkt es beruhigend auf den K\u00f6rper. Muss verd\u00fcnnt werden.<\/li>\n<\/ul>\n","protected":false},"featured_media":22930,"template":"","meta":{"site-sidebar-layout":"default","site-content-layout":"default","ast-site-content-layout":"default","site-content-style":"default","site-sidebar-style":"default","ast-global-header-display":"","ast-banner-title-visibility":"","ast-main-header-display":"","ast-hfb-above-header-display":"","ast-hfb-below-header-display":"","ast-hfb-mobile-header-display":"","site-post-title":"","ast-breadcrumbs-content":"","ast-featured-img":"","footer-sml-layout":"","ast-disable-related-posts":"","theme-transparent-header-meta":"default","adv-header-id-meta":"","stick-header-meta":"","header-above-stick-meta":"","header-main-stick-meta":"","header-below-stick-meta":"","astra-migrate-meta-layouts":"set","ast-page-background-enabled":"default","ast-page-background-meta":{"desktop":{"background-color":"","background-image":"","background-repeat":"repeat","background-position":"center center","background-size":"auto","background-attachment":"scroll","background-type":"","background-media":"","overlay-type":"","overlay-color":"","overlay-opacity":"","overlay-gradient":""},"tablet":{"background-color":"","background-image":"","background-repeat":"repeat","background-position":"center center","background-size":"auto","background-attachment":"scroll","background-type":"","background-media":"","overlay-type":"","overlay-color":"","overlay-opacity":"","overlay-gradient":""},"mobile":{"background-color":"","background-image":"","background-repeat":"repeat","background-position":"center center","background-size":"auto","background-attachment":"scroll","background-type":"","background-media":"","overlay-type":"","overlay-color":"","overlay-opacity":"","overlay-gradient":""}},"ast-content-background-meta":{"desktop":{"background-color":"var(--ast-global-color-5)","background-image":"","background-repeat":"repeat","background-position":"center center","background-size":"auto","background-attachment":"scroll","background-type":"","background-media":"","overlay-type":"","overlay-color":"","overlay-opacity":"","overlay-gradient":""},"tablet":{"background-color":"var(--ast-global-color-5)","background-image":"","background-repeat":"repeat","background-position":"center center","background-size":"auto","background-attachment":"scroll","background-type":"","background-media":"","overlay-type":"","overlay-color":"","overlay-opacity":"","overlay-gradient":""},"mobile":{"background-color":"var(--ast-global-color-5)","background-image":"","background-repeat":"repeat","background-position":"center center","background-size":"auto","background-attachment":"scroll","background-type":"","background-media":"","overlay-type":"","overlay-color":"","overlay-opacity":"","overlay-gradient":""}}},"product_brand":[],"product_cat":[1939,1949],"product_tag":[2092,2907,3231],"class_list":{"0":"post-22929","1":"product","2":"type-product","3":"status-publish","4":"has-post-thumbnail","6":"product_cat-essentielle-oele","7":"product_cat-reine-aetherische-oele","8":"product_tag-15-ml-de","9":"product_tag-cassia-de","10":"product_tag-essentielle-oele","11":"desktop-align-left","12":"tablet-align-left","13":"mobile-align-left","15":"first","16":"instock","17":"taxable","18":"shipping-taxable","19":"purchasable","20":"product-type-simple"},"_links":{"self":[{"href":"https:\/\/mamaterra.lt\/de\/wp-json\/wp\/v2\/product\/22929","targetHints":{"allow":["GET"]}}],"collection":[{"href":"https:\/\/mamaterra.lt\/de\/wp-json\/wp\/v2\/product"}],"about":[{"href":"https:\/\/mamaterra.lt\/de\/wp-json\/wp\/v2\/types\/product"}],"wp:featuredmedia":[{"embeddable":true,"href":"https:\/\/mamaterra.lt\/de\/wp-json\/wp\/v2\/media\/22930"}],"wp:attachment":[{"href":"https:\/\/mamaterra.lt\/de\/wp-json\/wp\/v2\/media?parent=22929"}],"wp:term":[{"taxonomy":"product_brand","embeddable":true,"href":"https:\/\/mamaterra.lt\/de\/wp-json\/wp\/v2\/product_brand?post=22929"},{"taxonomy":"product_cat","embeddable":true,"href":"https:\/\/mamaterra.lt\/de\/wp-json\/wp\/v2\/product_cat?post=22929"},{"taxonomy":"product_tag","embeddable":true,"href":"https:\/\/mamaterra.lt\/de\/wp-json\/wp\/v2\/product_tag?post=22929"}],"curies":[{"name":"wp","href":"https:\/\/api.w.org\/{rel}","templated":true}]}}