{"id":22918,"date":"2021-04-18T16:29:53","date_gmt":"2021-04-18T15:29:53","guid":{"rendered":"https:\/\/mamaterra.lt\/parduotuve\/unkategorisiert\/salieru-seklu-celery-seed-tyras-doterra-eterinis-aliejus-15ml\/"},"modified":"2024-04-02T18:19:27","modified_gmt":"2024-04-02T17:19:27","slug":"selleriesamen-rein-celery-seed-doterra-aetherisches-oel","status":"publish","type":"product","link":"https:\/\/mamaterra.lt\/de\/parduotuve\/essentielle-oele\/reine-aetherische-oele\/selleriesamen-rein-celery-seed-doterra-aetherisches-oel\/","title":{"rendered":"Selleriesamen rein (CELERY SEED) doTERRA \u00e4therisches \u00d6l"},"content":{"rendered":"<p><strong>Selleriesamen rein (CELERY SEED) doTERRA \u00e4therisches \u00d6l<\/strong><\/p>\n<p>Apium graveolens | 15ml<\/p>\n<p>&nbsp;<\/p>\n<p>Sellerie wird in China seit dem 5. Jahrhundert verwendet und ist eine bekannte Zutat zu vielen Gerichten. Frischer Sellerie, der in der Saison gepfl\u00fcckt wird, wie Sie ihn vielleicht auf Ihrem \u00f6rtlichen Bauernmarkt finden, wird bis zu 90 cm hoch, ist hellgr\u00fcn und leuchtet vor Leben. Sellerie ist f\u00fcr sein starkes, s\u00fc\u00dflich-w\u00fcrziges Aroma bekannt. Es dauert zwei Jahre, bis die Pflanzen reif sind und kleine Fr\u00fcchte tragen, die eine gelbbraune bis braune Farbe haben k\u00f6nnen. Das \u00e4therische \u00d6l wird aus den Samen dieser Pflanzen durch Wasserdampfdestillation gewonnen. Bekannt f\u00fcr sein stark komponiertes s\u00fc\u00dfes und w\u00fcrziges Aroma<\/p>\n<p>M\u00f6glichkeiten der Verwendung von Selleriesamen (CELERY SEED) Tyro doTERRA \u00e4therisches \u00d6l:<\/p>\n<p>Denken Sie bei der Verwendung in der K\u00fcche daran, dass es sich um Konzentrate handelt und verwenden Sie nur 1 &#8211; 2 Tropfen zum W\u00fcrzen von Fleisch- und Fischgerichten und verschiedenen So\u00dfen.<\/p>\n<p>Verwendung anstelle von Selleriesaft &#8211; 4 Tropfen dieses \u00d6ls auf 250 ml Wasser helfen, dem K\u00f6rper Feuchtigkeit zu entziehen.<br \/>\nReinigung &#8211; auf die F\u00fc\u00dfe, den Leberbereich auftragen, 1 &#8211; 2 Tropfen mit Wasser, Saft oder in einer Kapsel einnehmen<br \/>\nSchwache und steife Gelenke &#8211; 2 &#8211; 4 Mal t\u00e4glich auf die F\u00fc\u00dfe und Problemzonen auftragen<br \/>\nVerspannungen lindern &#8211; auf Wirbels\u00e4ule, Stirn und Nacken auftragen.<br \/>\nInsektenschutz &#8211; mit einem Diffusor verdampfen, mit Pflanzen\u00f6l verd\u00fcnnen und auf offene Stellen des K\u00f6rpers auftragen.<\/p>\n<p>&nbsp;<\/p>\n<p><iframe title=\"How to use doTERRA Celery Seed Oil - Quick Tips\" src=\"https:\/\/www.youtube.com\/embed\/cQJJN54oBt0\" width=\"853\" height=\"480\" frameborder=\"0\" allowfullscreen=\"allowfullscreen\"><\/iframe><\/p>\n","protected":false},"excerpt":{"rendered":"<ul>\n<li>Bekannt f\u00fcr sein starkes zusammengesetztes s\u00fc\u00dfes und w\u00fcrziges Aroma<\/li>\n<li>Eine k\u00f6stliche Erg\u00e4nzung zu verschiedenen Gerichten<\/li>\n<li>Bekannt f\u00fcr seine reinigenden Eigenschaften<\/li>\n<\/ul>\n","protected":false},"featured_media":22919,"template":"","meta":{"site-sidebar-layout":"default","site-content-layout":"default","ast-site-content-layout":"default","site-content-style":"default","site-sidebar-style":"default","ast-global-header-display":"","ast-banner-title-visibility":"","ast-main-header-display":"","ast-hfb-above-header-display":"","ast-hfb-below-header-display":"","ast-hfb-mobile-header-display":"","site-post-title":"","ast-breadcrumbs-content":"","ast-featured-img":"","footer-sml-layout":"","ast-disable-related-posts":"","theme-transparent-header-meta":"default","adv-header-id-meta":"","stick-header-meta":"","header-above-stick-meta":"","header-main-stick-meta":"","header-below-stick-meta":"","astra-migrate-meta-layouts":"set","ast-page-background-enabled":"default","ast-page-background-meta":{"desktop":{"background-color":"","background-image":"","background-repeat":"repeat","background-position":"center center","background-size":"auto","background-attachment":"scroll","background-type":"","background-media":"","overlay-type":"","overlay-color":"","overlay-opacity":"","overlay-gradient":""},"tablet":{"background-color":"","background-image":"","background-repeat":"repeat","background-position":"center center","background-size":"auto","background-attachment":"scroll","background-type":"","background-media":"","overlay-type":"","overlay-color":"","overlay-opacity":"","overlay-gradient":""},"mobile":{"background-color":"","background-image":"","background-repeat":"repeat","background-position":"center center","background-size":"auto","background-attachment":"scroll","background-type":"","background-media":"","overlay-type":"","overlay-color":"","overlay-opacity":"","overlay-gradient":""}},"ast-content-background-meta":{"desktop":{"background-color":"var(--ast-global-color-5)","background-image":"","background-repeat":"repeat","background-position":"center center","background-size":"auto","background-attachment":"scroll","background-type":"","background-media":"","overlay-type":"","overlay-color":"","overlay-opacity":"","overlay-gradient":""},"tablet":{"background-color":"var(--ast-global-color-5)","background-image":"","background-repeat":"repeat","background-position":"center center","background-size":"auto","background-attachment":"scroll","background-type":"","background-media":"","overlay-type":"","overlay-color":"","overlay-opacity":"","overlay-gradient":""},"mobile":{"background-color":"var(--ast-global-color-5)","background-image":"","background-repeat":"repeat","background-position":"center center","background-size":"auto","background-attachment":"scroll","background-type":"","background-media":"","overlay-type":"","overlay-color":"","overlay-opacity":"","overlay-gradient":""}}},"product_brand":[],"product_cat":[1939,1949],"product_tag":[2092,2900,3231],"class_list":{"0":"post-22918","1":"product","2":"type-product","3":"status-publish","4":"has-post-thumbnail","6":"product_cat-essentielle-oele","7":"product_cat-reine-aetherische-oele","8":"product_tag-15-ml-de","9":"product_tag-celery-seed-de","10":"product_tag-essentielle-oele","11":"desktop-align-left","12":"tablet-align-left","13":"mobile-align-left","15":"first","16":"instock","17":"taxable","18":"shipping-taxable","19":"purchasable","20":"product-type-simple"},"_links":{"self":[{"href":"https:\/\/mamaterra.lt\/de\/wp-json\/wp\/v2\/product\/22918","targetHints":{"allow":["GET"]}}],"collection":[{"href":"https:\/\/mamaterra.lt\/de\/wp-json\/wp\/v2\/product"}],"about":[{"href":"https:\/\/mamaterra.lt\/de\/wp-json\/wp\/v2\/types\/product"}],"wp:featuredmedia":[{"embeddable":true,"href":"https:\/\/mamaterra.lt\/de\/wp-json\/wp\/v2\/media\/22919"}],"wp:attachment":[{"href":"https:\/\/mamaterra.lt\/de\/wp-json\/wp\/v2\/media?parent=22918"}],"wp:term":[{"taxonomy":"product_brand","embeddable":true,"href":"https:\/\/mamaterra.lt\/de\/wp-json\/wp\/v2\/product_brand?post=22918"},{"taxonomy":"product_cat","embeddable":true,"href":"https:\/\/mamaterra.lt\/de\/wp-json\/wp\/v2\/product_cat?post=22918"},{"taxonomy":"product_tag","embeddable":true,"href":"https:\/\/mamaterra.lt\/de\/wp-json\/wp\/v2\/product_tag?post=22918"}],"curies":[{"name":"wp","href":"https:\/\/api.w.org\/{rel}","templated":true}]}}