{"id":22870,"date":"2022-08-10T20:57:23","date_gmt":"2022-08-10T19:57:23","guid":{"rendered":"https:\/\/mamaterra.lt\/parduotuve\/unkategorisiert\/doterra-bubble-difuzorius-ir-malama-doterra-eteriniu-alieju-misinys-15ml\/"},"modified":"2024-08-09T18:39:45","modified_gmt":"2024-08-09T17:39:45","slug":"doterra-bubble-diffuser-und-malama-doterra-aetherische-oelmischung-15m","status":"publish","type":"product","link":"https:\/\/mamaterra.lt\/de\/parduotuve\/essentielle-oele\/aetherische-oelmischungen\/doterra-bubble-diffuser-und-malama-doterra-aetherische-oelmischung-15m\/","title":{"rendered":"doTERRA Bubble Diffuser und Malama doTERRA \u00c4therische \u00d6lmischung 15m"},"content":{"rendered":"<h6>doTERRA Bubble Diffuser und Malama doTERRA \u00c4therische \u00d6lmischung 15m<\/h6>\n<p>Erleben Sie die tragbare Kraft des doTERRA Bubble Diffusors und MALAMA (15ml).<\/p>\n<p>Dieses besondere Duo besteht aus zwei Produkten, die f\u00fcr eine begrenzte Zeit erh\u00e4ltlich sind: dem Bubble Diffuser und der doTERRA MALAMA Essential Oil Blend (15ml).<br \/>\nDas kleine und diskrete Design des Bubble Diffusors verleiht ihm ein gutes Image.<br \/>\nF\u00fcr den Diffusor wird kein Wasser ben\u00f6tigt.<br \/>\nWenn der Bewegungssensor des Diffusors ausgel\u00f6st wird, verbreiten sich die D\u00fcfte m\u00fchelos.<\/p>\n<p><iframe title=\"YouTube video player\" src=\"https:\/\/www.youtube-nocookie.com\/embed\/sbjYtKSPFGs\" width=\"560\" height=\"315\" frameborder=\"0\" allowfullscreen=\"allowfullscreen\"><\/iframe><\/p>\n","protected":false},"excerpt":{"rendered":"<p>Dieses besondere Duo besteht aus zwei Produkten, die f\u00fcr eine begrenzte Zeit erh\u00e4ltlich sind: dem Bubble Diffuser und der \u00e4therischen \u00d6lmischung doTERRA MALAMA. F\u00fcr den Bubble Diffuser wird kein Wasser ben\u00f6tigt.<\/p>\n","protected":false},"featured_media":22871,"template":"","meta":{"site-sidebar-layout":"default","site-content-layout":"default","ast-site-content-layout":"default","site-content-style":"default","site-sidebar-style":"default","ast-global-header-display":"","ast-banner-title-visibility":"","ast-main-header-display":"","ast-hfb-above-header-display":"","ast-hfb-below-header-display":"","ast-hfb-mobile-header-display":"","site-post-title":"","ast-breadcrumbs-content":"","ast-featured-img":"","footer-sml-layout":"","ast-disable-related-posts":"","theme-transparent-header-meta":"default","adv-header-id-meta":"","stick-header-meta":"","header-above-stick-meta":"","header-main-stick-meta":"","header-below-stick-meta":"","astra-migrate-meta-layouts":"set","ast-page-background-enabled":"default","ast-page-background-meta":{"desktop":{"background-color":"","background-image":"","background-repeat":"repeat","background-position":"center center","background-size":"auto","background-attachment":"scroll","background-type":"","background-media":"","overlay-type":"","overlay-color":"","overlay-opacity":"","overlay-gradient":""},"tablet":{"background-color":"","background-image":"","background-repeat":"repeat","background-position":"center center","background-size":"auto","background-attachment":"scroll","background-type":"","background-media":"","overlay-type":"","overlay-color":"","overlay-opacity":"","overlay-gradient":""},"mobile":{"background-color":"","background-image":"","background-repeat":"repeat","background-position":"center center","background-size":"auto","background-attachment":"scroll","background-type":"","background-media":"","overlay-type":"","overlay-color":"","overlay-opacity":"","overlay-gradient":""}},"ast-content-background-meta":{"desktop":{"background-color":"var(--ast-global-color-5)","background-image":"","background-repeat":"repeat","background-position":"center center","background-size":"auto","background-attachment":"scroll","background-type":"","background-media":"","overlay-type":"","overlay-color":"","overlay-opacity":"","overlay-gradient":""},"tablet":{"background-color":"var(--ast-global-color-5)","background-image":"","background-repeat":"repeat","background-position":"center center","background-size":"auto","background-attachment":"scroll","background-type":"","background-media":"","overlay-type":"","overlay-color":"","overlay-opacity":"","overlay-gradient":""},"mobile":{"background-color":"var(--ast-global-color-5)","background-image":"","background-repeat":"repeat","background-position":"center center","background-size":"auto","background-attachment":"scroll","background-type":"","background-media":"","overlay-type":"","overlay-color":"","overlay-opacity":"","overlay-gradient":""}}},"product_brand":[],"product_cat":[1944,1919,1939,1924,2034],"product_tag":[2098,3236,2934,2872,3221],"class_list":{"0":"post-22870","1":"product","2":"type-product","3":"status-publish","4":"has-post-thumbnail","6":"product_cat-aetherische-oelmischungen","7":"product_cat-diffusoren","8":"product_cat-essentielle-oele","9":"product_cat-geschenke","10":"product_cat-luftfilterung","11":"product_tag-15ml-de","12":"product_tag-aetherische-oelmischungen","13":"product_tag-bubble-de","14":"product_tag-citrus-twist-de","15":"product_tag-diffusor","16":"desktop-align-left","17":"tablet-align-left","18":"mobile-align-left","20":"first","21":"outofstock","22":"taxable","23":"shipping-taxable","24":"purchasable","25":"product-type-simple"},"_links":{"self":[{"href":"https:\/\/mamaterra.lt\/de\/wp-json\/wp\/v2\/product\/22870","targetHints":{"allow":["GET"]}}],"collection":[{"href":"https:\/\/mamaterra.lt\/de\/wp-json\/wp\/v2\/product"}],"about":[{"href":"https:\/\/mamaterra.lt\/de\/wp-json\/wp\/v2\/types\/product"}],"wp:featuredmedia":[{"embeddable":true,"href":"https:\/\/mamaterra.lt\/de\/wp-json\/wp\/v2\/media\/22871"}],"wp:attachment":[{"href":"https:\/\/mamaterra.lt\/de\/wp-json\/wp\/v2\/media?parent=22870"}],"wp:term":[{"taxonomy":"product_brand","embeddable":true,"href":"https:\/\/mamaterra.lt\/de\/wp-json\/wp\/v2\/product_brand?post=22870"},{"taxonomy":"product_cat","embeddable":true,"href":"https:\/\/mamaterra.lt\/de\/wp-json\/wp\/v2\/product_cat?post=22870"},{"taxonomy":"product_tag","embeddable":true,"href":"https:\/\/mamaterra.lt\/de\/wp-json\/wp\/v2\/product_tag?post=22870"}],"curies":[{"name":"wp","href":"https:\/\/api.w.org\/{rel}","templated":true}]}}