{"id":22850,"date":"2023-11-20T19:33:11","date_gmt":"2023-11-20T18:33:11","guid":{"rendered":"https:\/\/mamaterra.lt\/parduotuve\/unkategorisiert\/doterra-serenity-stick-valerian\/"},"modified":"2025-02-19T16:50:52","modified_gmt":"2025-02-19T15:50:52","slug":"doterra-serenity-stick-valerian","status":"publish","type":"product","link":"https:\/\/mamaterra.lt\/de\/parduotuve\/essentielle-oele\/aetherische-oelmischungen\/doterra-serenity-stick-valerian\/","title":{"rendered":"doTERRA Serenity Stick + Valerian"},"content":{"rendered":"<p>Noch nie war es so einfach, sich auf das Schlafengehen vorzubereiten wie mit dem doTERRA Serenity Stick + Valerian. Die doTERRA Serenity Restful Blend enth\u00e4lt das \u00e4therische \u00d6l CPTG Certified Pure Tested Grade\u00ae Lavender, das daf\u00fcr bekannt ist, die Haut bei topischer Anwendung zu beruhigen und gleichzeitig ein beruhigendes, erdendes Aroma zu liefern, das zu einer erholsamen Umgebung beitr\u00e4gt. Der Stick kombiniert die Restful Blend mit \u00e4therischem Baldrian\u00f6l, um eine entspannende Atmosph\u00e4re zu schaffen, wenn er in Verbindung mit einer gesunden Schlafhygiene verwendet wird.<\/p>\n<p>Lavendel<br \/>\nZedernholz<br \/>\nBaldrianwurzel<br \/>\nKoriander<br \/>\nYlang Ylang<br \/>\nMajoran<br \/>\nR\u00f6mische Kamille<br \/>\nSandelholz<br \/>\nVetiver<\/p>\n<p>Der doTERRA Serenity Stick + Valerian ist frei von Parabenen, Phthalaten und synthetischen Duftstoffen.<\/p>\n<p>Verwendungsm\u00f6glichkeiten<\/p>\n<p>Je nach Bedarf auf die Innenseiten der Handgelenke, den Nacken, die Brust und die Fu\u00dfsohlen auftragen, um sich auf die Ruhe vorzubereiten.<\/p>\n<p>Vorsichtsma\u00dfnahmen<\/p>\n<p>Nicht auf das Gesicht auftragen. Vermeiden Sie den Kontakt mit den Augen. Nur zur \u00e4u\u00dferlichen Anwendung. Wenn eine Reizung auftritt, die Anwendung abbrechen.<\/p>\n","protected":false},"excerpt":{"rendered":"<p>Je nach Bedarf auf die Innenseiten der Handgelenke, den Nacken, die Brust und die Fu\u00dfsohlen auftragen, um sich auf die Ruhe vorzubereiten.<\/p>\n","protected":false},"featured_media":22851,"template":"","meta":{"site-sidebar-layout":"default","site-content-layout":"","ast-site-content-layout":"default","site-content-style":"default","site-sidebar-style":"default","ast-global-header-display":"","ast-banner-title-visibility":"","ast-main-header-display":"","ast-hfb-above-header-display":"","ast-hfb-below-header-display":"","ast-hfb-mobile-header-display":"","site-post-title":"","ast-breadcrumbs-content":"","ast-featured-img":"","footer-sml-layout":"","ast-disable-related-posts":"","theme-transparent-header-meta":"","adv-header-id-meta":"","stick-header-meta":"","header-above-stick-meta":"","header-main-stick-meta":"","header-below-stick-meta":"","astra-migrate-meta-layouts":"set","ast-page-background-enabled":"default","ast-page-background-meta":{"desktop":{"background-color":"","background-image":"","background-repeat":"repeat","background-position":"center center","background-size":"auto","background-attachment":"scroll","background-type":"","background-media":"","overlay-type":"","overlay-color":"","overlay-opacity":"","overlay-gradient":""},"tablet":{"background-color":"","background-image":"","background-repeat":"repeat","background-position":"center center","background-size":"auto","background-attachment":"scroll","background-type":"","background-media":"","overlay-type":"","overlay-color":"","overlay-opacity":"","overlay-gradient":""},"mobile":{"background-color":"","background-image":"","background-repeat":"repeat","background-position":"center center","background-size":"auto","background-attachment":"scroll","background-type":"","background-media":"","overlay-type":"","overlay-color":"","overlay-opacity":"","overlay-gradient":""}},"ast-content-background-meta":{"desktop":{"background-color":"var(--ast-global-color-5)","background-image":"","background-repeat":"repeat","background-position":"center center","background-size":"auto","background-attachment":"scroll","background-type":"","background-media":"","overlay-type":"","overlay-color":"","overlay-opacity":"","overlay-gradient":""},"tablet":{"background-color":"var(--ast-global-color-5)","background-image":"","background-repeat":"repeat","background-position":"center center","background-size":"auto","background-attachment":"scroll","background-type":"","background-media":"","overlay-type":"","overlay-color":"","overlay-opacity":"","overlay-gradient":""},"mobile":{"background-color":"var(--ast-global-color-5)","background-image":"","background-repeat":"repeat","background-position":"center center","background-size":"auto","background-attachment":"scroll","background-type":"","background-media":"","overlay-type":"","overlay-color":"","overlay-opacity":"","overlay-gradient":""}}},"product_brand":[],"product_cat":[1944,2009,2044,1924,2004,2039],"product_tag":[],"class_list":{"0":"post-22850","1":"product","2":"type-product","3":"status-publish","4":"has-post-thumbnail","6":"product_cat-aetherische-oelmischungen","7":"product_cat-fuer-frauen","8":"product_cat-fuer-kinder","9":"product_cat-geschenke","10":"product_cat-schlafen","11":"product_cat-stressbewaeltigung","12":"desktop-align-left","13":"tablet-align-left","14":"mobile-align-left","16":"first","17":"instock","18":"taxable","19":"shipping-taxable","20":"product-type-simple"},"_links":{"self":[{"href":"https:\/\/mamaterra.lt\/de\/wp-json\/wp\/v2\/product\/22850","targetHints":{"allow":["GET"]}}],"collection":[{"href":"https:\/\/mamaterra.lt\/de\/wp-json\/wp\/v2\/product"}],"about":[{"href":"https:\/\/mamaterra.lt\/de\/wp-json\/wp\/v2\/types\/product"}],"wp:featuredmedia":[{"embeddable":true,"href":"https:\/\/mamaterra.lt\/de\/wp-json\/wp\/v2\/media\/22851"}],"wp:attachment":[{"href":"https:\/\/mamaterra.lt\/de\/wp-json\/wp\/v2\/media?parent=22850"}],"wp:term":[{"taxonomy":"product_brand","embeddable":true,"href":"https:\/\/mamaterra.lt\/de\/wp-json\/wp\/v2\/product_brand?post=22850"},{"taxonomy":"product_cat","embeddable":true,"href":"https:\/\/mamaterra.lt\/de\/wp-json\/wp\/v2\/product_cat?post=22850"},{"taxonomy":"product_tag","embeddable":true,"href":"https:\/\/mamaterra.lt\/de\/wp-json\/wp\/v2\/product_tag?post=22850"}],"curies":[{"name":"wp","href":"https:\/\/api.w.org\/{rel}","templated":true}]}}