{"id":22840,"date":"2023-08-24T21:00:26","date_gmt":"2023-08-24T20:00:26","guid":{"rendered":"https:\/\/mamaterra.lt\/parduotuve\/unkategorisiert\/sotumo-guma-su-metapwr-metaboliniu-misiniu\/"},"modified":"2024-03-26T19:58:59","modified_gmt":"2024-03-26T18:58:59","slug":"metapwr-metabolic-blend-saettigungskaugummi","status":"publish","type":"product","link":"https:\/\/mamaterra.lt\/de\/parduotuve\/essentielle-oele\/aetherische-oelmischungen\/metapwr-metabolic-blend-saettigungskaugummi\/","title":{"rendered":"MetaPWR Metabolic Blend S\u00e4ttigungskaugummi"},"content":{"rendered":"<h6 class=\"product__title mb-3\">MetaPWR Metabolic Blend S\u00e4ttigungskaugummi.<\/h6>\n<p>&nbsp;<\/p>\n<p>MetaPWR Satiety Gum hat einen lang anhaltenden s\u00fc\u00dfen, minzigen und w\u00fcrzigen Geschmack und hilft, Hei\u00dfhungerattacken zu unterdr\u00fccken, f\u00f6rdert achtsames Essen und unterst\u00fctzt einen gesunden Stoffwechsel. * MetaPWR Satiety Gum wurde in Zusammenarbeit mit DoTERRA-Forschern entwickelt und enth\u00e4lt ein klinisch ausgewogenes Verh\u00e4ltnis der \u00e4therischen \u00d6le CPTG\u00ae Grapefruit, Zitrone, Pfefferminze, Ingwer und Zimtrinde, um die Gesundheit des Stoffwechsels zu f\u00f6rdern und den Hei\u00dfhunger zu z\u00fcgeln * Ohne Zucker oder k\u00fcnstliche S\u00fc\u00dfstoffe ist dieser Kaugummi eine angenehme Art, die MetaPWR Metabolic Blend als Teil eines t\u00e4glichen Gewichts- und \u00dcbungsprogramms zu optimieren *.<\/p>\n<p>MetaPWR Satiety Gum &#8211; Teil des MetaPWR Metabolic System &#8211; unterst\u00fctzt eine gesunde Lebensweise, die auf mehr Energie und Vitalit\u00e4t, Stoffwechselgesundheit und Gewichtsmanagement ausgerichtet ist, um Ihre Lebenserwartung zu verl\u00e4ngern.*<\/p>\n<p>Keine GMOs<br \/>\nOhne Soja<br \/>\nKeine Konservierungsstoffe<br \/>\nKeine Milchprodukte<br \/>\nKein Gluten<br \/>\nKeine k\u00fcnstlichen S\u00fc\u00dfstoffe oder Aromen<br \/>\nGr\u00f6\u00dfe: 30 St\u00fcck<\/p>\n","protected":false},"excerpt":{"rendered":"<p style=\"padding-left: 40px;\">MetaPWR Satiety Gum hat einen lang anhaltenden s\u00fc\u00dfen, minzigen und w\u00fcrzigen Geschmack und hilft, Hei\u00dfhungerattacken zu unterdr\u00fccken, f\u00f6rdert achtsames Essen und unterst\u00fctzt einen gesunden Stoffwechsel.<\/p>\n","protected":false},"featured_media":0,"template":"","meta":{"site-sidebar-layout":"default","site-content-layout":"","ast-site-content-layout":"default","site-content-style":"default","site-sidebar-style":"default","ast-global-header-display":"","ast-banner-title-visibility":"","ast-main-header-display":"","ast-hfb-above-header-display":"","ast-hfb-below-header-display":"","ast-hfb-mobile-header-display":"","site-post-title":"","ast-breadcrumbs-content":"","ast-featured-img":"","footer-sml-layout":"","ast-disable-related-posts":"","theme-transparent-header-meta":"default","adv-header-id-meta":"","stick-header-meta":"","header-above-stick-meta":"","header-main-stick-meta":"","header-below-stick-meta":"","astra-migrate-meta-layouts":"set","ast-page-background-enabled":"default","ast-page-background-meta":{"desktop":{"background-color":"","background-image":"","background-repeat":"repeat","background-position":"center center","background-size":"auto","background-attachment":"scroll","background-type":"","background-media":"","overlay-type":"","overlay-color":"","overlay-opacity":"","overlay-gradient":""},"tablet":{"background-color":"","background-image":"","background-repeat":"repeat","background-position":"center center","background-size":"auto","background-attachment":"scroll","background-type":"","background-media":"","overlay-type":"","overlay-color":"","overlay-opacity":"","overlay-gradient":""},"mobile":{"background-color":"","background-image":"","background-repeat":"repeat","background-position":"center center","background-size":"auto","background-attachment":"scroll","background-type":"","background-media":"","overlay-type":"","overlay-color":"","overlay-opacity":"","overlay-gradient":""}},"ast-content-background-meta":{"desktop":{"background-color":"var(--ast-global-color-5)","background-image":"","background-repeat":"repeat","background-position":"center center","background-size":"auto","background-attachment":"scroll","background-type":"","background-media":"","overlay-type":"","overlay-color":"","overlay-opacity":"","overlay-gradient":""},"tablet":{"background-color":"var(--ast-global-color-5)","background-image":"","background-repeat":"repeat","background-position":"center center","background-size":"auto","background-attachment":"scroll","background-type":"","background-media":"","overlay-type":"","overlay-color":"","overlay-opacity":"","overlay-gradient":""},"mobile":{"background-color":"var(--ast-global-color-5)","background-image":"","background-repeat":"repeat","background-position":"center center","background-size":"auto","background-attachment":"scroll","background-type":"","background-media":"","overlay-type":"","overlay-color":"","overlay-opacity":"","overlay-gradient":""}}},"product_brand":[],"product_cat":[1944,2049],"product_tag":[],"class_list":{"0":"post-22840","1":"product","2":"type-product","3":"status-publish","5":"product_cat-aetherische-oelmischungen","6":"product_cat-verdauung","7":"desktop-align-left","8":"tablet-align-left","9":"mobile-align-left","11":"first","12":"outofstock","13":"sale","14":"taxable","15":"shipping-taxable","16":"purchasable","17":"product-type-simple"},"_links":{"self":[{"href":"https:\/\/mamaterra.lt\/de\/wp-json\/wp\/v2\/product\/22840","targetHints":{"allow":["GET"]}}],"collection":[{"href":"https:\/\/mamaterra.lt\/de\/wp-json\/wp\/v2\/product"}],"about":[{"href":"https:\/\/mamaterra.lt\/de\/wp-json\/wp\/v2\/types\/product"}],"wp:attachment":[{"href":"https:\/\/mamaterra.lt\/de\/wp-json\/wp\/v2\/media?parent=22840"}],"wp:term":[{"taxonomy":"product_brand","embeddable":true,"href":"https:\/\/mamaterra.lt\/de\/wp-json\/wp\/v2\/product_brand?post=22840"},{"taxonomy":"product_cat","embeddable":true,"href":"https:\/\/mamaterra.lt\/de\/wp-json\/wp\/v2\/product_cat?post=22840"},{"taxonomy":"product_tag","embeddable":true,"href":"https:\/\/mamaterra.lt\/de\/wp-json\/wp\/v2\/product_tag?post=22840"}],"curies":[{"name":"wp","href":"https:\/\/api.w.org\/{rel}","templated":true}]}}