{"id":22816,"date":"2023-05-10T20:36:20","date_gmt":"2023-05-10T19:36:20","guid":{"rendered":"https:\/\/mamaterra.lt\/parduotuve\/unkategorisiert\/metapwr-assist\/"},"modified":"2024-03-24T15:12:58","modified_gmt":"2024-03-24T14:12:58","slug":"metapwr-assist","status":"publish","type":"product","link":"https:\/\/mamaterra.lt\/de\/parduotuve\/essentielle-oele\/aetherische-oelmischungen\/metapwr-assist\/","title":{"rendered":"MetaPWR Assist"},"content":{"rendered":"<p>Erh\u00f6hen Sie den N\u00e4hrwert Ihrer Ern\u00e4hrung mit MetaPWR\u2122 Assist. Jede Kapsel enth\u00e4lt Maulbeerbl\u00e4tterextrakt, Berberin, Zimtrindenpulver und die MetaPWR-eigene Mischung aus \u00e4therischen \u00d6len. Vor der Hauptmahlzeit des Tages eingenommen, wird diese leistungsstarke Erg\u00e4nzung zu Ihrer t\u00e4glichen Wellness-Routine die gr\u00f6\u00dfte Wirkung auf Ihren K\u00f6rper haben. Die klinischen Forscher von d\u014dTERRA haben MetaPWR Assist entwickelt, um die Extraktion des Wirkstoffs aus dem Maulbeerblattextrakt zu maximieren und so eine stimulierende Wirkung zu erzielen.<\/p>\n<p>Wichtigste Vorteile<br \/>\nEnth\u00e4lt keine GVOs, Milchprodukte, Soja, Gluten, Konservierungsstoffe, k\u00fcnstliche S\u00fc\u00dfstoffe oder Aromen.<br \/>\nMaulbeerbl\u00e4tter k\u00f6nnen dazu beitragen, das metabolische Gleichgewicht der Kohlenhydrate im K\u00f6rper aufrechtzuerhalten*.<\/p>\n<p>&#8222;MetaPWR Assist kann helfen, die Schwankungen des Blutzuckerspiegels nach einer Mahlzeit zu reduzieren. Der Maulbeerblattbestandteil bindet an die glukosebindenden Rezeptoren, so dass die Glukose keinen Platz mehr hat, um sich zu binden, so dass sie nicht so schnell in den Blutkreislauf abgegeben wird. *<\/p>\n","protected":false},"excerpt":{"rendered":"<p>MetaPWR Assist ist ein nat\u00fcrliches Nahrungserg\u00e4nzungsmittel, das entwickelt wurde, um einen normalen Blutzuckerspiegel kurz nach dem Essen aufrechtzuerhalten.<\/p>\n","protected":false},"featured_media":22817,"template":"","meta":{"site-sidebar-layout":"default","site-content-layout":"default","ast-site-content-layout":"default","site-content-style":"default","site-sidebar-style":"default","ast-global-header-display":"","ast-banner-title-visibility":"","ast-main-header-display":"","ast-hfb-above-header-display":"","ast-hfb-below-header-display":"","ast-hfb-mobile-header-display":"","site-post-title":"","ast-breadcrumbs-content":"","ast-featured-img":"","footer-sml-layout":"","ast-disable-related-posts":"","theme-transparent-header-meta":"default","adv-header-id-meta":"","stick-header-meta":"","header-above-stick-meta":"","header-main-stick-meta":"","header-below-stick-meta":"","astra-migrate-meta-layouts":"set","ast-page-background-enabled":"default","ast-page-background-meta":{"desktop":{"background-color":"","background-image":"","background-repeat":"repeat","background-position":"center center","background-size":"auto","background-attachment":"scroll","background-type":"","background-media":"","overlay-type":"","overlay-color":"","overlay-opacity":"","overlay-gradient":""},"tablet":{"background-color":"","background-image":"","background-repeat":"repeat","background-position":"center center","background-size":"auto","background-attachment":"scroll","background-type":"","background-media":"","overlay-type":"","overlay-color":"","overlay-opacity":"","overlay-gradient":""},"mobile":{"background-color":"","background-image":"","background-repeat":"repeat","background-position":"center center","background-size":"auto","background-attachment":"scroll","background-type":"","background-media":"","overlay-type":"","overlay-color":"","overlay-opacity":"","overlay-gradient":""}},"ast-content-background-meta":{"desktop":{"background-color":"var(--ast-global-color-5)","background-image":"","background-repeat":"repeat","background-position":"center center","background-size":"auto","background-attachment":"scroll","background-type":"","background-media":"","overlay-type":"","overlay-color":"","overlay-opacity":"","overlay-gradient":""},"tablet":{"background-color":"var(--ast-global-color-5)","background-image":"","background-repeat":"repeat","background-position":"center center","background-size":"auto","background-attachment":"scroll","background-type":"","background-media":"","overlay-type":"","overlay-color":"","overlay-opacity":"","overlay-gradient":""},"mobile":{"background-color":"var(--ast-global-color-5)","background-image":"","background-repeat":"repeat","background-position":"center center","background-size":"auto","background-attachment":"scroll","background-type":"","background-media":"","overlay-type":"","overlay-color":"","overlay-opacity":"","overlay-gradient":""}}},"product_brand":[],"product_cat":[1944,2049],"product_tag":[],"class_list":{"0":"post-22816","1":"product","2":"type-product","3":"status-publish","4":"has-post-thumbnail","6":"product_cat-aetherische-oelmischungen","7":"product_cat-verdauung","8":"desktop-align-left","9":"tablet-align-left","10":"mobile-align-left","12":"first","13":"instock","14":"taxable","15":"shipping-taxable","16":"purchasable","17":"product-type-simple"},"_links":{"self":[{"href":"https:\/\/mamaterra.lt\/de\/wp-json\/wp\/v2\/product\/22816","targetHints":{"allow":["GET"]}}],"collection":[{"href":"https:\/\/mamaterra.lt\/de\/wp-json\/wp\/v2\/product"}],"about":[{"href":"https:\/\/mamaterra.lt\/de\/wp-json\/wp\/v2\/types\/product"}],"wp:featuredmedia":[{"embeddable":true,"href":"https:\/\/mamaterra.lt\/de\/wp-json\/wp\/v2\/media\/22817"}],"wp:attachment":[{"href":"https:\/\/mamaterra.lt\/de\/wp-json\/wp\/v2\/media?parent=22816"}],"wp:term":[{"taxonomy":"product_brand","embeddable":true,"href":"https:\/\/mamaterra.lt\/de\/wp-json\/wp\/v2\/product_brand?post=22816"},{"taxonomy":"product_cat","embeddable":true,"href":"https:\/\/mamaterra.lt\/de\/wp-json\/wp\/v2\/product_cat?post=22816"},{"taxonomy":"product_tag","embeddable":true,"href":"https:\/\/mamaterra.lt\/de\/wp-json\/wp\/v2\/product_tag?post=22816"}],"curies":[{"name":"wp","href":"https:\/\/api.w.org\/{rel}","templated":true}]}}