{"id":22789,"date":"2021-04-18T16:28:17","date_gmt":"2021-04-18T15:28:17","guid":{"rendered":"https:\/\/mamaterra.lt\/parduotuve\/unkategorisiert\/kardamonu-cardamon-tyras-doterra-eterinis-aliejus-5ml\/"},"modified":"2024-03-24T14:05:22","modified_gmt":"2024-03-24T13:05:22","slug":"kardamom-cardamon-reines-doterra-aetherisches-oel-5ml","status":"publish","type":"product","link":"https:\/\/mamaterra.lt\/de\/parduotuve\/essentielle-oele\/reine-aetherische-oele\/kardamom-cardamon-reines-doterra-aetherisches-oel-5ml\/","title":{"rendered":"Kardamom (CARDAMON) Reines doTERRA \u00c4therisches \u00d6l 5ml"},"content":{"rendered":"<p><strong>Kardamom (CARDAMON) Reines doTERRA \u00c4therisches \u00d6l\u00a0<\/strong><\/p>\n<p>Elettaria cardamomum | 5ml<\/p>\n<p>&nbsp;<\/p>\n<h6>Kardamom (CARDAMON) Reines \u00e4therisches \u00d6l von doTERRA Beschreibung:<\/h6>\n<p>Kardamom, ein naher Verwandter des Ingwers, ist als wertvolles Lebensmittelgew\u00fcrz bekannt und hat viele n\u00fctzliche Eigenschaften.<\/p>\n<p>Es ist ein k\u00f6stliches Gew\u00fcrz f\u00fcr Speisen und Backwaren<br \/>\nHilft Ihnen, leichter zu atmen<br \/>\nHilft, ein unangenehmes Gef\u00fchl im Magen loszuwerden<\/p>\n<p>&nbsp;<\/p>\n<p>Weitere Informationen \u00fcber das \u00e4therische \u00d6l CARDAMON doTERRA finden Sie im untenstehenden Video.<\/p>\n<p><iframe title=\"C: Cardamom - doTERRA Essential Oil Uses and Benefits\" src=\"https:\/\/www.youtube.com\/embed\/1f6EQnRbr7I\" width=\"853\" height=\"480\" frameborder=\"0\" allowfullscreen=\"allowfullscreen\"><\/iframe><\/p>\n","protected":false},"excerpt":{"rendered":"<ul>\n<li>Es ist ein k\u00f6stliches Gew\u00fcrz f\u00fcr Speisen und Backwaren<\/li>\n<li>Hilft Ihnen, leichter zu atmen<\/li>\n<li>Hilft, ein unangenehmes Gef\u00fchl im Magen loszuwerden<\/li>\n<\/ul>\n","protected":false},"featured_media":22790,"template":"","meta":{"site-sidebar-layout":"default","site-content-layout":"default","ast-site-content-layout":"default","site-content-style":"default","site-sidebar-style":"default","ast-global-header-display":"","ast-banner-title-visibility":"","ast-main-header-display":"","ast-hfb-above-header-display":"","ast-hfb-below-header-display":"","ast-hfb-mobile-header-display":"","site-post-title":"","ast-breadcrumbs-content":"","ast-featured-img":"","footer-sml-layout":"","ast-disable-related-posts":"","theme-transparent-header-meta":"default","adv-header-id-meta":"","stick-header-meta":"","header-above-stick-meta":"","header-main-stick-meta":"","header-below-stick-meta":"","astra-migrate-meta-layouts":"set","ast-page-background-enabled":"default","ast-page-background-meta":{"desktop":{"background-color":"","background-image":"","background-repeat":"repeat","background-position":"center center","background-size":"auto","background-attachment":"scroll","background-type":"","background-media":"","overlay-type":"","overlay-color":"","overlay-opacity":"","overlay-gradient":""},"tablet":{"background-color":"","background-image":"","background-repeat":"repeat","background-position":"center center","background-size":"auto","background-attachment":"scroll","background-type":"","background-media":"","overlay-type":"","overlay-color":"","overlay-opacity":"","overlay-gradient":""},"mobile":{"background-color":"","background-image":"","background-repeat":"repeat","background-position":"center center","background-size":"auto","background-attachment":"scroll","background-type":"","background-media":"","overlay-type":"","overlay-color":"","overlay-opacity":"","overlay-gradient":""}},"ast-content-background-meta":{"desktop":{"background-color":"var(--ast-global-color-5)","background-image":"","background-repeat":"repeat","background-position":"center center","background-size":"auto","background-attachment":"scroll","background-type":"","background-media":"","overlay-type":"","overlay-color":"","overlay-opacity":"","overlay-gradient":""},"tablet":{"background-color":"var(--ast-global-color-5)","background-image":"","background-repeat":"repeat","background-position":"center center","background-size":"auto","background-attachment":"scroll","background-type":"","background-media":"","overlay-type":"","overlay-color":"","overlay-opacity":"","overlay-gradient":""},"mobile":{"background-color":"var(--ast-global-color-5)","background-image":"","background-repeat":"repeat","background-position":"center center","background-size":"auto","background-attachment":"scroll","background-type":"","background-media":"","overlay-type":"","overlay-color":"","overlay-opacity":"","overlay-gradient":""}}},"product_brand":[],"product_cat":[1939,1949,2049],"product_tag":[2064,2923,3231],"class_list":{"0":"post-22789","1":"product","2":"type-product","3":"status-publish","4":"has-post-thumbnail","6":"product_cat-essentielle-oele","7":"product_cat-reine-aetherische-oele","8":"product_cat-verdauung","9":"product_tag-5-ml-de","10":"product_tag-cardamon-de","11":"product_tag-essentielle-oele","12":"desktop-align-left","13":"tablet-align-left","14":"mobile-align-left","16":"first","17":"instock","18":"taxable","19":"shipping-taxable","20":"purchasable","21":"product-type-simple"},"_links":{"self":[{"href":"https:\/\/mamaterra.lt\/de\/wp-json\/wp\/v2\/product\/22789","targetHints":{"allow":["GET"]}}],"collection":[{"href":"https:\/\/mamaterra.lt\/de\/wp-json\/wp\/v2\/product"}],"about":[{"href":"https:\/\/mamaterra.lt\/de\/wp-json\/wp\/v2\/types\/product"}],"wp:featuredmedia":[{"embeddable":true,"href":"https:\/\/mamaterra.lt\/de\/wp-json\/wp\/v2\/media\/22790"}],"wp:attachment":[{"href":"https:\/\/mamaterra.lt\/de\/wp-json\/wp\/v2\/media?parent=22789"}],"wp:term":[{"taxonomy":"product_brand","embeddable":true,"href":"https:\/\/mamaterra.lt\/de\/wp-json\/wp\/v2\/product_brand?post=22789"},{"taxonomy":"product_cat","embeddable":true,"href":"https:\/\/mamaterra.lt\/de\/wp-json\/wp\/v2\/product_cat?post=22789"},{"taxonomy":"product_tag","embeddable":true,"href":"https:\/\/mamaterra.lt\/de\/wp-json\/wp\/v2\/product_tag?post=22789"}],"curies":[{"name":"wp","href":"https:\/\/api.w.org\/{rel}","templated":true}]}}