{"id":22771,"date":"2021-04-18T16:27:35","date_gmt":"2021-04-18T15:27:35","guid":{"rendered":"https:\/\/mamaterra.lt\/parduotuve\/unkategorisiert\/bitkresliu-blue-tansy-tyras-doterra-eterinis-aliejus-5ml\/"},"modified":"2024-03-24T14:39:05","modified_gmt":"2024-03-24T13:39:05","slug":"bittersuess-blue-tansy-reines-doterra-aetherisches-oel-5ml","status":"publish","type":"product","link":"https:\/\/mamaterra.lt\/de\/parduotuve\/essentielle-oele\/reine-aetherische-oele\/bittersuess-blue-tansy-reines-doterra-aetherisches-oel-5ml\/","title":{"rendered":"Bitters\u00fc\u00df (BLUE TANSY) Reines doTERRA \u00c4therisches \u00d6l 5ml"},"content":{"rendered":"<p><strong>Bitters\u00fc\u00df (BLUE TANSY) Reines doTERRA \u00c4therisches \u00d6l\u00a0<\/strong><\/p>\n<p>Tanacetum annuum | 5ml<\/p>\n<p>&nbsp;<\/p>\n<p>Bitters\u00fc\u00df (BLUE TANSY) Reines doTERRA \u00c4therisches \u00d6l Beschreibung und Verwendung:<\/p>\n<p>Bitters\u00fc\u00dfes \u00e4therisches \u00d6l wird aus einer einj\u00e4hrigen gelben Mittelmeerpflanze gewonnen. Bitters\u00fc\u00dfes \u00e4therisches \u00d6l, das ein wichtiger Bestandteil der doTERRA Deep Blue Mischung ist, beruhigt den K\u00f6rper und den Geist.<\/p>\n<p>Wenn es auf die Haut aufgetragen wird, wirkt es schmerzlindernd.<br \/>\nSeine tiefblaue Farbe kann auf Oberfl\u00e4chen, Textilien und Haut Flecken hinterlassen. Es wird empfohlen, es mit Vorsicht und verd\u00fcnnt zu verwenden<br \/>\nGeben Sie einen Tropfen in eine Feuchtigkeitscreme oder ein Reinigungsmittel, um Hautr\u00f6tungen zu reduzieren.<\/p>\n<p>&nbsp;<\/p>\n<p>Weitere Informationen \u00fcber das \u00e4therische \u00d6l von Bittersweet (BLUE TANSY) doTERRA finden Sie im Video unten.<\/p>\n<p><iframe title=\"5 Ways to Use doTERRA Blue Tansy Essential Oil\" src=\"https:\/\/www.youtube.com\/embed\/DXV-5KFCTIM\" width=\"853\" height=\"480\" frameborder=\"0\" allowfullscreen=\"allowfullscreen\"><\/iframe><\/p>\n","protected":false},"excerpt":{"rendered":"<p>Bei der Anwendung auf der Haut wirkt es schmerzlindernd.<br \/>\nSeine tiefblaue Farbe kann auf Oberfl\u00e4chen, Textilien und Haut Flecken hinterlassen. Es wird empfohlen, es mit Vorsicht und verd\u00fcnnt zu verwenden<br \/>\nEinen Tropfen in eine Feuchtigkeitscreme oder ein Reinigungsmittel geben, um Hautr\u00f6tungen zu reduzieren<\/p>\n","protected":false},"featured_media":22772,"template":"","meta":{"site-sidebar-layout":"default","site-content-layout":"default","ast-site-content-layout":"default","site-content-style":"default","site-sidebar-style":"default","ast-global-header-display":"","ast-banner-title-visibility":"","ast-main-header-display":"","ast-hfb-above-header-display":"","ast-hfb-below-header-display":"","ast-hfb-mobile-header-display":"","site-post-title":"","ast-breadcrumbs-content":"","ast-featured-img":"","footer-sml-layout":"","ast-disable-related-posts":"","theme-transparent-header-meta":"default","adv-header-id-meta":"","stick-header-meta":"","header-above-stick-meta":"","header-main-stick-meta":"","header-below-stick-meta":"","astra-migrate-meta-layouts":"set","ast-page-background-enabled":"default","ast-page-background-meta":{"desktop":{"background-color":"","background-image":"","background-repeat":"repeat","background-position":"center center","background-size":"auto","background-attachment":"scroll","background-type":"","background-media":"","overlay-type":"","overlay-color":"","overlay-opacity":"","overlay-gradient":""},"tablet":{"background-color":"","background-image":"","background-repeat":"repeat","background-position":"center center","background-size":"auto","background-attachment":"scroll","background-type":"","background-media":"","overlay-type":"","overlay-color":"","overlay-opacity":"","overlay-gradient":""},"mobile":{"background-color":"","background-image":"","background-repeat":"repeat","background-position":"center center","background-size":"auto","background-attachment":"scroll","background-type":"","background-media":"","overlay-type":"","overlay-color":"","overlay-opacity":"","overlay-gradient":""}},"ast-content-background-meta":{"desktop":{"background-color":"var(--ast-global-color-5)","background-image":"","background-repeat":"repeat","background-position":"center center","background-size":"auto","background-attachment":"scroll","background-type":"","background-media":"","overlay-type":"","overlay-color":"","overlay-opacity":"","overlay-gradient":""},"tablet":{"background-color":"var(--ast-global-color-5)","background-image":"","background-repeat":"repeat","background-position":"center center","background-size":"auto","background-attachment":"scroll","background-type":"","background-media":"","overlay-type":"","overlay-color":"","overlay-opacity":"","overlay-gradient":""},"mobile":{"background-color":"var(--ast-global-color-5)","background-image":"","background-repeat":"repeat","background-position":"center center","background-size":"auto","background-attachment":"scroll","background-type":"","background-media":"","overlay-type":"","overlay-color":"","overlay-opacity":"","overlay-gradient":""}}},"product_brand":[],"product_cat":[1939,1949],"product_tag":[2064,2962,3231],"class_list":{"0":"post-22771","1":"product","2":"type-product","3":"status-publish","4":"has-post-thumbnail","6":"product_cat-essentielle-oele","7":"product_cat-reine-aetherische-oele","8":"product_tag-5-ml-de","9":"product_tag-blue-tansy-de","10":"product_tag-essentielle-oele","11":"desktop-align-left","12":"tablet-align-left","13":"mobile-align-left","15":"first","16":"instock","17":"sale","18":"taxable","19":"shipping-taxable","20":"purchasable","21":"product-type-simple"},"_links":{"self":[{"href":"https:\/\/mamaterra.lt\/de\/wp-json\/wp\/v2\/product\/22771","targetHints":{"allow":["GET"]}}],"collection":[{"href":"https:\/\/mamaterra.lt\/de\/wp-json\/wp\/v2\/product"}],"about":[{"href":"https:\/\/mamaterra.lt\/de\/wp-json\/wp\/v2\/types\/product"}],"wp:featuredmedia":[{"embeddable":true,"href":"https:\/\/mamaterra.lt\/de\/wp-json\/wp\/v2\/media\/22772"}],"wp:attachment":[{"href":"https:\/\/mamaterra.lt\/de\/wp-json\/wp\/v2\/media?parent=22771"}],"wp:term":[{"taxonomy":"product_brand","embeddable":true,"href":"https:\/\/mamaterra.lt\/de\/wp-json\/wp\/v2\/product_brand?post=22771"},{"taxonomy":"product_cat","embeddable":true,"href":"https:\/\/mamaterra.lt\/de\/wp-json\/wp\/v2\/product_cat?post=22771"},{"taxonomy":"product_tag","embeddable":true,"href":"https:\/\/mamaterra.lt\/de\/wp-json\/wp\/v2\/product_tag?post=22771"}],"curies":[{"name":"wp","href":"https:\/\/api.w.org\/{rel}","templated":true}]}}