{"id":22763,"date":"2021-04-19T08:14:29","date_gmt":"2021-04-19T07:14:29","guid":{"rendered":"https:\/\/mamaterra.lt\/parduotuve\/unkategorisiert\/eteriniu-alieju-ir-eteriniu-alieju-rinkinys-seimai-doterra-family-essentials-10-skirtingu-eteriniu-alieju-po-5ml\/"},"modified":"2025-04-01T18:10:47","modified_gmt":"2025-04-01T17:10:47","slug":"eteriniu-alieju-ir-eteriniu-alieju-rinkinys-seimai-doterra-family-essentials-10-skirtingu-eteriniu-alieju-po-5ml","status":"publish","type":"product","link":"https:\/\/mamaterra.lt\/de\/parduotuve\/essentielle-oele\/aetherische-oelmischungen\/eteriniu-alieju-ir-eteriniu-alieju-rinkinys-seimai-doterra-family-essentials-10-skirtingu-eteriniu-alieju-po-5ml\/","title":{"rendered":"Eterini\u0173 Aliej\u0173 ir Eterini\u0173 Aliej\u0173 Rinkinys \u0160eimai doTERRA FAMILY ESSENTIALS (10 Skirting\u0173 Eterini\u0173 Aliej\u0173 po 5ml)"},"content":{"rendered":"<p><strong>Eterini\u0173 Aliej\u0173 ir Eterini\u0173 Aliej\u0173 Rinkinys \u0160eimai doTERRA FAMILY ESSENTIALS<\/strong><\/p>\n<p>(10 Skirting\u0173 Eterini\u0173 Aliej\u0173 po 5ml)<\/p>\n<p>&nbsp;<\/p>\n<p><strong>Eterini\u0173 Aliej\u0173 ir Eterini\u0173 Aliej\u0173 Rinkinio \u0160eimai doTERRA FAMILY ESSENTIALS Apra\u0161ymas ir Sud\u0117tis:<\/strong><\/p>\n<p>Aliej\u0173 rinkin\u012f \u0161eimai doTERRA Family Essentials sudaro 10 eterini\u0173 aliej\u0173 ir j\u0173 mi\u0161ini\u0173 \u2013 tai b\u016btini pagrindiniai kasdieniai produktai, kuriuos t\u0117vams reikia tur\u0117ti po ranka. I\u0161bandykite nesuskai\u010diuojamus b\u016bdus, kuriais doTERRA CPTG\u2122 eteriniai aliejai gali pad\u0117ti jums pad\u0117ti savo \u0161eimai.<\/p>\n<ul>\n<li><strong>De\u0161imt 5 ml t\u016brio eterini\u0173 aliej\u0173 ir j\u0173 mi\u0161ini\u0173 buteliuk\u0173:<\/strong>\n<ol>\n<li>Levand\u0173<\/li>\n<li>Citrin\u0173<\/li>\n<li>Pipirm\u0117\u010di\u0173<\/li>\n<li>Arbatmed\u017ei\u0173<\/li>\n<li>Raudon\u0117li\u0173<\/li>\n<li>Bosvelij\u0173<\/li>\n<li>Deep Blue\u2122<\/li>\n<li>doTERRA Air\u2122<\/li>\n<li>ZenGest\u2122<\/li>\n<li>On Guard\u2122<\/li>\n<\/ol>\n<\/li>\n<\/ul>\n<p>&nbsp;<\/p>\n<p>Daugiau informacijos apie <strong>eterini\u0173 aliej\u0173 rinkin\u012f doTERRA FAMILY ESSENTIALS\u2122 <\/strong>rasite \u017eemiau esan\u010diame vaizdo \u012fra\u0161e.<\/p>\n<p><iframe title=\"doTERRA Family Essentials Kit + How I use it!\" src=\"https:\/\/www.youtube.com\/embed\/SGJ44RNsV7c\" width=\"942\" height=\"530\" frameborder=\"0\" allowfullscreen=\"allowfullscreen\"><\/iframe><\/p>\n","protected":false},"excerpt":{"rendered":"<ul>\n<li>De\u0161imt 5 ml t\u016brio eterini\u0173 aliej\u0173 ir j\u0173 mi\u0161ini\u0173 buteliuk\u0173:\n<ol>\n<li>Levand\u0173<\/li>\n<li>Citrin\u0173<\/li>\n<li>Pipirm\u0117\u010di\u0173<\/li>\n<li>Arbatmed\u017ei\u0173<\/li>\n<li>Raudon\u0117li\u0173<\/li>\n<li>Bosvelij\u0173<\/li>\n<li>Deep Blue\u2122<\/li>\n<li>doTERRA Air\u2122<\/li>\n<li>ZenGest\u2122<\/li>\n<li>On Guard\u2122<\/li>\n<\/ol>\n<\/li>\n<\/ul>\n","protected":false},"featured_media":22764,"template":"","meta":{"site-sidebar-layout":"default","site-content-layout":"default","ast-site-content-layout":"default","site-content-style":"default","site-sidebar-style":"default","ast-global-header-display":"","ast-banner-title-visibility":"","ast-main-header-display":"","ast-hfb-above-header-display":"","ast-hfb-below-header-display":"","ast-hfb-mobile-header-display":"","site-post-title":"","ast-breadcrumbs-content":"","ast-featured-img":"","footer-sml-layout":"","ast-disable-related-posts":"","theme-transparent-header-meta":"default","adv-header-id-meta":"","stick-header-meta":"","header-above-stick-meta":"","header-main-stick-meta":"","header-below-stick-meta":"","astra-migrate-meta-layouts":"default","ast-page-background-enabled":"default","ast-page-background-meta":{"desktop":{"background-color":"","background-image":"","background-repeat":"repeat","background-position":"center center","background-size":"auto","background-attachment":"scroll","background-type":"","background-media":"","overlay-type":"","overlay-color":"","overlay-opacity":"","overlay-gradient":""},"tablet":{"background-color":"","background-image":"","background-repeat":"repeat","background-position":"center center","background-size":"auto","background-attachment":"scroll","background-type":"","background-media":"","overlay-type":"","overlay-color":"","overlay-opacity":"","overlay-gradient":""},"mobile":{"background-color":"","background-image":"","background-repeat":"repeat","background-position":"center center","background-size":"auto","background-attachment":"scroll","background-type":"","background-media":"","overlay-type":"","overlay-color":"","overlay-opacity":"","overlay-gradient":""}},"ast-content-background-meta":{"desktop":{"background-color":"var(--ast-global-color-5)","background-image":"","background-repeat":"repeat","background-position":"center center","background-size":"auto","background-attachment":"scroll","background-type":"","background-media":"","overlay-type":"","overlay-color":"","overlay-opacity":"","overlay-gradient":""},"tablet":{"background-color":"var(--ast-global-color-5)","background-image":"","background-repeat":"repeat","background-position":"center center","background-size":"auto","background-attachment":"scroll","background-type":"","background-media":"","overlay-type":"","overlay-color":"","overlay-opacity":"","overlay-gradient":""},"mobile":{"background-color":"var(--ast-global-color-5)","background-image":"","background-repeat":"repeat","background-position":"center center","background-size":"auto","background-attachment":"scroll","background-type":"","background-media":"","overlay-type":"","overlay-color":"","overlay-opacity":"","overlay-gradient":""}}},"product_brand":[],"product_cat":[1944,1916,1939,2044,1954,2019,1949,2004,2039,2049],"product_tag":[2064,2074,3236,3321,3231,3149,3251],"class_list":{"0":"post-22763","1":"product","2":"type-product","3":"status-publish","4":"has-post-thumbnail","6":"product_cat-aetherische-oelmischungen","7":"product_cat-deep-blue-produkte","8":"product_cat-essentielle-oele","9":"product_cat-fuer-kinder","10":"product_cat-kits-und-sammlungen","11":"product_cat-on-guard-produkte","12":"product_cat-reine-aetherische-oele","13":"product_cat-schlafen","14":"product_cat-stressbewaeltigung","15":"product_cat-verdauung","16":"product_tag-5-ml-de","17":"product_tag-5ml-de","18":"product_tag-aetherische-oelmischungen","19":"product_tag-bausaetze","20":"product_tag-essentielle-oele","21":"product_tag-family-essentials-de","22":"product_tag-sammlungen","23":"desktop-align-left","24":"tablet-align-left","25":"mobile-align-left","27":"first","28":"instock","29":"sale","30":"taxable","31":"shipping-taxable","32":"purchasable","33":"product-type-simple"},"_links":{"self":[{"href":"https:\/\/mamaterra.lt\/de\/wp-json\/wp\/v2\/product\/22763","targetHints":{"allow":["GET"]}}],"collection":[{"href":"https:\/\/mamaterra.lt\/de\/wp-json\/wp\/v2\/product"}],"about":[{"href":"https:\/\/mamaterra.lt\/de\/wp-json\/wp\/v2\/types\/product"}],"wp:featuredmedia":[{"embeddable":true,"href":"https:\/\/mamaterra.lt\/de\/wp-json\/wp\/v2\/media\/22764"}],"wp:attachment":[{"href":"https:\/\/mamaterra.lt\/de\/wp-json\/wp\/v2\/media?parent=22763"}],"wp:term":[{"taxonomy":"product_brand","embeddable":true,"href":"https:\/\/mamaterra.lt\/de\/wp-json\/wp\/v2\/product_brand?post=22763"},{"taxonomy":"product_cat","embeddable":true,"href":"https:\/\/mamaterra.lt\/de\/wp-json\/wp\/v2\/product_cat?post=22763"},{"taxonomy":"product_tag","embeddable":true,"href":"https:\/\/mamaterra.lt\/de\/wp-json\/wp\/v2\/product_tag?post=22763"}],"curies":[{"name":"wp","href":"https:\/\/api.w.org\/{rel}","templated":true}]}}