{"id":22755,"date":"2022-06-09T20:11:14","date_gmt":"2022-06-09T19:11:14","guid":{"rendered":"https:\/\/mamaterra.lt\/parduotuve\/unkategorisiert\/doterra-eteriniu-alieju-rinkinys-home-essentials-kit-su-doterra-petal-2-0-difuzoriumi\/"},"modified":"2022-06-09T20:11:14","modified_gmt":"2022-06-09T19:11:14","slug":"doterra-eteriniu-alieju-rinkinys-home-essentials-kit-su-doterra-petal-2-0-difuzoriumi","status":"publish","type":"product","link":"https:\/\/mamaterra.lt\/de\/parduotuve\/essentielle-oele\/aetherische-oelmischungen\/doterra-eteriniu-alieju-rinkinys-home-essentials-kit-su-doterra-petal-2-0-difuzoriumi\/","title":{"rendered":"doTERRA Eterini\u0173 Aliej\u0173 Rinkinys Home Essentials Kit su doTERRA Petal 2.0 Difuzoriumi"},"content":{"rendered":"<p><strong>doTERRA Eterini\u0173 Aliej\u0173 Rinkinys Home Essentials Kit su doTERRA Petal 2.0 Difuzoriumi<\/strong><\/p>\n<p>6 doTERRA Eteriniai Aliejai po 15ml ir 4 doTERRA Eterini\u0173 Aliej\u0173 Mi\u0161iniai po 5ml<\/p>\n<p>&nbsp;<\/p>\n<p><strong>doTERRA Eterini\u0173 Aliej\u0173 Rinkinys Home Essentials Kit<\/strong><\/p>\n<p>\u0160is rinkinys yra puikus pasirinkimas, jei nusprend\u0117te prad\u0117ti naudoti doTERRA savo namuose.<\/p>\n<p>J\u012f sudaro 10 pagrindini\u0173, daugiausiai naudojam\u0173 eterini\u0173 aliej\u0173 ir mi\u0161ini\u0173, o taip pat 33 kv.m. kambariui tinkantis Petal difuzorius.<\/p>\n<p>Tai b\u016btini pagrindiniai kasdieniai produktai, kuriuos t\u0117vams reikia tur\u0117ti po ranka. I\u0161bandykite nesuskai\u010diuojamus b\u016bdus, kuriais doTERRA CPTG\u2122 eteriniai aliejai gali pad\u0117ti jums pad\u0117ti savo \u0161eimai. Rinkinyje rasite ir doTERRA Essentials katalog\u0117l\u012f &#8211; knygut\u0119.<\/p>\n<p><strong>doTERRA Eterini\u0173 Aliej\u0173 Rinkinio Home Essentials Kit Eteriniai Aliejai po 15ml:<\/strong><\/p>\n<ul>\n<li>Bosvelij\u0173<\/li>\n<li>Levand\u0173<\/li>\n<li>Citrin\u0173<\/li>\n<li>Arbatmed\u017ei\u0173<\/li>\n<li>Raudon\u0117li\u0173<\/li>\n<li>Pipirm\u0117\u010di\u0173<\/li>\n<\/ul>\n<p><strong>doTERRA Eterini\u0173 Aliej\u0173 Rinkinio Home Essentials Kit Eterini\u0173 Aliej\u0173 Mi\u0161iniai po 15ml (jei nenurodyta kitaip):<\/strong><\/p>\n<ul>\n<li>doTERRA Air\u2122<\/li>\n<li>Deep Blue\u2122 (5 ml)<\/li>\n<li>ZenGest\u2122<\/li>\n<li>On Guard\u2122<\/li>\n<\/ul>\n<p>&nbsp;<\/p>\n<p><strong>doTERRA Petal 2.0 Difuzorius<\/strong><\/p>\n<p>Difuzorius doTERRA Petal yra ma\u017eas ir lengvai naudojamas difuzorius, pasi\u017eymintis daugybe privalum\u0173. \u0160is patogus difuzorius yra stabilus, lengvas, j\u012f paprasta naudoti.<\/p>\n<ul>\n<li>Petal 2.0 ultragarsinis difuzorius<\/li>\n<li>Pasirenkamas \u0161viesos diod\u0173 ap\u0161vietimas<\/li>\n<li>2 ir 6 valand\u0173 nuolatinio veikimo ir 12 valand\u0173 veikimo su pertraukomis (5 minutes \u012fjungta, 5 minutes i\u0161jungta) garinimo nuostatos<\/li>\n<li>Ypa\u010d lengvas garas, padengiantis iki 33 m2 plot\u0105<\/li>\n<\/ul>\n<p>Per\u017ei\u016br\u0117kite video kaip naudoti Petal 2.0 difuzori\u0173.<\/p>\n<p><iframe title=\"YouTube video player\" src=\"https:\/\/www.youtube-nocookie.com\/embed\/OmkVmTKdqbc\" width=\"560\" height=\"315\" frameborder=\"0\" allowfullscreen=\"allowfullscreen\"><\/iframe><\/p>\n","protected":false},"excerpt":{"rendered":"<ul>\n<li>Rinkinys susideda i\u0161 10 skirting\u0173 doTERRA eterini\u0173 aliej\u0173<\/li>\n<li>Rinkinyje yra doTERRA Petal 2.0 difuzorius<\/li>\n<li>doTERRA Essentials katalog\u0117lis<\/li>\n<li>\u0160is rinkinys yra puikus pasirinkimas, jei nusprend\u0117te prad\u0117ti naudoti doTERRA savo namuose.<\/li>\n<\/ul>\n","protected":false},"featured_media":22756,"template":"","meta":{"site-sidebar-layout":"default","site-content-layout":"default","ast-site-content-layout":"default","site-content-style":"default","site-sidebar-style":"default","ast-global-header-display":"","ast-banner-title-visibility":"","ast-main-header-display":"","ast-hfb-above-header-display":"","ast-hfb-below-header-display":"","ast-hfb-mobile-header-display":"","site-post-title":"","ast-breadcrumbs-content":"","ast-featured-img":"","footer-sml-layout":"","ast-disable-related-posts":"","theme-transparent-header-meta":"default","adv-header-id-meta":"","stick-header-meta":"","header-above-stick-meta":"","header-main-stick-meta":"","header-below-stick-meta":"","astra-migrate-meta-layouts":"default","ast-page-background-enabled":"default","ast-page-background-meta":{"desktop":{"background-color":"","background-image":"","background-repeat":"repeat","background-position":"center center","background-size":"auto","background-attachment":"scroll","background-type":"","background-media":"","overlay-type":"","overlay-color":"","overlay-opacity":"","overlay-gradient":""},"tablet":{"background-color":"","background-image":"","background-repeat":"repeat","background-position":"center center","background-size":"auto","background-attachment":"scroll","background-type":"","background-media":"","overlay-type":"","overlay-color":"","overlay-opacity":"","overlay-gradient":""},"mobile":{"background-color":"","background-image":"","background-repeat":"repeat","background-position":"center center","background-size":"auto","background-attachment":"scroll","background-type":"","background-media":"","overlay-type":"","overlay-color":"","overlay-opacity":"","overlay-gradient":""}},"ast-content-background-meta":{"desktop":{"background-color":"var(--ast-global-color-5)","background-image":"","background-repeat":"repeat","background-position":"center center","background-size":"auto","background-attachment":"scroll","background-type":"","background-media":"","overlay-type":"","overlay-color":"","overlay-opacity":"","overlay-gradient":""},"tablet":{"background-color":"var(--ast-global-color-5)","background-image":"","background-repeat":"repeat","background-position":"center center","background-size":"auto","background-attachment":"scroll","background-type":"","background-media":"","overlay-type":"","overlay-color":"","overlay-opacity":"","overlay-gradient":""},"mobile":{"background-color":"var(--ast-global-color-5)","background-image":"","background-repeat":"repeat","background-position":"center center","background-size":"auto","background-attachment":"scroll","background-type":"","background-media":"","overlay-type":"","overlay-color":"","overlay-opacity":"","overlay-gradient":""}}},"product_brand":[],"product_cat":[1944,1919,1939,1954,1949],"product_tag":[2098,2074,3236,3321,3221,3231,3251],"class_list":{"0":"post-22755","1":"product","2":"type-product","3":"status-publish","4":"has-post-thumbnail","6":"product_cat-aetherische-oelmischungen","7":"product_cat-diffusoren","8":"product_cat-essentielle-oele","9":"product_cat-kits-und-sammlungen","10":"product_cat-reine-aetherische-oele","11":"product_tag-15ml-de","12":"product_tag-5ml-de","13":"product_tag-aetherische-oelmischungen","14":"product_tag-bausaetze","15":"product_tag-diffusor","16":"product_tag-essentielle-oele","17":"product_tag-sammlungen","18":"desktop-align-left","19":"tablet-align-left","20":"mobile-align-left","22":"first","23":"instock","24":"sale","25":"taxable","26":"shipping-taxable","27":"purchasable","28":"product-type-simple"},"_links":{"self":[{"href":"https:\/\/mamaterra.lt\/de\/wp-json\/wp\/v2\/product\/22755","targetHints":{"allow":["GET"]}}],"collection":[{"href":"https:\/\/mamaterra.lt\/de\/wp-json\/wp\/v2\/product"}],"about":[{"href":"https:\/\/mamaterra.lt\/de\/wp-json\/wp\/v2\/types\/product"}],"wp:featuredmedia":[{"embeddable":true,"href":"https:\/\/mamaterra.lt\/de\/wp-json\/wp\/v2\/media\/22756"}],"wp:attachment":[{"href":"https:\/\/mamaterra.lt\/de\/wp-json\/wp\/v2\/media?parent=22755"}],"wp:term":[{"taxonomy":"product_brand","embeddable":true,"href":"https:\/\/mamaterra.lt\/de\/wp-json\/wp\/v2\/product_brand?post=22755"},{"taxonomy":"product_cat","embeddable":true,"href":"https:\/\/mamaterra.lt\/de\/wp-json\/wp\/v2\/product_cat?post=22755"},{"taxonomy":"product_tag","embeddable":true,"href":"https:\/\/mamaterra.lt\/de\/wp-json\/wp\/v2\/product_tag?post=22755"}],"curies":[{"name":"wp","href":"https:\/\/api.w.org\/{rel}","templated":true}]}}