{"id":22711,"date":"2021-04-18T16:22:55","date_gmt":"2021-04-18T15:22:55","guid":{"rendered":"https:\/\/mamaterra.lt\/parduotuve\/unkategorisiert\/baziliku-tyras-doterra-eterinis-aliejus-15ml\/"},"modified":"2024-03-23T15:45:07","modified_gmt":"2024-03-23T14:45:07","slug":"basilikum-aetherisches-oel-von-doterra-15ml","status":"publish","type":"product","link":"https:\/\/mamaterra.lt\/de\/parduotuve\/essentielle-oele\/reine-aetherische-oele\/basilikum-aetherisches-oel-von-doterra-15ml\/","title":{"rendered":"Basilikum \u00c4therisches \u00d6l von doTERRA 15ml"},"content":{"rendered":"<p><strong>Basilikum \u00c4therisches \u00d6l von doTERRA\u00a0<\/strong><\/p>\n<p>Ocimum basilicum | 15ml<\/p>\n<p>&nbsp;<\/p>\n<p><strong>Basilikum Tyro doTERRA \u00c4therisches \u00d6l Beschreibung:<\/strong><\/p>\n<p>Das \u00e4therische \u00d6l des Basilikums, das f\u00fcr seine st\u00e4rkenden Eigenschaften gesch\u00e4tzt wird, wird auch oft wegen seiner beruhigenden Wirkung verwendet.<\/p>\n<p>Hilft, die Haut strahlend, sauber und gesund aussehen zu lassen<br \/>\nHilft, sich ruhig und ausgeglichen zu f\u00fchlen<br \/>\nAusdrucksstarkes W\u00fcrzmittel f\u00fcr Speisen<\/p>\n<p>&nbsp;<\/p>\n<p>F\u00fcr weitere Informationen \u00fcber das \u00e4therische \u00d6l Basilikum doTERRA sehen Sie sich das folgende Video an.<\/p>\n<p><iframe title=\"Basil Oil: Sweet Benefits And Uses\" src=\"https:\/\/www.youtube.com\/embed\/szSY3kmtfa8\" width=\"853\" height=\"480\" frameborder=\"0\" allowfullscreen=\"allowfullscreen\"><\/iframe><\/p>\n","protected":false},"excerpt":{"rendered":"<ul>\n<li>Hilft, die Haut strahlend, sauber und gesund aussehen zu lassen<\/li>\n<li>Hilft, sich ruhig und ausgeglichen zu f\u00fchlen<\/li>\n<li>Ausdrucksstarkes W\u00fcrzmittel f\u00fcr Speisen<\/li>\n<\/ul>\n","protected":false},"featured_media":22712,"template":"","meta":{"site-sidebar-layout":"default","site-content-layout":"default","ast-site-content-layout":"default","site-content-style":"default","site-sidebar-style":"default","ast-global-header-display":"","ast-banner-title-visibility":"","ast-main-header-display":"","ast-hfb-above-header-display":"","ast-hfb-below-header-display":"","ast-hfb-mobile-header-display":"","site-post-title":"","ast-breadcrumbs-content":"","ast-featured-img":"","footer-sml-layout":"","ast-disable-related-posts":"","theme-transparent-header-meta":"default","adv-header-id-meta":"","stick-header-meta":"","header-above-stick-meta":"","header-main-stick-meta":"","header-below-stick-meta":"","astra-migrate-meta-layouts":"set","ast-page-background-enabled":"default","ast-page-background-meta":{"desktop":{"background-color":"","background-image":"","background-repeat":"repeat","background-position":"center center","background-size":"auto","background-attachment":"scroll","background-type":"","background-media":"","overlay-type":"","overlay-color":"","overlay-opacity":"","overlay-gradient":""},"tablet":{"background-color":"","background-image":"","background-repeat":"repeat","background-position":"center center","background-size":"auto","background-attachment":"scroll","background-type":"","background-media":"","overlay-type":"","overlay-color":"","overlay-opacity":"","overlay-gradient":""},"mobile":{"background-color":"","background-image":"","background-repeat":"repeat","background-position":"center center","background-size":"auto","background-attachment":"scroll","background-type":"","background-media":"","overlay-type":"","overlay-color":"","overlay-opacity":"","overlay-gradient":""}},"ast-content-background-meta":{"desktop":{"background-color":"var(--ast-global-color-5)","background-image":"","background-repeat":"repeat","background-position":"center center","background-size":"auto","background-attachment":"scroll","background-type":"","background-media":"","overlay-type":"","overlay-color":"","overlay-opacity":"","overlay-gradient":""},"tablet":{"background-color":"var(--ast-global-color-5)","background-image":"","background-repeat":"repeat","background-position":"center center","background-size":"auto","background-attachment":"scroll","background-type":"","background-media":"","overlay-type":"","overlay-color":"","overlay-opacity":"","overlay-gradient":""},"mobile":{"background-color":"var(--ast-global-color-5)","background-image":"","background-repeat":"repeat","background-position":"center center","background-size":"auto","background-attachment":"scroll","background-type":"","background-media":"","overlay-type":"","overlay-color":"","overlay-opacity":"","overlay-gradient":""}}},"product_brand":[],"product_cat":[1939,1999,1949,2039,2014],"product_tag":[2092,2968,3231],"class_list":{"0":"post-22711","1":"product","2":"type-product","3":"status-publish","4":"has-post-thumbnail","6":"product_cat-essentielle-oele","7":"product_cat-massage-de","8":"product_cat-reine-aetherische-oele","9":"product_cat-stressbewaeltigung","10":"product_cat-von-muecken-und-zecken","11":"product_tag-15-ml-de","12":"product_tag-basil-de","13":"product_tag-essentielle-oele","14":"desktop-align-left","15":"tablet-align-left","16":"mobile-align-left","18":"first","19":"instock","20":"sale","21":"taxable","22":"shipping-taxable","23":"purchasable","24":"product-type-simple"},"_links":{"self":[{"href":"https:\/\/mamaterra.lt\/de\/wp-json\/wp\/v2\/product\/22711","targetHints":{"allow":["GET"]}}],"collection":[{"href":"https:\/\/mamaterra.lt\/de\/wp-json\/wp\/v2\/product"}],"about":[{"href":"https:\/\/mamaterra.lt\/de\/wp-json\/wp\/v2\/types\/product"}],"wp:featuredmedia":[{"embeddable":true,"href":"https:\/\/mamaterra.lt\/de\/wp-json\/wp\/v2\/media\/22712"}],"wp:attachment":[{"href":"https:\/\/mamaterra.lt\/de\/wp-json\/wp\/v2\/media?parent=22711"}],"wp:term":[{"taxonomy":"product_brand","embeddable":true,"href":"https:\/\/mamaterra.lt\/de\/wp-json\/wp\/v2\/product_brand?post=22711"},{"taxonomy":"product_cat","embeddable":true,"href":"https:\/\/mamaterra.lt\/de\/wp-json\/wp\/v2\/product_cat?post=22711"},{"taxonomy":"product_tag","embeddable":true,"href":"https:\/\/mamaterra.lt\/de\/wp-json\/wp\/v2\/product_tag?post=22711"}],"curies":[{"name":"wp","href":"https:\/\/api.w.org\/{rel}","templated":true}]}}