{"id":22699,"date":"2021-04-18T16:48:46","date_gmt":"2021-04-18T15:48:46","guid":{"rendered":"https:\/\/mamaterra.lt\/parduotuve\/unkategorisiert\/sibiriniu-keniu-siberian-fir-tyras-doterra-eterinis-aliejus-15ml\/"},"modified":"2024-03-22T21:07:46","modified_gmt":"2024-03-22T20:07:46","slug":"sibirische-tanne-reines-aetherisches-oel-von-doterra-15ml","status":"publish","type":"product","link":"https:\/\/mamaterra.lt\/de\/parduotuve\/essentielle-oele\/reine-aetherische-oele\/sibirische-tanne-reines-aetherisches-oel-von-doterra-15ml\/","title":{"rendered":"Sibirische Tanne Reines \u00c4therisches \u00d6l von doTERRA 15ml"},"content":{"rendered":"<h6 style=\"text-align: left;\">Sibirische Tanne Reines \u00c4therisches \u00d6l von doTERRA<\/h6>\n<p style=\"text-align: left;\">Abies sibirca | 15ml<\/p>\n<p>&nbsp;<\/p>\n<p>Sibirische Tanne Tyro doTERRA \u00c4therisches \u00d6l Beschreibung:<\/p>\n<p>Mit seinem frischen, holzigen Aroma kann das \u00e4therische \u00d6l der Sibirischen Tanne dazu beitragen, ein Gef\u00fchl des emotionalen Gleichgewichts und ein Gef\u00fchl der Positivit\u00e4t zu vermitteln.<\/p>\n<p>Bei der Massage wirkt es schmerzlindernd.<br \/>\nBei der Anwendung auf der Haut lindert es kleinere Hautreizungen<br \/>\nLindert K\u00f6rper- und Muskelschmerzen<\/p>\n<p>&nbsp;<\/p>\n<p>Weitere Informationen \u00fcber das \u00e4therische \u00d6l Sibirische Tanne von doTERRA finden Sie im folgenden Video<\/p>\n<p><iframe title=\"What is Siberian Fir Essential Oil Good For?\" src=\"https:\/\/www.youtube.com\/embed\/6PLm6cX6JEU\" width=\"853\" height=\"480\" frameborder=\"0\" allowfullscreen=\"allowfullscreen\"><\/iframe><\/p>\n","protected":false},"excerpt":{"rendered":"<ul>\n<li style=\"text-align: left;\">Sibirische Tanne kann sehr beruhigend auf die Haut wirken, was es zu einem idealen \u00e4therischen \u00d6l f\u00fcr eine beruhigende Massage macht.<\/li>\n<li style=\"text-align: left;\">Sibirische Tanne kann helfen, das Gef\u00fchl des leichten Atmens zu f\u00f6rdern, w\u00e4hrend es die Emotionen beruhigt und eine erdende Wirkung hat.<\/li>\n<\/ul>\n","protected":false},"featured_media":22700,"template":"","meta":{"site-sidebar-layout":"default","site-content-layout":"default","ast-site-content-layout":"default","site-content-style":"default","site-sidebar-style":"default","ast-global-header-display":"","ast-banner-title-visibility":"","ast-main-header-display":"","ast-hfb-above-header-display":"","ast-hfb-below-header-display":"","ast-hfb-mobile-header-display":"","site-post-title":"","ast-breadcrumbs-content":"","ast-featured-img":"","footer-sml-layout":"","ast-disable-related-posts":"","theme-transparent-header-meta":"default","adv-header-id-meta":"","stick-header-meta":"","header-above-stick-meta":"","header-main-stick-meta":"","header-below-stick-meta":"","astra-migrate-meta-layouts":"set","ast-page-background-enabled":"default","ast-page-background-meta":{"desktop":{"background-color":"","background-image":"","background-repeat":"repeat","background-position":"center center","background-size":"auto","background-attachment":"scroll","background-type":"","background-media":"","overlay-type":"","overlay-color":"","overlay-opacity":"","overlay-gradient":""},"tablet":{"background-color":"","background-image":"","background-repeat":"repeat","background-position":"center center","background-size":"auto","background-attachment":"scroll","background-type":"","background-media":"","overlay-type":"","overlay-color":"","overlay-opacity":"","overlay-gradient":""},"mobile":{"background-color":"","background-image":"","background-repeat":"repeat","background-position":"center center","background-size":"auto","background-attachment":"scroll","background-type":"","background-media":"","overlay-type":"","overlay-color":"","overlay-opacity":"","overlay-gradient":""}},"ast-content-background-meta":{"desktop":{"background-color":"var(--ast-global-color-5)","background-image":"","background-repeat":"repeat","background-position":"center center","background-size":"auto","background-attachment":"scroll","background-type":"","background-media":"","overlay-type":"","overlay-color":"","overlay-opacity":"","overlay-gradient":""},"tablet":{"background-color":"var(--ast-global-color-5)","background-image":"","background-repeat":"repeat","background-position":"center center","background-size":"auto","background-attachment":"scroll","background-type":"","background-media":"","overlay-type":"","overlay-color":"","overlay-opacity":"","overlay-gradient":""},"mobile":{"background-color":"var(--ast-global-color-5)","background-image":"","background-repeat":"repeat","background-position":"center center","background-size":"auto","background-attachment":"scroll","background-type":"","background-media":"","overlay-type":"","overlay-color":"","overlay-opacity":"","overlay-gradient":""}}},"product_brand":[],"product_cat":[1939,2044,1949],"product_tag":[2092,3231,2362],"class_list":{"0":"post-22699","1":"product","2":"type-product","3":"status-publish","4":"has-post-thumbnail","6":"product_cat-essentielle-oele","7":"product_cat-fuer-kinder","8":"product_cat-reine-aetherische-oele","9":"product_tag-15-ml-de","10":"product_tag-essentielle-oele","11":"product_tag-siberian-fir-de","12":"desktop-align-left","13":"tablet-align-left","14":"mobile-align-left","16":"first","17":"instock","18":"taxable","19":"shipping-taxable","20":"purchasable","21":"product-type-simple"},"_links":{"self":[{"href":"https:\/\/mamaterra.lt\/de\/wp-json\/wp\/v2\/product\/22699","targetHints":{"allow":["GET"]}}],"collection":[{"href":"https:\/\/mamaterra.lt\/de\/wp-json\/wp\/v2\/product"}],"about":[{"href":"https:\/\/mamaterra.lt\/de\/wp-json\/wp\/v2\/types\/product"}],"wp:featuredmedia":[{"embeddable":true,"href":"https:\/\/mamaterra.lt\/de\/wp-json\/wp\/v2\/media\/22700"}],"wp:attachment":[{"href":"https:\/\/mamaterra.lt\/de\/wp-json\/wp\/v2\/media?parent=22699"}],"wp:term":[{"taxonomy":"product_brand","embeddable":true,"href":"https:\/\/mamaterra.lt\/de\/wp-json\/wp\/v2\/product_brand?post=22699"},{"taxonomy":"product_cat","embeddable":true,"href":"https:\/\/mamaterra.lt\/de\/wp-json\/wp\/v2\/product_cat?post=22699"},{"taxonomy":"product_tag","embeddable":true,"href":"https:\/\/mamaterra.lt\/de\/wp-json\/wp\/v2\/product_tag?post=22699"}],"curies":[{"name":"wp","href":"https:\/\/api.w.org\/{rel}","templated":true}]}}