{"id":22685,"date":"2021-04-18T16:29:17","date_gmt":"2021-04-18T15:29:17","guid":{"rendered":"https:\/\/mamaterra.lt\/parduotuve\/unkategorisiert\/kedru-cedarwood-tyras-doterra-eterinis-aliejus-15ml\/"},"modified":"2024-03-22T20:56:18","modified_gmt":"2024-03-22T19:56:18","slug":"cedarwood-reines-aetherisches-oel-von-doterra-15ml","status":"publish","type":"product","link":"https:\/\/mamaterra.lt\/de\/parduotuve\/essentielle-oele\/reine-aetherische-oele\/cedarwood-reines-aetherisches-oel-von-doterra-15ml\/","title":{"rendered":"CEDARWOOD Reines \u00e4therisches \u00d6l von doTERRA 15ml"},"content":{"rendered":"<h6>CEDARWOOD Reines \u00e4therisches \u00d6l von doTERRA<\/h6>\n<p>Juniperus virginiana | 15ml<\/p>\n<p>&nbsp;<\/p>\n<p>Das \u00e4therische Zedernholz\u00f6l ist bekannt f\u00fcr seinen satten Farbton und seinen warmen, holzigen Duft und bietet eine Vielzahl von Vorteilen f\u00fcr die Haut. Zedernholz gilt als eines der erdendsten \u00d6le und hilft, eine beruhigende Umgebung am Ende eines langen Tages zu schaffen. Es ist in kalten Klimazonen beheimatet, gedeiht in gro\u00dfen H\u00f6hen und w\u00e4chst bis zu 30 m. Bei \u00e4u\u00dferlicher Anwendung hat Zedernholz kl\u00e4rende Eigenschaften. Au\u00dferdem wird Zedernholz h\u00e4ufig in der Massagetherapie eingesetzt, um K\u00f6rper und Geist zu entspannen und zu beruhigen.<\/p>\n<p><iframe title=\"Cedarwood Essential Oil Uses and Benefits\" src=\"https:\/\/www.youtube.com\/embed\/pvOl8TT64Js\" width=\"853\" height=\"480\" frameborder=\"0\" allowfullscreen=\"allowfullscreen\"><\/iframe><\/p>\n","protected":false},"excerpt":{"rendered":"<ul>\n<li>Massieren Sie vor dem Training ein bis zwei Tropfen auf die Brust, um den Geist zu erden und zu fokussieren, bevor Sie mit dem Training beginnen.<\/li>\n<li>Verbessern Sie das Erscheinungsbild von Hautunreinheiten, indem Sie einen Tropfen direkt auf die betroffene Stelle auftragen.<\/li>\n<li>Verwenden Sie es am Ende eines langen Tages, um das emotionale Gleichgewicht und eine entspannte Umgebung zu f\u00f6rdern.<\/li>\n<\/ul>\n","protected":false},"featured_media":22686,"template":"","meta":{"site-sidebar-layout":"default","site-content-layout":"default","ast-site-content-layout":"default","site-content-style":"default","site-sidebar-style":"default","ast-global-header-display":"","ast-banner-title-visibility":"","ast-main-header-display":"","ast-hfb-above-header-display":"","ast-hfb-below-header-display":"","ast-hfb-mobile-header-display":"","site-post-title":"","ast-breadcrumbs-content":"","ast-featured-img":"","footer-sml-layout":"","ast-disable-related-posts":"","theme-transparent-header-meta":"default","adv-header-id-meta":"","stick-header-meta":"","header-above-stick-meta":"","header-main-stick-meta":"","header-below-stick-meta":"","astra-migrate-meta-layouts":"set","ast-page-background-enabled":"default","ast-page-background-meta":{"desktop":{"background-color":"","background-image":"","background-repeat":"repeat","background-position":"center center","background-size":"auto","background-attachment":"scroll","background-type":"","background-media":"","overlay-type":"","overlay-color":"","overlay-opacity":"","overlay-gradient":""},"tablet":{"background-color":"","background-image":"","background-repeat":"repeat","background-position":"center center","background-size":"auto","background-attachment":"scroll","background-type":"","background-media":"","overlay-type":"","overlay-color":"","overlay-opacity":"","overlay-gradient":""},"mobile":{"background-color":"","background-image":"","background-repeat":"repeat","background-position":"center center","background-size":"auto","background-attachment":"scroll","background-type":"","background-media":"","overlay-type":"","overlay-color":"","overlay-opacity":"","overlay-gradient":""}},"ast-content-background-meta":{"desktop":{"background-color":"var(--ast-global-color-5)","background-image":"","background-repeat":"repeat","background-position":"center center","background-size":"auto","background-attachment":"scroll","background-type":"","background-media":"","overlay-type":"","overlay-color":"","overlay-opacity":"","overlay-gradient":""},"tablet":{"background-color":"var(--ast-global-color-5)","background-image":"","background-repeat":"repeat","background-position":"center center","background-size":"auto","background-attachment":"scroll","background-type":"","background-media":"","overlay-type":"","overlay-color":"","overlay-opacity":"","overlay-gradient":""},"mobile":{"background-color":"var(--ast-global-color-5)","background-image":"","background-repeat":"repeat","background-position":"center center","background-size":"auto","background-attachment":"scroll","background-type":"","background-media":"","overlay-type":"","overlay-color":"","overlay-opacity":"","overlay-gradient":""}}},"product_brand":[],"product_cat":[1939,2044,1959,1999,1949,2004,2014],"product_tag":[2092,2911,3231],"class_list":{"0":"post-22685","1":"product","2":"type-product","3":"status-publish","4":"has-post-thumbnail","6":"product_cat-essentielle-oele","7":"product_cat-fuer-kinder","8":"product_cat-hygiene-und-hautpflege","9":"product_cat-massage-de","10":"product_cat-reine-aetherische-oele","11":"product_cat-schlafen","12":"product_cat-von-muecken-und-zecken","13":"product_tag-15-ml-de","14":"product_tag-cedarwood-de","15":"product_tag-essentielle-oele","16":"desktop-align-left","17":"tablet-align-left","18":"mobile-align-left","20":"first","21":"instock","22":"taxable","23":"shipping-taxable","24":"purchasable","25":"product-type-simple"},"_links":{"self":[{"href":"https:\/\/mamaterra.lt\/de\/wp-json\/wp\/v2\/product\/22685","targetHints":{"allow":["GET"]}}],"collection":[{"href":"https:\/\/mamaterra.lt\/de\/wp-json\/wp\/v2\/product"}],"about":[{"href":"https:\/\/mamaterra.lt\/de\/wp-json\/wp\/v2\/types\/product"}],"wp:featuredmedia":[{"embeddable":true,"href":"https:\/\/mamaterra.lt\/de\/wp-json\/wp\/v2\/media\/22686"}],"wp:attachment":[{"href":"https:\/\/mamaterra.lt\/de\/wp-json\/wp\/v2\/media?parent=22685"}],"wp:term":[{"taxonomy":"product_brand","embeddable":true,"href":"https:\/\/mamaterra.lt\/de\/wp-json\/wp\/v2\/product_brand?post=22685"},{"taxonomy":"product_cat","embeddable":true,"href":"https:\/\/mamaterra.lt\/de\/wp-json\/wp\/v2\/product_cat?post=22685"},{"taxonomy":"product_tag","embeddable":true,"href":"https:\/\/mamaterra.lt\/de\/wp-json\/wp\/v2\/product_tag?post=22685"}],"curies":[{"name":"wp","href":"https:\/\/api.w.org\/{rel}","templated":true}]}}