{"id":22667,"date":"2021-04-18T16:33:36","date_gmt":"2021-04-18T15:33:36","guid":{"rendered":"https:\/\/mamaterra.lt\/parduotuve\/unkategorisiert\/kopaliu-copaiba-tyras-doterra-eterinis-aliejus-15ml\/"},"modified":"2024-03-22T20:22:58","modified_gmt":"2024-03-22T19:22:58","slug":"copaiba-reines-aetherisches-oel-von-doterra-15ml","status":"publish","type":"product","link":"https:\/\/mamaterra.lt\/de\/parduotuve\/essentielle-oele\/reine-aetherische-oele\/copaiba-reines-aetherisches-oel-von-doterra-15ml\/","title":{"rendered":"COPAIBA Reines \u00e4therisches \u00d6l von doTERRA 15ml"},"content":{"rendered":"<h6>COPAIBA Reines \u00e4therisches \u00d6l von doTERRA<\/h6>\n<p>Copaifera reticulata, officinalis, coriacea, langsdorffii | 15ml<\/p>\n<p>&nbsp;<\/p>\n<p>Das \u00e4therische \u00d6l der Copaiba stammt von einem duftenden tropischen Baum, der in S\u00fcdamerika beheimatet ist. Seit dem 16. Jahrhundert wird das \u00e4therische Copaiba-\u00d6l von den Eingeborenen des Nordens und Nordostens Brasiliens in traditionellen Gesundheitspraktiken verwendet. Copaiba-\u00d6l wird wegen seiner hautberuhigenden Eigenschaften h\u00e4ufig in kosmetischen Produkten wie Seifen, Cremes, Lotionen und Parf\u00fcms verwendet. Die topische Anwendung in Kombination mit einem Tr\u00e4ger\u00f6l oder einer Feuchtigkeitscreme f\u00fcr das Gesicht tr\u00e4gt zu einer gesund aussehenden Haut bei.<\/p>\n<p><iframe title=\"Discovering Copaiba Oil: Learn More About the Benefits of doTERRA Copaiba Essential Oil\" src=\"https:\/\/www.youtube.com\/embed\/VtQtsM4qs-0\" width=\"853\" height=\"480\" frameborder=\"0\" allowfullscreen=\"allowfullscreen\"><\/iframe><\/p>\n","protected":false},"excerpt":{"rendered":"<ul>\n<li>Es gilt als eines der n\u00fctzlichsten \u00e4therischen \u00d6le mit unz\u00e4hligen Anwendungen und Vorteilen.<\/li>\n<li>Copaiba ist ein vielseitiges \u00d6l, das auch \u00e4u\u00dferlich angewendet werden kann.<\/li>\n<li>Holziger, harziger und erdiger Duft.<\/li>\n<li>Kann mit einem Tr\u00e4ger\u00f6l oder einer Feuchtigkeitscreme f\u00fcr das Gesicht kombiniert werden, um ein gesundes Aussehen der Haut zu unterst\u00fctzen.<\/li>\n<\/ul>\n","protected":false},"featured_media":22668,"template":"","meta":{"site-sidebar-layout":"default","site-content-layout":"default","ast-site-content-layout":"default","site-content-style":"default","site-sidebar-style":"default","ast-global-header-display":"","ast-banner-title-visibility":"","ast-main-header-display":"","ast-hfb-above-header-display":"","ast-hfb-below-header-display":"","ast-hfb-mobile-header-display":"","site-post-title":"","ast-breadcrumbs-content":"","ast-featured-img":"","footer-sml-layout":"","ast-disable-related-posts":"","theme-transparent-header-meta":"default","adv-header-id-meta":"","stick-header-meta":"","header-above-stick-meta":"","header-main-stick-meta":"","header-below-stick-meta":"","astra-migrate-meta-layouts":"set","ast-page-background-enabled":"default","ast-page-background-meta":{"desktop":{"background-color":"","background-image":"","background-repeat":"repeat","background-position":"center center","background-size":"auto","background-attachment":"scroll","background-type":"","background-media":"","overlay-type":"","overlay-color":"","overlay-opacity":"","overlay-gradient":""},"tablet":{"background-color":"","background-image":"","background-repeat":"repeat","background-position":"center center","background-size":"auto","background-attachment":"scroll","background-type":"","background-media":"","overlay-type":"","overlay-color":"","overlay-opacity":"","overlay-gradient":""},"mobile":{"background-color":"","background-image":"","background-repeat":"repeat","background-position":"center center","background-size":"auto","background-attachment":"scroll","background-type":"","background-media":"","overlay-type":"","overlay-color":"","overlay-opacity":"","overlay-gradient":""}},"ast-content-background-meta":{"desktop":{"background-color":"var(--ast-global-color-5)","background-image":"","background-repeat":"repeat","background-position":"center center","background-size":"auto","background-attachment":"scroll","background-type":"","background-media":"","overlay-type":"","overlay-color":"","overlay-opacity":"","overlay-gradient":""},"tablet":{"background-color":"var(--ast-global-color-5)","background-image":"","background-repeat":"repeat","background-position":"center center","background-size":"auto","background-attachment":"scroll","background-type":"","background-media":"","overlay-type":"","overlay-color":"","overlay-opacity":"","overlay-gradient":""},"mobile":{"background-color":"var(--ast-global-color-5)","background-image":"","background-repeat":"repeat","background-position":"center center","background-size":"auto","background-attachment":"scroll","background-type":"","background-media":"","overlay-type":"","overlay-color":"","overlay-opacity":"","overlay-gradient":""}}},"product_brand":[],"product_cat":[1939,1999,1949,2004,2039,2049],"product_tag":[2092,3291,2848,3231],"class_list":{"0":"post-22667","1":"product","2":"type-product","3":"status-publish","4":"has-post-thumbnail","6":"product_cat-essentielle-oele","7":"product_cat-massage-de","8":"product_cat-reine-aetherische-oele","9":"product_cat-schlafen","10":"product_cat-stressbewaeltigung","11":"product_cat-verdauung","12":"product_tag-15-ml-de","13":"product_tag-beliebt","14":"product_tag-copaiba-de","15":"product_tag-essentielle-oele","16":"desktop-align-left","17":"tablet-align-left","18":"mobile-align-left","20":"first","21":"instock","22":"featured","23":"taxable","24":"shipping-taxable","25":"purchasable","26":"product-type-simple"},"_links":{"self":[{"href":"https:\/\/mamaterra.lt\/de\/wp-json\/wp\/v2\/product\/22667","targetHints":{"allow":["GET"]}}],"collection":[{"href":"https:\/\/mamaterra.lt\/de\/wp-json\/wp\/v2\/product"}],"about":[{"href":"https:\/\/mamaterra.lt\/de\/wp-json\/wp\/v2\/types\/product"}],"wp:featuredmedia":[{"embeddable":true,"href":"https:\/\/mamaterra.lt\/de\/wp-json\/wp\/v2\/media\/22668"}],"wp:attachment":[{"href":"https:\/\/mamaterra.lt\/de\/wp-json\/wp\/v2\/media?parent=22667"}],"wp:term":[{"taxonomy":"product_brand","embeddable":true,"href":"https:\/\/mamaterra.lt\/de\/wp-json\/wp\/v2\/product_brand?post=22667"},{"taxonomy":"product_cat","embeddable":true,"href":"https:\/\/mamaterra.lt\/de\/wp-json\/wp\/v2\/product_cat?post=22667"},{"taxonomy":"product_tag","embeddable":true,"href":"https:\/\/mamaterra.lt\/de\/wp-json\/wp\/v2\/product_tag?post=22667"}],"curies":[{"name":"wp","href":"https:\/\/api.w.org\/{rel}","templated":true}]}}