{"id":22643,"date":"2021-09-11T13:04:35","date_gmt":"2021-09-11T12:04:35","guid":{"rendered":"https:\/\/mamaterra.lt\/parduotuve\/unkategorisiert\/doterra-tamer-eteriniu-alieju-misinys-10ml\/"},"modified":"2024-03-18T21:03:02","modified_gmt":"2024-03-18T20:03:02","slug":"doterra-tamer-aetherische-oelmischung-fuer-die-verdauung-10ml","status":"publish","type":"product","link":"https:\/\/mamaterra.lt\/de\/parduotuve\/essentielle-oele\/aetherische-oelmischungen\/doterra-tamer-aetherische-oelmischung-fuer-die-verdauung-10ml\/","title":{"rendered":"doTERRA Tamer\u2122 \u00c4therische \u00d6lmischung f\u00fcr die Verdauung 10ml"},"content":{"rendered":"<p><strong>doTERRA Tamer\u2122 \u00c4therische \u00d6lmischung f\u00fcr die Verdauung\u00a0<\/strong><\/p>\n<p>10 ml Flasche mit Kugelapplikator<\/p>\n<p>&nbsp;<\/p>\n<p>Die Tamer-Mischung kombiniert die einzigartigen wohltuenden Eigenschaften von \u00e4therischen CPTG-\u00d6len wie Minze, japanischer Pfefferminze und Ingwer mit fraktioniertem Kokosnuss\u00f6l von doTERRA. In Kombination sorgen diese \u00d6le f\u00fcr ein Gef\u00fchl der Leichtigkeit nach einer herzhaften Mahlzeit.<\/p>\n<p>Allgemeine Eigenschaften von doTERRA Tamer\u2122 Essential Oil Blend:<\/p>\n<p>Beruhigendes Aroma, damit Sie sich besser f\u00fchlen, wenn Sie es am meisten brauchen<br \/>\nErm\u00f6glicht eine wohltuende Massage des Bauches<br \/>\nVerd\u00fcnnt mit doTERRA fraktioniertem Kokosnuss\u00f6l, ideal f\u00fcr Kinder und Menschen mit empfindlicher Haut<br \/>\nDer praktische Kugelapplikator erleichtert das Auftragen der Mischung auf die Problemzonen<\/p>\n<p>&nbsp;<\/p>\n<p>&nbsp;<\/p>\n<p><iframe title=\"NEW doTERRA Tamer\u2122 Essential Oil for KIDS\" src=\"https:\/\/www.youtube.com\/embed\/5TQ5R2oOUYU\" width=\"946\" height=\"532\" frameborder=\"0\" allowfullscreen=\"allowfullscreen\"><\/iframe><\/p>\n","protected":false},"excerpt":{"rendered":"<ul>\n<li>Beruhigendes Aroma, damit Sie sich besser f\u00fchlen, wenn Sie es am meisten brauchen<\/li>\n<li>Erm\u00f6glicht eine wohltuende Massage des Bauches<\/li>\n<li>Verd\u00fcnnt mit doTERRA fraktioniertem Kokosnuss\u00f6l, ideal f\u00fcr Kinder und Menschen mit empfindlicher Haut<\/li>\n<li>Der praktische Kugelapplikator erleichtert das Auftragen der Mischung auf die Problemzonen<\/li>\n<\/ul>\n","protected":false},"featured_media":22644,"template":"","meta":{"site-sidebar-layout":"default","site-content-layout":"default","ast-site-content-layout":"default","site-content-style":"default","site-sidebar-style":"default","ast-global-header-display":"","ast-banner-title-visibility":"","ast-main-header-display":"","ast-hfb-above-header-display":"","ast-hfb-below-header-display":"","ast-hfb-mobile-header-display":"","site-post-title":"","ast-breadcrumbs-content":"","ast-featured-img":"","footer-sml-layout":"","ast-disable-related-posts":"","theme-transparent-header-meta":"default","adv-header-id-meta":"","stick-header-meta":"","header-above-stick-meta":"","header-main-stick-meta":"","header-below-stick-meta":"","astra-migrate-meta-layouts":"set","ast-page-background-enabled":"default","ast-page-background-meta":{"desktop":{"background-color":"","background-image":"","background-repeat":"repeat","background-position":"center center","background-size":"auto","background-attachment":"scroll","background-type":"","background-media":"","overlay-type":"","overlay-color":"","overlay-opacity":"","overlay-gradient":""},"tablet":{"background-color":"","background-image":"","background-repeat":"repeat","background-position":"center center","background-size":"auto","background-attachment":"scroll","background-type":"","background-media":"","overlay-type":"","overlay-color":"","overlay-opacity":"","overlay-gradient":""},"mobile":{"background-color":"","background-image":"","background-repeat":"repeat","background-position":"center center","background-size":"auto","background-attachment":"scroll","background-type":"","background-media":"","overlay-type":"","overlay-color":"","overlay-opacity":"","overlay-gradient":""}},"ast-content-background-meta":{"desktop":{"background-color":"var(--ast-global-color-5)","background-image":"","background-repeat":"repeat","background-position":"center center","background-size":"auto","background-attachment":"scroll","background-type":"","background-media":"","overlay-type":"","overlay-color":"","overlay-opacity":"","overlay-gradient":""},"tablet":{"background-color":"var(--ast-global-color-5)","background-image":"","background-repeat":"repeat","background-position":"center center","background-size":"auto","background-attachment":"scroll","background-type":"","background-media":"","overlay-type":"","overlay-color":"","overlay-opacity":"","overlay-gradient":""},"mobile":{"background-color":"var(--ast-global-color-5)","background-image":"","background-repeat":"repeat","background-position":"center center","background-size":"auto","background-attachment":"scroll","background-type":"","background-media":"","overlay-type":"","overlay-color":"","overlay-opacity":"","overlay-gradient":""}}},"product_brand":[],"product_cat":[1944,2044,2049],"product_tag":[2072,3236,3346,2389],"class_list":{"0":"post-22643","1":"product","2":"type-product","3":"status-publish","4":"has-post-thumbnail","6":"product_cat-aetherische-oelmischungen","7":"product_cat-fuer-kinder","8":"product_cat-verdauung","9":"product_tag-10-ml-de","10":"product_tag-aetherische-oelmischungen","11":"product_tag-fuer-kinder","12":"product_tag-tamer-de","13":"desktop-align-left","14":"tablet-align-left","15":"mobile-align-left","17":"first","18":"instock","19":"taxable","20":"shipping-taxable","21":"purchasable","22":"product-type-simple"},"_links":{"self":[{"href":"https:\/\/mamaterra.lt\/de\/wp-json\/wp\/v2\/product\/22643","targetHints":{"allow":["GET"]}}],"collection":[{"href":"https:\/\/mamaterra.lt\/de\/wp-json\/wp\/v2\/product"}],"about":[{"href":"https:\/\/mamaterra.lt\/de\/wp-json\/wp\/v2\/types\/product"}],"wp:featuredmedia":[{"embeddable":true,"href":"https:\/\/mamaterra.lt\/de\/wp-json\/wp\/v2\/media\/22644"}],"wp:attachment":[{"href":"https:\/\/mamaterra.lt\/de\/wp-json\/wp\/v2\/media?parent=22643"}],"wp:term":[{"taxonomy":"product_brand","embeddable":true,"href":"https:\/\/mamaterra.lt\/de\/wp-json\/wp\/v2\/product_brand?post=22643"},{"taxonomy":"product_cat","embeddable":true,"href":"https:\/\/mamaterra.lt\/de\/wp-json\/wp\/v2\/product_cat?post=22643"},{"taxonomy":"product_tag","embeddable":true,"href":"https:\/\/mamaterra.lt\/de\/wp-json\/wp\/v2\/product_tag?post=22643"}],"curies":[{"name":"wp","href":"https:\/\/api.w.org\/{rel}","templated":true}]}}