{"id":22630,"date":"2021-11-04T19:34:51","date_gmt":"2021-11-04T18:34:51","guid":{"rendered":"https:\/\/mamaterra.lt\/parduotuve\/unkategorisiert\/lumo-difuzorius-ir-doterra-serenity-eteriniu-alieju-misinys-15ml\/"},"modified":"2024-03-17T22:03:21","modified_gmt":"2024-03-17T21:03:21","slug":"diffusor-lumo-und-doterra-serenity-aetherische-oelmischung-15ml","status":"publish","type":"product","link":"https:\/\/mamaterra.lt\/de\/parduotuve\/essentielle-oele\/aetherische-oelmischungen\/diffusor-lumo-und-doterra-serenity-aetherische-oelmischung-15ml\/","title":{"rendered":"Diffusor Lumo und doTERRA Serenity\u2122 \u00c4therische \u00d6lmischung 15ml"},"content":{"rendered":"<p><strong>Diffusor Lumo und doTERRA Serenity\u2122 \u00c4therische \u00d6lmischung 15ml<\/strong><\/p>\n<p>doTERRA Diffusor Lumo<\/p>\n<p>Der von der Natur inspirierte Lumo Diffusor verf\u00fcgt \u00fcber einen Sockel aus Ahornholz und verschiedene Lichteinstellungen, die von nat\u00fcrlichen Elementen inspiriert sind. Er verf\u00fcgt \u00fcber einen Dauerbetrieb von 2 und 5 Stunden und einen intermittierenden Betrieb von 10 Stunden (5 Min. Blasen, 5 Min. nicht Blasen).<\/p>\n<p>Wie andere DoTERRA Diffusoren ist der Lumo Diffusor ein Ultraschall-Diffusor. Ultraschall-Diffusoren verwenden Wasser und elektronische Frequenzen, um einen feinen Nebel aus \u00e4therischem \u00d6l und Wasser zu erzeugen. Die Ultraschallschwingungen erzeugen eine kleine Scheibe unter der Wasseroberfl\u00e4che, die das \u00e4therische \u00d6l in winzige Mikropartikel aufspaltet, die vom K\u00f6rper leichter aufgenommen werden k\u00f6nnen.<\/p>\n<p>Ideal f\u00fcr einen Raum von bis zu 25 Quadratmetern.<br \/>\ndoTERRA Serenity ist eine Mischung aus beruhigenden \u00e4therischen \u00d6len, die Ihnen hilft, Ihre Sorgen zu vergessen und sich vor dem Schlafengehen zu entspannen.<br \/>\nBeide Produkte sind im modernen Haushalt das ganze Jahr \u00fcber unverzichtbar.<br \/>\nDie \u00e4therische \u00d6lmischung Serenity f\u00f6rdert den Abbau von Stress, \u00c4ngsten und \u00dcberarbeitung.<br \/>\nSerenity kann denjenigen helfen, die unter Hyperaktivit\u00e4t leiden und sich nur schwer entspannen k\u00f6nnen, und hilft, Gedanken und Unruhe zu beruhigen und Gef\u00fchle des Friedens zu f\u00f6rdern.<\/p>\n<p>Top-Verwendung f\u00fcr doTERRA Serenity\u2122 Essential Oil Blend:<\/p>\n<p>Schlaflosigkeit und Schlafprobleme &#8211; zum Dampfen, unter der Nase auftragen oder auf ein Kissen, Kinderspielzeug oder nach Verd\u00fcnnung mit Pflanzen\u00f6l auf die F\u00fc\u00dfe auftropfen.<br \/>\nStress &#8211; unter der Nase auftragen, aus den Handfl\u00e4chen inhalieren, auf den Nacken auftragen und\/oder verdampfen.<br \/>\nUnruhige Babys und unruhige\/m\u00fcde Kinder &#8211; verdampfen, auf Wirbels\u00e4ule und F\u00fc\u00dfe auftragen.<br \/>\nVerspannungen und Stimmungsschwankungen &#8211; aus den Handfl\u00e4chen inhalieren, tags\u00fcber verdampfen und auf Brust, Hals, Handgelenke hinter den Ohren auftragen.<br \/>\nMuskelverspannungen &#8211; auf die Problemzonen auftragen.<br \/>\nNervosit\u00e4t und \u00c4ngste lindern &#8211; im Nacken, hinter den Ohren und auf den Handgelenken auftragen, verdampfen und aus den Handfl\u00e4chen inhalieren.<br \/>\nBeruhigendes Bad vor dem Schlafengehen &#8211; in die Badewanne tropfen, mit Meersalz, Bittersalz, Basis\u00f6len, Honig usw. verwenden.<br \/>\nVor dem Auftragen auf den K\u00f6rper mit einem Basis\u00f6l verd\u00fcnnen.<br \/>\nF\u00fcr Babys einen Tropfen Serenity und einen oder zwei Essl\u00f6ffel Basis\u00f6l verwenden.<br \/>\nF\u00fcr ein Kleinkind 1 Tropfen Serenity und einen Essl\u00f6ffel Basis\u00f6l<\/p>\n<p><iframe title=\"doTERRA Lumo Diffuser Review\" src=\"https:\/\/www.youtube.com\/embed\/huY5AIQFDlc\" width=\"946\" height=\"532\" frameborder=\"0\" allowfullscreen=\"allowfullscreen\"><\/iframe><\/p>\n","protected":false},"excerpt":{"rendered":"<p>Die Ultraschallschwingungen erzeugen eine kleine Scheibe unter der Wasseroberfl\u00e4che, die das \u00e4therische \u00d6l in winzige Mikropartikel aufspaltet, die vom K\u00f6rper leichter aufgenommen werden k\u00f6nnen.<\/p>\n","protected":false},"featured_media":22631,"template":"","meta":{"site-sidebar-layout":"default","site-content-layout":"default","ast-site-content-layout":"default","site-content-style":"default","site-sidebar-style":"default","ast-global-header-display":"","ast-banner-title-visibility":"","ast-main-header-display":"","ast-hfb-above-header-display":"","ast-hfb-below-header-display":"","ast-hfb-mobile-header-display":"","site-post-title":"","ast-breadcrumbs-content":"","ast-featured-img":"","footer-sml-layout":"","ast-disable-related-posts":"","theme-transparent-header-meta":"default","adv-header-id-meta":"","stick-header-meta":"","header-above-stick-meta":"","header-main-stick-meta":"","header-below-stick-meta":"","astra-migrate-meta-layouts":"set","ast-page-background-enabled":"default","ast-page-background-meta":{"desktop":{"background-color":"","background-image":"","background-repeat":"repeat","background-position":"center center","background-size":"auto","background-attachment":"scroll","background-type":"","background-media":"","overlay-type":"","overlay-color":"","overlay-opacity":"","overlay-gradient":""},"tablet":{"background-color":"","background-image":"","background-repeat":"repeat","background-position":"center center","background-size":"auto","background-attachment":"scroll","background-type":"","background-media":"","overlay-type":"","overlay-color":"","overlay-opacity":"","overlay-gradient":""},"mobile":{"background-color":"","background-image":"","background-repeat":"repeat","background-position":"center center","background-size":"auto","background-attachment":"scroll","background-type":"","background-media":"","overlay-type":"","overlay-color":"","overlay-opacity":"","overlay-gradient":""}},"ast-content-background-meta":{"desktop":{"background-color":"var(--ast-global-color-5)","background-image":"","background-repeat":"repeat","background-position":"center center","background-size":"auto","background-attachment":"scroll","background-type":"","background-media":"","overlay-type":"","overlay-color":"","overlay-opacity":"","overlay-gradient":""},"tablet":{"background-color":"var(--ast-global-color-5)","background-image":"","background-repeat":"repeat","background-position":"center center","background-size":"auto","background-attachment":"scroll","background-type":"","background-media":"","overlay-type":"","overlay-color":"","overlay-opacity":"","overlay-gradient":""},"mobile":{"background-color":"var(--ast-global-color-5)","background-image":"","background-repeat":"repeat","background-position":"center center","background-size":"auto","background-attachment":"scroll","background-type":"","background-media":"","overlay-type":"","overlay-color":"","overlay-opacity":"","overlay-gradient":""}}},"product_brand":[],"product_cat":[1944,1919,1939,2004],"product_tag":[2098,3236,3221,2642],"class_list":{"0":"post-22630","1":"product","2":"type-product","3":"status-publish","4":"has-post-thumbnail","6":"product_cat-aetherische-oelmischungen","7":"product_cat-diffusoren","8":"product_cat-essentielle-oele","9":"product_cat-schlafen","10":"product_tag-15ml-de","11":"product_tag-aetherische-oelmischungen","12":"product_tag-diffusor","13":"product_tag-lumo-de","14":"desktop-align-left","15":"tablet-align-left","16":"mobile-align-left","18":"first","19":"instock","20":"taxable","21":"shipping-taxable","22":"purchasable","23":"product-type-simple"},"_links":{"self":[{"href":"https:\/\/mamaterra.lt\/de\/wp-json\/wp\/v2\/product\/22630","targetHints":{"allow":["GET"]}}],"collection":[{"href":"https:\/\/mamaterra.lt\/de\/wp-json\/wp\/v2\/product"}],"about":[{"href":"https:\/\/mamaterra.lt\/de\/wp-json\/wp\/v2\/types\/product"}],"wp:featuredmedia":[{"embeddable":true,"href":"https:\/\/mamaterra.lt\/de\/wp-json\/wp\/v2\/media\/22631"}],"wp:attachment":[{"href":"https:\/\/mamaterra.lt\/de\/wp-json\/wp\/v2\/media?parent=22630"}],"wp:term":[{"taxonomy":"product_brand","embeddable":true,"href":"https:\/\/mamaterra.lt\/de\/wp-json\/wp\/v2\/product_brand?post=22630"},{"taxonomy":"product_cat","embeddable":true,"href":"https:\/\/mamaterra.lt\/de\/wp-json\/wp\/v2\/product_cat?post=22630"},{"taxonomy":"product_tag","embeddable":true,"href":"https:\/\/mamaterra.lt\/de\/wp-json\/wp\/v2\/product_tag?post=22630"}],"curies":[{"name":"wp","href":"https:\/\/api.w.org\/{rel}","templated":true}]}}