{"id":22572,"date":"2023-01-01T20:32:52","date_gmt":"2023-01-01T19:32:52","guid":{"rendered":"https:\/\/mamaterra.lt\/parduotuve\/unkategorisiert\/doterra-supermint-touch-eteriniu-alieju-misinys\/"},"modified":"2024-04-04T18:28:47","modified_gmt":"2024-04-04T17:28:47","slug":"doterra-supermint-touch-eteriniu-alieju-misinys","status":"publish","type":"product","link":"https:\/\/mamaterra.lt\/de\/parduotuve\/essentielle-oele\/aetherische-oelmischungen\/doterra-supermint-touch-eteriniu-alieju-misinys\/","title":{"rendered":"doTERRA SuperMint\u2122 Touch Eterini\u0173 Aliej\u0173 Mi\u0161inys"},"content":{"rendered":"<p><strong>doTERRA SuperMint Eterini\u0173 Aliej\u0173 Mi\u0161inys <\/strong><\/p>\n<p>10ml<\/p>\n<p>&nbsp;<\/p>\n<p><strong>doTERRA SuperMint Eterini\u0173 Aliej\u0173 Mi\u0161inio Sud\u0117tis:<\/strong><\/p>\n<p>doTERRA SuperMint Touch sud\u0117tyje yra puikiausi\u0173 m\u0117tini\u0173 aliej\u0173, sukurian\u010di\u0173 itin ry\u0161k\u0173, gaiv\u0173 ir patraukl\u0173 mi\u0161in\u012f. Jo saldus m\u0117tinis ir \u017eolinis aromatas sujungia CPTG\u2122 Peppermint (Pipirm\u0117\u010di\u0173), Japanese Mint (Kanadini\u0173 m\u0117t\u0173), Bergamot Mint (Pipirin\u0117s m\u0117tos citrininio por\u016b\u0161io) ir Spearmint (\u0160altm\u0117\u010di\u0173) eterinius aliejus Fractionated Coconut Oil (Frakcionuotame kokos\u0173 aliejuje) ir yra tiekiamas paruo\u0161tas naudoti patogiame buteliuke su rutuliniu aplikatoriumi. Naudojamas ant odos, SuperMint Touch v\u0117sina od\u0105 ir skleid\u017eia \u017evalumo bei energijos suteikiant\u012f aromat\u0105. Prireikus gyvybingumo u\u017etaiso, naudokite \u0161\u012f mi\u0161in\u012f bet kuriuo dienos metu ir m\u0117gaukit\u0117s veiksmingai gaivinan\u010diomis jo savyb\u0117mis.<\/p>\n<p>Mi\u0161in\u012f sudaro Peppermint (Pipirm\u0117\u010di\u0173), Japanese Mint (Kanadini\u0173 m\u0117t\u0173), Bergamot Mint (Pipirin\u0117s m\u0117tos citrininio por\u016b\u0161io) ir Spearmint (\u0160altm\u0117\u010di\u0173) eteriniai aliejai Fractionated Coconut Oil (Frakcionuotame kokos\u0173 aliejuje).<\/p>\n<p>&nbsp;<\/p>\n<ul>\n<li>Naudojamas ant odos, d\u0117l didelio sud\u0117tyje esan\u010dio mentolio kiekio mi\u0161inys gali sukelti od\u0105 v\u0117sinant\u012f poj\u016bt\u012f.<\/li>\n<li>Naudojant masa\u017eui, Fractionated Coconut Oil (Frakcionuotas kokos\u0173 aliejus) tampa raminan\u010diu pagrindu.<\/li>\n<li>Nepakei\u010diama priemon\u0117 po treniruot\u0117s, padedanti atsigaivinti.<\/li>\n<li>\u017dolin\u0117 m\u0117tini\u0173 eterini\u0173 aliej\u0173 sintez\u0117, kuri taps gyvybingumo u\u017etaisu bet kuriuo dienos metu.<\/li>\n<\/ul>\n<p><strong>doTERRA SuperMint Eterini\u0173 Aliej\u0173 Mi\u0161inio Naudojimas: <\/strong><\/p>\n<ul>\n<li>SuperMint Touch nuramins od\u0105 po ilgo deginimosi saul\u0117je.<\/li>\n<li>Naudokite SuperMint Touch prie\u0161 ilgai trunkan\u010dias aktyvias veiklas \u2013 \u0161is mi\u0161inys pad\u0117s u\u017etikrinti ai\u0161k\u0173 prot\u0105 ir sustiprins i\u0161tverm\u0119.<\/li>\n<li>Naudokite skausm\u0105 mal\u0161inan\u010diam, v\u0117sinan\u010diam masa\u017eui ir m\u0117gaukit\u0117s gaivinan\u010diu poj\u016b\u010diu po treniruot\u0117s. Tepkite pulsuojan\u010dias vietas ir m\u0117gaukit\u0117s \u017evalumo ir energijos suteikian\u010diu aromatu.<\/li>\n<li>Tepkite norimas sritis. Nor\u0117dami suma\u017einti galim\u0105 odos jautrum\u0105, dar atskieskite baziniu aliejumi. Atsargumo priemones galite rasti toliau.<\/li>\n<\/ul>\n","protected":false},"excerpt":{"rendered":"<ul>\n<li>Naudojamas ant odos, d\u0117l didelio sud\u0117tyje esan\u010dio mentolio kiekio mi\u0161inys gali sukelti od\u0105 v\u0117sinant\u012f poj\u016bt\u012f.<\/li>\n<li>Naudojant masa\u017eui, Fractionated Coconut Oil (Frakcionuotas kokos\u0173 aliejus) tampa raminan\u010diu pagrindu.<\/li>\n<li>Nepakei\u010diama priemon\u0117 po treniruot\u0117s, padedanti atsigaivinti.<\/li>\n<li>\u017dolin\u0117 m\u0117tini\u0173 eterini\u0173 aliej\u0173 sintez\u0117, kuri taps gyvybingumo u\u017etaisu bet kuriuo dienos metu.<\/li>\n<\/ul>\n","protected":false},"featured_media":22574,"template":"","meta":{"site-sidebar-layout":"default","site-content-layout":"","ast-site-content-layout":"default","site-content-style":"default","site-sidebar-style":"default","ast-global-header-display":"","ast-banner-title-visibility":"","ast-main-header-display":"","ast-hfb-above-header-display":"","ast-hfb-below-header-display":"","ast-hfb-mobile-header-display":"","site-post-title":"","ast-breadcrumbs-content":"","ast-featured-img":"","footer-sml-layout":"","ast-disable-related-posts":"","theme-transparent-header-meta":"","adv-header-id-meta":"","stick-header-meta":"","header-above-stick-meta":"","header-main-stick-meta":"","header-below-stick-meta":"","astra-migrate-meta-layouts":"set","ast-page-background-enabled":"default","ast-page-background-meta":{"desktop":{"background-color":"","background-image":"","background-repeat":"repeat","background-position":"center center","background-size":"auto","background-attachment":"scroll","background-type":"","background-media":"","overlay-type":"","overlay-color":"","overlay-opacity":"","overlay-gradient":""},"tablet":{"background-color":"","background-image":"","background-repeat":"repeat","background-position":"center center","background-size":"auto","background-attachment":"scroll","background-type":"","background-media":"","overlay-type":"","overlay-color":"","overlay-opacity":"","overlay-gradient":""},"mobile":{"background-color":"","background-image":"","background-repeat":"repeat","background-position":"center center","background-size":"auto","background-attachment":"scroll","background-type":"","background-media":"","overlay-type":"","overlay-color":"","overlay-opacity":"","overlay-gradient":""}},"ast-content-background-meta":{"desktop":{"background-color":"var(--ast-global-color-5)","background-image":"","background-repeat":"repeat","background-position":"center center","background-size":"auto","background-attachment":"scroll","background-type":"","background-media":"","overlay-type":"","overlay-color":"","overlay-opacity":"","overlay-gradient":""},"tablet":{"background-color":"var(--ast-global-color-5)","background-image":"","background-repeat":"repeat","background-position":"center center","background-size":"auto","background-attachment":"scroll","background-type":"","background-media":"","overlay-type":"","overlay-color":"","overlay-opacity":"","overlay-gradient":""},"mobile":{"background-color":"var(--ast-global-color-5)","background-image":"","background-repeat":"repeat","background-position":"center center","background-size":"auto","background-attachment":"scroll","background-type":"","background-media":"","overlay-type":"","overlay-color":"","overlay-opacity":"","overlay-gradient":""}}},"product_brand":[],"product_cat":[1944,1939,1994,2049],"product_tag":[3236,3231,3047],"class_list":{"0":"post-22572","1":"product","2":"type-product","3":"status-publish","4":"has-post-thumbnail","6":"product_cat-aetherische-oelmischungen","7":"product_cat-essentielle-oele","8":"product_cat-konzentration","9":"product_cat-verdauung","10":"product_tag-aetherische-oelmischungen","11":"product_tag-essentielle-oele","12":"product_tag-supermint-supermint-touch-de","13":"desktop-align-left","14":"tablet-align-left","15":"mobile-align-left","17":"first","18":"instock","19":"taxable","20":"shipping-taxable","21":"product-type-simple"},"_links":{"self":[{"href":"https:\/\/mamaterra.lt\/de\/wp-json\/wp\/v2\/product\/22572","targetHints":{"allow":["GET"]}}],"collection":[{"href":"https:\/\/mamaterra.lt\/de\/wp-json\/wp\/v2\/product"}],"about":[{"href":"https:\/\/mamaterra.lt\/de\/wp-json\/wp\/v2\/types\/product"}],"wp:featuredmedia":[{"embeddable":true,"href":"https:\/\/mamaterra.lt\/de\/wp-json\/wp\/v2\/media\/22574"}],"wp:attachment":[{"href":"https:\/\/mamaterra.lt\/de\/wp-json\/wp\/v2\/media?parent=22572"}],"wp:term":[{"taxonomy":"product_brand","embeddable":true,"href":"https:\/\/mamaterra.lt\/de\/wp-json\/wp\/v2\/product_brand?post=22572"},{"taxonomy":"product_cat","embeddable":true,"href":"https:\/\/mamaterra.lt\/de\/wp-json\/wp\/v2\/product_cat?post=22572"},{"taxonomy":"product_tag","embeddable":true,"href":"https:\/\/mamaterra.lt\/de\/wp-json\/wp\/v2\/product_tag?post=22572"}],"curies":[{"name":"wp","href":"https:\/\/api.w.org\/{rel}","templated":true}]}}