{"id":22558,"date":"2021-09-11T13:05:42","date_gmt":"2021-09-11T12:05:42","guid":{"rendered":"https:\/\/mamaterra.lt\/parduotuve\/unkategorisiert\/doterra-thinker-susikaupti-padedantis-eteriniu-alieju-misinys-10ml\/"},"modified":"2024-03-17T20:50:55","modified_gmt":"2024-03-17T19:50:55","slug":"doterra-thinker-konzentrationsfoerdernde-aetherische-oelmischung-10ml","status":"publish","type":"product","link":"https:\/\/mamaterra.lt\/de\/parduotuve\/essentielle-oele\/aetherische-oelmischungen\/doterra-thinker-konzentrationsfoerdernde-aetherische-oelmischung-10ml\/","title":{"rendered":"doTERRA Thinker Konzentrationsf\u00f6rdernde \u00e4therische \u00d6lmischung 10ml"},"content":{"rendered":"<h6>doTERRA Thinker Konzentrationsf\u00f6rdernde \u00e4therische \u00d6lmischung<\/h6>\n<p>10 ml Flasche mit Kugelapplikator<\/p>\n<p>doTERRA Thinker\u2122 \u00c4therische \u00d6lmischung Zutaten:<\/p>\n<p>\u00c4therische \u00d6le aus Goldwurzel, Clementine, Pfefferminze und Rosmarin in fraktioniertem Kokosnuss\u00f6l<\/p>\n<p>doTERRA Thinker\u2122 Essential Oil Blend Allgemeine Eigenschaften:<\/p>\n<p>Wenn es an der Zeit ist, kreativ zu werden und sich zu konzentrieren, wird doTERRA Thinker Ihre geistigen F\u00e4higkeiten verbessern und Ihnen beim Lernen helfen.<br \/>\nSie haben es immer zur Hand, wenn es wichtig ist, sich zu konzentrieren und bei der Sache zu bleiben.<br \/>\nTragen Sie es auf Ihre Handgelenke oder H\u00e4nde auf und inhalieren Sie es: Das bringt Klarheit und Wachsamkeit<\/p>\n<p><iframe title=\"Great doTERRA Thinker Oil Blend Uses\" src=\"https:\/\/www.youtube.com\/embed\/voVLtRugukk\" width=\"946\" height=\"532\" frameborder=\"0\" allowfullscreen=\"allowfullscreen\"><\/iframe><\/p>\n","protected":false},"excerpt":{"rendered":"<ul>\n<li>Wenn es an der Zeit ist, kreativ zu werden und sich zu konzentrieren, wird doTERRA Thinker Ihre geistigen F\u00e4higkeiten verbessern und Ihnen beim Lernen helfen.<\/li>\n<li>Sie haben es immer zur Hand, wenn es wichtig ist, sich zu konzentrieren und bei der Sache zu bleiben.<\/li>\n<li>Tragen Sie es auf Ihre Handgelenke oder H\u00e4nde auf und inhalieren Sie es: Das bringt Klarheit und Wachsamkeit<\/li>\n<\/ul>\n","protected":false},"featured_media":22559,"template":"","meta":{"site-sidebar-layout":"default","site-content-layout":"default","ast-site-content-layout":"default","site-content-style":"default","site-sidebar-style":"default","ast-global-header-display":"","ast-banner-title-visibility":"","ast-main-header-display":"","ast-hfb-above-header-display":"","ast-hfb-below-header-display":"","ast-hfb-mobile-header-display":"","site-post-title":"","ast-breadcrumbs-content":"","ast-featured-img":"","footer-sml-layout":"","ast-disable-related-posts":"","theme-transparent-header-meta":"default","adv-header-id-meta":"","stick-header-meta":"","header-above-stick-meta":"","header-main-stick-meta":"","header-below-stick-meta":"","astra-migrate-meta-layouts":"set","ast-page-background-enabled":"default","ast-page-background-meta":{"desktop":{"background-color":"","background-image":"","background-repeat":"repeat","background-position":"center center","background-size":"auto","background-attachment":"scroll","background-type":"","background-media":"","overlay-type":"","overlay-color":"","overlay-opacity":"","overlay-gradient":""},"tablet":{"background-color":"","background-image":"","background-repeat":"repeat","background-position":"center center","background-size":"auto","background-attachment":"scroll","background-type":"","background-media":"","overlay-type":"","overlay-color":"","overlay-opacity":"","overlay-gradient":""},"mobile":{"background-color":"","background-image":"","background-repeat":"repeat","background-position":"center center","background-size":"auto","background-attachment":"scroll","background-type":"","background-media":"","overlay-type":"","overlay-color":"","overlay-opacity":"","overlay-gradient":""}},"ast-content-background-meta":{"desktop":{"background-color":"var(--ast-global-color-5)","background-image":"","background-repeat":"repeat","background-position":"center center","background-size":"auto","background-attachment":"scroll","background-type":"","background-media":"","overlay-type":"","overlay-color":"","overlay-opacity":"","overlay-gradient":""},"tablet":{"background-color":"var(--ast-global-color-5)","background-image":"","background-repeat":"repeat","background-position":"center center","background-size":"auto","background-attachment":"scroll","background-type":"","background-media":"","overlay-type":"","overlay-color":"","overlay-opacity":"","overlay-gradient":""},"mobile":{"background-color":"var(--ast-global-color-5)","background-image":"","background-repeat":"repeat","background-position":"center center","background-size":"auto","background-attachment":"scroll","background-type":"","background-media":"","overlay-type":"","overlay-color":"","overlay-opacity":"","overlay-gradient":""}}},"product_brand":[],"product_cat":[1944,2044,1994],"product_tag":[2072,3236,3346,2431],"class_list":{"0":"post-22558","1":"product","2":"type-product","3":"status-publish","4":"has-post-thumbnail","6":"product_cat-aetherische-oelmischungen","7":"product_cat-fuer-kinder","8":"product_cat-konzentration","9":"product_tag-10-ml-de","10":"product_tag-aetherische-oelmischungen","11":"product_tag-fuer-kinder","12":"product_tag-thinker-de","13":"desktop-align-left","14":"tablet-align-left","15":"mobile-align-left","17":"first","18":"instock","19":"taxable","20":"shipping-taxable","21":"purchasable","22":"product-type-simple"},"_links":{"self":[{"href":"https:\/\/mamaterra.lt\/de\/wp-json\/wp\/v2\/product\/22558","targetHints":{"allow":["GET"]}}],"collection":[{"href":"https:\/\/mamaterra.lt\/de\/wp-json\/wp\/v2\/product"}],"about":[{"href":"https:\/\/mamaterra.lt\/de\/wp-json\/wp\/v2\/types\/product"}],"wp:featuredmedia":[{"embeddable":true,"href":"https:\/\/mamaterra.lt\/de\/wp-json\/wp\/v2\/media\/22559"}],"wp:attachment":[{"href":"https:\/\/mamaterra.lt\/de\/wp-json\/wp\/v2\/media?parent=22558"}],"wp:term":[{"taxonomy":"product_brand","embeddable":true,"href":"https:\/\/mamaterra.lt\/de\/wp-json\/wp\/v2\/product_brand?post=22558"},{"taxonomy":"product_cat","embeddable":true,"href":"https:\/\/mamaterra.lt\/de\/wp-json\/wp\/v2\/product_cat?post=22558"},{"taxonomy":"product_tag","embeddable":true,"href":"https:\/\/mamaterra.lt\/de\/wp-json\/wp\/v2\/product_tag?post=22558"}],"curies":[{"name":"wp","href":"https:\/\/api.w.org\/{rel}","templated":true}]}}