{"id":22546,"date":"2021-09-11T13:02:50","date_gmt":"2021-09-11T12:02:50","guid":{"rendered":"https:\/\/mamaterra.lt\/parduotuve\/unkategorisiert\/doterra-stronger-eteriniu-alieju-misinys-10ml\/"},"modified":"2024-03-17T20:36:46","modified_gmt":"2024-03-17T19:36:46","slug":"doterra-stronger-schuetzende-aetherische-oelmischung-10ml","status":"publish","type":"product","link":"https:\/\/mamaterra.lt\/de\/parduotuve\/essentielle-oele\/aetherische-oelmischungen\/doterra-stronger-schuetzende-aetherische-oelmischung-10ml\/","title":{"rendered":"doTERRA Stronger\u2122 Sch\u00fctzende \u00c4therische \u00d6lmischung 10ml"},"content":{"rendered":"<p><strong>doTERRA Stronger\u2122 Sch\u00fctzende \u00c4therische \u00d6lmischung<\/strong><\/p>\n<p>10 ml Flasche mit Kugelapplikator<\/p>\n<p>&nbsp;<\/p>\n<p>doTERRA Stronger\u2122 Protective Essential Oil Blend Anwendung:<\/p>\n<p>Verwenden Sie doTERRA Stronger im Nacken oder auf den Fu\u00dfsohlen, um den Schutz Ihres K\u00f6rpers zu st\u00e4rken, wenn Sie sich nicht so gut f\u00fchlen.<\/p>\n<p>doTERRA Stronger\u2122 Protective Essential Oil Blend Allgemeine Eigenschaften:<\/p>\n<p>\u00c4therische \u00d6le aus Zedernholz, Lauren, Boswellia und Rosenextrakt in fraktioniertem Kokosnuss\u00f6l<br \/>\nVerj\u00fcngt die Haut; t\u00e4gliche Anwendung f\u00fcr ein besseres Wohlbefinden<br \/>\nBeruhigt kleinere Hautirritationen<\/p>\n<p><span style=\"font-size: 16px;\">.<\/span><\/p>\n<p><iframe title=\"doTERRA's New Stronger Protective Blend for Kids\" src=\"https:\/\/www.youtube.com\/embed\/xzwUZeKglqM\" width=\"946\" height=\"532\" frameborder=\"0\" allowfullscreen=\"allowfullscreen\"><\/iframe><\/p>\n","protected":false},"excerpt":{"rendered":"<ul>\n<li>\u00c4therische \u00d6le aus Zedernholz, Lauren, Boswellia und Rosenextrakt in fraktioniertem Kokosnuss\u00f6l<\/li>\n<li>Verj\u00fcngt die Haut; t\u00e4gliche Anwendung zur Steigerung des Wohlbefindens<\/li>\n<li>Lindert leichte Hautreizungen<\/li>\n<\/ul>\n","protected":false},"featured_media":22547,"template":"","meta":{"site-sidebar-layout":"default","site-content-layout":"default","ast-site-content-layout":"default","site-content-style":"default","site-sidebar-style":"default","ast-global-header-display":"","ast-banner-title-visibility":"","ast-main-header-display":"","ast-hfb-above-header-display":"","ast-hfb-below-header-display":"","ast-hfb-mobile-header-display":"","site-post-title":"","ast-breadcrumbs-content":"","ast-featured-img":"","footer-sml-layout":"","ast-disable-related-posts":"","theme-transparent-header-meta":"default","adv-header-id-meta":"","stick-header-meta":"","header-above-stick-meta":"","header-main-stick-meta":"","header-below-stick-meta":"","astra-migrate-meta-layouts":"set","ast-page-background-enabled":"default","ast-page-background-meta":{"desktop":{"background-color":"","background-image":"","background-repeat":"repeat","background-position":"center center","background-size":"auto","background-attachment":"scroll","background-type":"","background-media":"","overlay-type":"","overlay-color":"","overlay-opacity":"","overlay-gradient":""},"tablet":{"background-color":"","background-image":"","background-repeat":"repeat","background-position":"center center","background-size":"auto","background-attachment":"scroll","background-type":"","background-media":"","overlay-type":"","overlay-color":"","overlay-opacity":"","overlay-gradient":""},"mobile":{"background-color":"","background-image":"","background-repeat":"repeat","background-position":"center center","background-size":"auto","background-attachment":"scroll","background-type":"","background-media":"","overlay-type":"","overlay-color":"","overlay-opacity":"","overlay-gradient":""}},"ast-content-background-meta":{"desktop":{"background-color":"var(--ast-global-color-5)","background-image":"","background-repeat":"repeat","background-position":"center center","background-size":"auto","background-attachment":"scroll","background-type":"","background-media":"","overlay-type":"","overlay-color":"","overlay-opacity":"","overlay-gradient":""},"tablet":{"background-color":"var(--ast-global-color-5)","background-image":"","background-repeat":"repeat","background-position":"center center","background-size":"auto","background-attachment":"scroll","background-type":"","background-media":"","overlay-type":"","overlay-color":"","overlay-opacity":"","overlay-gradient":""},"mobile":{"background-color":"var(--ast-global-color-5)","background-image":"","background-repeat":"repeat","background-position":"center center","background-size":"auto","background-attachment":"scroll","background-type":"","background-media":"","overlay-type":"","overlay-color":"","overlay-opacity":"","overlay-gradient":""}}},"product_brand":[],"product_cat":[1944,2044],"product_tag":[2072,3236,3346,2385],"class_list":{"0":"post-22546","1":"product","2":"type-product","3":"status-publish","4":"has-post-thumbnail","6":"product_cat-aetherische-oelmischungen","7":"product_cat-fuer-kinder","8":"product_tag-10-ml-de","9":"product_tag-aetherische-oelmischungen","10":"product_tag-fuer-kinder","11":"product_tag-stronger-de","12":"desktop-align-left","13":"tablet-align-left","14":"mobile-align-left","16":"first","17":"instock","18":"taxable","19":"shipping-taxable","20":"purchasable","21":"product-type-simple"},"_links":{"self":[{"href":"https:\/\/mamaterra.lt\/de\/wp-json\/wp\/v2\/product\/22546","targetHints":{"allow":["GET"]}}],"collection":[{"href":"https:\/\/mamaterra.lt\/de\/wp-json\/wp\/v2\/product"}],"about":[{"href":"https:\/\/mamaterra.lt\/de\/wp-json\/wp\/v2\/types\/product"}],"wp:featuredmedia":[{"embeddable":true,"href":"https:\/\/mamaterra.lt\/de\/wp-json\/wp\/v2\/media\/22547"}],"wp:attachment":[{"href":"https:\/\/mamaterra.lt\/de\/wp-json\/wp\/v2\/media?parent=22546"}],"wp:term":[{"taxonomy":"product_brand","embeddable":true,"href":"https:\/\/mamaterra.lt\/de\/wp-json\/wp\/v2\/product_brand?post=22546"},{"taxonomy":"product_cat","embeddable":true,"href":"https:\/\/mamaterra.lt\/de\/wp-json\/wp\/v2\/product_cat?post=22546"},{"taxonomy":"product_tag","embeddable":true,"href":"https:\/\/mamaterra.lt\/de\/wp-json\/wp\/v2\/product_tag?post=22546"}],"curies":[{"name":"wp","href":"https:\/\/api.w.org\/{rel}","templated":true}]}}