{"id":22516,"date":"2021-09-19T16:20:22","date_gmt":"2021-09-19T15:20:22","guid":{"rendered":"https:\/\/mamaterra.lt\/parduotuve\/unkategorisiert\/doterra-breathe-vapour-stick-piestukas-aplikatorius-12g\/"},"modified":"2024-03-26T20:56:17","modified_gmt":"2024-03-26T19:56:17","slug":"doterra-air-breathe-vapor-stick-applikator","status":"publish","type":"product","link":"https:\/\/mamaterra.lt\/de\/parduotuve\/essentielle-oele\/aetherische-oelmischungen\/doterra-air-breathe-vapor-stick-applikator\/","title":{"rendered":"doTERRA Air Breathe Vapor Stick Applikator 12g"},"content":{"rendered":"<p><strong>doTERRA Air Breathe Vapor Stick Applikator <\/strong><\/p>\n<p>12g<\/p>\n<p>&nbsp;<\/p>\n<p>Genie\u00dfen Sie den Komfort des doTERRA Breathe-Applikators, der schnell einzieht und sanft auftr\u00e4gt<br \/>\nDie Kraft der \u00e4therischen \u00d6lmischung doTERRA Breathe ist sofort auf Brust und Hals zu sp\u00fcren<br \/>\nDie nat\u00fcrliche Formel des Applikators gleitet leicht \u00fcber die Haut, ohne fettige oder klebrige R\u00fcckst\u00e4nde zu hinterlassen<br \/>\nSp\u00fcren Sie sofort die k\u00fchlende Wirkung, die die Atemwege \u00f6ffnet<\/p>\n","protected":false},"excerpt":{"rendered":"<ul>\n<li>Genie\u00dfen Sie den Komfort des doTERRA Breathe-Applikators, der schnell einzieht und sanft auftr\u00e4gt<\/li>\n<li>Die Kraft der \u00e4therischen \u00d6lmischung doTERRA Breathe ist sofort auf Brust und Hals zu sp\u00fcren<\/li>\n<li>Die nat\u00fcrliche Formel des Applikators gleitet leicht \u00fcber die Haut, ohne fettige oder klebrige R\u00fcckst\u00e4nde zu hinterlassen<\/li>\n<li>Sp\u00fcren Sie sofort die k\u00fchlende Wirkung, die die Atemwege \u00f6ffnet<\/li>\n<\/ul>\n","protected":false},"featured_media":22535,"template":"","meta":{"site-sidebar-layout":"default","site-content-layout":"default","ast-site-content-layout":"default","site-content-style":"default","site-sidebar-style":"default","ast-global-header-display":"","ast-banner-title-visibility":"","ast-main-header-display":"","ast-hfb-above-header-display":"","ast-hfb-below-header-display":"","ast-hfb-mobile-header-display":"","site-post-title":"","ast-breadcrumbs-content":"","ast-featured-img":"","footer-sml-layout":"","ast-disable-related-posts":"","theme-transparent-header-meta":"default","adv-header-id-meta":"","stick-header-meta":"","header-above-stick-meta":"","header-main-stick-meta":"","header-below-stick-meta":"","astra-migrate-meta-layouts":"set","ast-page-background-enabled":"default","ast-page-background-meta":{"desktop":{"background-color":"","background-image":"","background-repeat":"repeat","background-position":"center center","background-size":"auto","background-attachment":"scroll","background-type":"","background-media":"","overlay-type":"","overlay-color":"","overlay-opacity":"","overlay-gradient":""},"tablet":{"background-color":"","background-image":"","background-repeat":"repeat","background-position":"center center","background-size":"auto","background-attachment":"scroll","background-type":"","background-media":"","overlay-type":"","overlay-color":"","overlay-opacity":"","overlay-gradient":""},"mobile":{"background-color":"","background-image":"","background-repeat":"repeat","background-position":"center center","background-size":"auto","background-attachment":"scroll","background-type":"","background-media":"","overlay-type":"","overlay-color":"","overlay-opacity":"","overlay-gradient":""}},"ast-content-background-meta":{"desktop":{"background-color":"var(--ast-global-color-5)","background-image":"","background-repeat":"repeat","background-position":"center center","background-size":"auto","background-attachment":"scroll","background-type":"","background-media":"","overlay-type":"","overlay-color":"","overlay-opacity":"","overlay-gradient":""},"tablet":{"background-color":"var(--ast-global-color-5)","background-image":"","background-repeat":"repeat","background-position":"center center","background-size":"auto","background-attachment":"scroll","background-type":"","background-media":"","overlay-type":"","overlay-color":"","overlay-opacity":"","overlay-gradient":""},"mobile":{"background-color":"var(--ast-global-color-5)","background-image":"","background-repeat":"repeat","background-position":"center center","background-size":"auto","background-attachment":"scroll","background-type":"","background-media":"","overlay-type":"","overlay-color":"","overlay-opacity":"","overlay-gradient":""}}},"product_brand":[],"product_cat":[1944,1939,2044],"product_tag":[2089,2549,2936],"class_list":{"0":"post-22516","1":"product","2":"type-product","3":"status-publish","4":"has-post-thumbnail","6":"product_cat-aetherische-oelmischungen","7":"product_cat-essentielle-oele","8":"product_cat-fuer-kinder","9":"product_tag-12g-de","10":"product_tag-bleistift","11":"product_tag-breathe-de","12":"desktop-align-left","13":"tablet-align-left","14":"mobile-align-left","16":"first","17":"instock","18":"taxable","19":"shipping-taxable","20":"purchasable","21":"product-type-simple"},"_links":{"self":[{"href":"https:\/\/mamaterra.lt\/de\/wp-json\/wp\/v2\/product\/22516","targetHints":{"allow":["GET"]}}],"collection":[{"href":"https:\/\/mamaterra.lt\/de\/wp-json\/wp\/v2\/product"}],"about":[{"href":"https:\/\/mamaterra.lt\/de\/wp-json\/wp\/v2\/types\/product"}],"wp:featuredmedia":[{"embeddable":true,"href":"https:\/\/mamaterra.lt\/de\/wp-json\/wp\/v2\/media\/22535"}],"wp:attachment":[{"href":"https:\/\/mamaterra.lt\/de\/wp-json\/wp\/v2\/media?parent=22516"}],"wp:term":[{"taxonomy":"product_brand","embeddable":true,"href":"https:\/\/mamaterra.lt\/de\/wp-json\/wp\/v2\/product_brand?post=22516"},{"taxonomy":"product_cat","embeddable":true,"href":"https:\/\/mamaterra.lt\/de\/wp-json\/wp\/v2\/product_cat?post=22516"},{"taxonomy":"product_tag","embeddable":true,"href":"https:\/\/mamaterra.lt\/de\/wp-json\/wp\/v2\/product_tag?post=22516"}],"curies":[{"name":"wp","href":"https:\/\/api.w.org\/{rel}","templated":true}]}}