{"id":22472,"date":"2021-04-19T07:53:32","date_gmt":"2021-04-19T06:53:32","guid":{"rendered":"https:\/\/mamaterra.lt\/parduotuve\/unkategorisiert\/doterra-adaptiv-touch-eteriniu-alieju-misinys-10ml\/"},"modified":"2024-03-15T20:40:53","modified_gmt":"2024-03-15T19:40:53","slug":"doterra-adaptiv-touch-aetherische-oelmischung","status":"publish","type":"product","link":"https:\/\/mamaterra.lt\/de\/parduotuve\/essentielle-oele\/aetherische-oelmischungen\/doterra-adaptiv-touch-aetherische-oelmischung\/","title":{"rendered":"doTERRA ADAPTIV\u2122 TOUCH \u00c4therische \u00d6lmischung"},"content":{"rendered":"<p><strong>doTERRA ADAPTIV\u2122 TOUCH \u00c4therische \u00d6lmischung<\/strong><\/p>\n<p>10 ml Flasche mit Kugelapplikator<br \/>\ndoTERRA ADAPTIV\u2122 TOUCH Essential Oil Blend Beschreibung und Inhaltsstoffe:<\/p>\n<p>Wenn Sie das Bed\u00fcrfnis nach einem wohltuenden Impuls versp\u00fcren, ist Adaptiv Ihre L\u00f6sung. Halten Sie Adaptiv Touch immer griffbereit, damit Sie sich in jeder Umgebung und Situation wohlf\u00fchlen k\u00f6nnen.<\/p>\n<p>Lavendel, Magnolie, Neroli und Eukalyptus wirken beruhigend, w\u00e4hrend Wildorange und Spearmint Energie spenden und die Stimmung heben. Dar\u00fcber hinaus helfen Copaiba und Rosmarin, die Gem\u00fcter zu beruhigen. Ob Sie sich m\u00fcde, unruhig, unentschlossen oder gereizt f\u00fchlen, Adaptiv ist das richtige Mittel, um K\u00f6rper und Geist im Gleichgewicht zu halten.<\/p>\n<p>Hilft, die Stimmung zu verbessern<br \/>\nVerbessert das Gef\u00fchl der Ruhe<br \/>\nBeruhigt und hebt die Stimmung<\/p>\n<p><iframe title=\"Incredible doTERRA ADAPTIV Touch Calming Blend Benefits And Uses\" src=\"https:\/\/www.youtube.com\/embed\/uNjREx2GW4A\" width=\"853\" height=\"480\" frameborder=\"0\" allowfullscreen=\"allowfullscreen\"><\/iframe><\/p>\n","protected":false},"excerpt":{"rendered":"<ul>\n<li>Hilft, die Stimmung zu verbessern<\/li>\n<li>Verbessert das Gef\u00fchl der Ruhe<\/li>\n<li>Beruhigt und hebt die Stimmung<\/li>\n<\/ul>\n","protected":false},"featured_media":22473,"template":"","meta":{"site-sidebar-layout":"default","site-content-layout":"default","ast-site-content-layout":"default","site-content-style":"default","site-sidebar-style":"default","ast-global-header-display":"","ast-banner-title-visibility":"","ast-main-header-display":"","ast-hfb-above-header-display":"","ast-hfb-below-header-display":"","ast-hfb-mobile-header-display":"","site-post-title":"","ast-breadcrumbs-content":"","ast-featured-img":"","footer-sml-layout":"","ast-disable-related-posts":"","theme-transparent-header-meta":"default","adv-header-id-meta":"","stick-header-meta":"","header-above-stick-meta":"","header-main-stick-meta":"","header-below-stick-meta":"","astra-migrate-meta-layouts":"set","ast-page-background-enabled":"default","ast-page-background-meta":{"desktop":{"background-color":"","background-image":"","background-repeat":"repeat","background-position":"center center","background-size":"auto","background-attachment":"scroll","background-type":"","background-media":"","overlay-type":"","overlay-color":"","overlay-opacity":"","overlay-gradient":""},"tablet":{"background-color":"","background-image":"","background-repeat":"repeat","background-position":"center center","background-size":"auto","background-attachment":"scroll","background-type":"","background-media":"","overlay-type":"","overlay-color":"","overlay-opacity":"","overlay-gradient":""},"mobile":{"background-color":"","background-image":"","background-repeat":"repeat","background-position":"center center","background-size":"auto","background-attachment":"scroll","background-type":"","background-media":"","overlay-type":"","overlay-color":"","overlay-opacity":"","overlay-gradient":""}},"ast-content-background-meta":{"desktop":{"background-color":"var(--ast-global-color-5)","background-image":"","background-repeat":"repeat","background-position":"center center","background-size":"auto","background-attachment":"scroll","background-type":"","background-media":"","overlay-type":"","overlay-color":"","overlay-opacity":"","overlay-gradient":""},"tablet":{"background-color":"var(--ast-global-color-5)","background-image":"","background-repeat":"repeat","background-position":"center center","background-size":"auto","background-attachment":"scroll","background-type":"","background-media":"","overlay-type":"","overlay-color":"","overlay-opacity":"","overlay-gradient":""},"mobile":{"background-color":"var(--ast-global-color-5)","background-image":"","background-repeat":"repeat","background-position":"center center","background-size":"auto","background-attachment":"scroll","background-type":"","background-media":"","overlay-type":"","overlay-color":"","overlay-opacity":"","overlay-gradient":""}}},"product_brand":[],"product_cat":[1944,1939,1994,2004,2039],"product_tag":[2072,3010,3236],"class_list":{"0":"post-22472","1":"product","2":"type-product","3":"status-publish","4":"has-post-thumbnail","6":"product_cat-aetherische-oelmischungen","7":"product_cat-essentielle-oele","8":"product_cat-konzentration","9":"product_cat-schlafen","10":"product_cat-stressbewaeltigung","11":"product_tag-10-ml-de","12":"product_tag-adaptiv-touch-de","13":"product_tag-aetherische-oelmischungen","14":"desktop-align-left","15":"tablet-align-left","16":"mobile-align-left","18":"first","19":"instock","20":"sale","21":"taxable","22":"shipping-taxable","23":"purchasable","24":"product-type-simple"},"_links":{"self":[{"href":"https:\/\/mamaterra.lt\/de\/wp-json\/wp\/v2\/product\/22472","targetHints":{"allow":["GET"]}}],"collection":[{"href":"https:\/\/mamaterra.lt\/de\/wp-json\/wp\/v2\/product"}],"about":[{"href":"https:\/\/mamaterra.lt\/de\/wp-json\/wp\/v2\/types\/product"}],"wp:featuredmedia":[{"embeddable":true,"href":"https:\/\/mamaterra.lt\/de\/wp-json\/wp\/v2\/media\/22473"}],"wp:attachment":[{"href":"https:\/\/mamaterra.lt\/de\/wp-json\/wp\/v2\/media?parent=22472"}],"wp:term":[{"taxonomy":"product_brand","embeddable":true,"href":"https:\/\/mamaterra.lt\/de\/wp-json\/wp\/v2\/product_brand?post=22472"},{"taxonomy":"product_cat","embeddable":true,"href":"https:\/\/mamaterra.lt\/de\/wp-json\/wp\/v2\/product_cat?post=22472"},{"taxonomy":"product_tag","embeddable":true,"href":"https:\/\/mamaterra.lt\/de\/wp-json\/wp\/v2\/product_tag?post=22472"}],"curies":[{"name":"wp","href":"https:\/\/api.w.org\/{rel}","templated":true}]}}