{"id":22452,"date":"2021-04-18T17:03:36","date_gmt":"2021-04-18T16:03:36","guid":{"rendered":"https:\/\/mamaterra.lt\/parduotuve\/unkategorisiert\/doterra-adaptiv-raminamasis-eteriniu-alieju-misinys-15ml\/"},"modified":"2024-03-13T21:24:55","modified_gmt":"2024-03-13T20:24:55","slug":"doterra-adaptiv-beruhigende-mischung-15ml","status":"publish","type":"product","link":"https:\/\/mamaterra.lt\/de\/parduotuve\/essentielle-oele\/aetherische-oelmischungen\/doterra-adaptiv-beruhigende-mischung-15ml\/","title":{"rendered":"doTERRA ADAPTIV Beruhigende Mischung 15ml"},"content":{"rendered":"<p><strong>doTERRA ADAPTIV Beruhigende Mischung\u00a0<\/strong><\/p>\n<p>15ml<\/p>\n<p>&nbsp;<\/p>\n<p>Wenn Sie das Bed\u00fcrfnis nach einem beruhigenden Impuls versp\u00fcren, ist Adaptiv Ihre L\u00f6sung. Adaptiv ist eine gesch\u00fctzte Mischung aus den \u00e4therischen \u00d6len von Wildorange, Lavendel, Copaiba, Minze, Magnolie, Rosmarin, Neroli und Sweetgum. Lavendel hat eine beruhigende Wirkung, w\u00e4hrend Wildorange aufmunternd wirkt. Halten Sie Adaptiv immer griffbereit, um sich in einer neuen Umgebung oder Situation zurechtzufinden. Verwenden Sie Adaptiv in Kombination mit Adaptiv Touch, um Synergieeffekte zu erzielen.<\/p>\n<p>Sich mit Leichtigkeit anpassen<br \/>\nDas Leben bringt alle Arten von unerwarteten Ver\u00e4nderungen und Herausforderungen mit sich. Adaptiv wurde speziell entwickelt, um Ihnen zu helfen, sich diesen Ver\u00e4nderungen mit Anmut und Zuversicht zu stellen. Erster Tag in einem neuen Job? Steht eine gro\u00dfe Pr\u00fcfung an? Suchen Sie nach einer positiveren Perspektive? Adaptiv kann helfen.<\/p>\n<p>Verwendet<br \/>\nEin entspannendes Bittersalzbad mit drei bis vier Tropfen verd\u00fcnntem Adaptiv im Badewasser nehmen<br \/>\nMischen Sie drei Tropfen mit fraktioniertem Kokosnuss\u00f6l f\u00fcr eine wohltuende Massage<br \/>\nGebrauchsanweisung<br \/>\nF\u00fcr die Massage, 5 Tropfen mit 10 ml Tr\u00e4ger\u00f6l mischen. F\u00fcr ein Bad, 5 Tropfen mit 5 ml Tr\u00e4ger\u00f6l mischen. Zum Parf\u00fcmieren, 1-10 Tropfen Tr\u00e4ger\u00f6l mischen.<br \/>\nVorsichtsma\u00dfnahmen<br \/>\nM\u00f6gliche Hautempfindlichkeit. Au\u00dferhalb der Reichweite von Kindern aufbewahren. Konsultieren Sie Ihren Arzt, wenn Sie schwanger sind oder sich in Behandlung befinden. Vermeiden Sie Augen, Innenohren und empfindliche Bereiche. Vermeiden Sie Sonnenlicht und UV-Strahlen f\u00fcr mindestens 12 Stunden nach der Anwendung.<\/p>\n<p><iframe title=\"What Makes doTERRA Adaptiv\u2122 Different? (Translated Subtitles)\" src=\"https:\/\/www.youtube.com\/embed\/4OlH4bwZvC0\" width=\"853\" height=\"480\" frameborder=\"0\" allowfullscreen=\"allowfullscreen\"><\/iframe><\/p>\n","protected":false},"excerpt":{"rendered":"<ul>\n<li>Hilft, die Stimmung zu verbessern<\/li>\n<li>Verbessert das Gef\u00fchl der Ruhe<\/li>\n<li>Beruhigt und hebt die Stimmung<\/li>\n<li>Hilft Ihnen, effektiver zu arbeiten oder zu lernen<\/li>\n<\/ul>\n","protected":false},"featured_media":22453,"template":"","meta":{"site-sidebar-layout":"default","site-content-layout":"default","ast-site-content-layout":"default","site-content-style":"default","site-sidebar-style":"default","ast-global-header-display":"","ast-banner-title-visibility":"","ast-main-header-display":"","ast-hfb-above-header-display":"","ast-hfb-below-header-display":"","ast-hfb-mobile-header-display":"","site-post-title":"","ast-breadcrumbs-content":"","ast-featured-img":"","footer-sml-layout":"","ast-disable-related-posts":"","theme-transparent-header-meta":"default","adv-header-id-meta":"","stick-header-meta":"","header-above-stick-meta":"","header-main-stick-meta":"","header-below-stick-meta":"","astra-migrate-meta-layouts":"set","ast-page-background-enabled":"default","ast-page-background-meta":{"desktop":{"background-color":"","background-image":"","background-repeat":"repeat","background-position":"center center","background-size":"auto","background-attachment":"scroll","background-type":"","background-media":"","overlay-type":"","overlay-color":"","overlay-opacity":"","overlay-gradient":""},"tablet":{"background-color":"","background-image":"","background-repeat":"repeat","background-position":"center center","background-size":"auto","background-attachment":"scroll","background-type":"","background-media":"","overlay-type":"","overlay-color":"","overlay-opacity":"","overlay-gradient":""},"mobile":{"background-color":"","background-image":"","background-repeat":"repeat","background-position":"center center","background-size":"auto","background-attachment":"scroll","background-type":"","background-media":"","overlay-type":"","overlay-color":"","overlay-opacity":"","overlay-gradient":""}},"ast-content-background-meta":{"desktop":{"background-color":"var(--ast-global-color-5)","background-image":"","background-repeat":"repeat","background-position":"center center","background-size":"auto","background-attachment":"scroll","background-type":"","background-media":"","overlay-type":"","overlay-color":"","overlay-opacity":"","overlay-gradient":""},"tablet":{"background-color":"var(--ast-global-color-5)","background-image":"","background-repeat":"repeat","background-position":"center center","background-size":"auto","background-attachment":"scroll","background-type":"","background-media":"","overlay-type":"","overlay-color":"","overlay-opacity":"","overlay-gradient":""},"mobile":{"background-color":"var(--ast-global-color-5)","background-image":"","background-repeat":"repeat","background-position":"center center","background-size":"auto","background-attachment":"scroll","background-type":"","background-media":"","overlay-type":"","overlay-color":"","overlay-opacity":"","overlay-gradient":""}}},"product_brand":[],"product_cat":[1944,1939,2044,2004,2039],"product_tag":[2092,2276,3236],"class_list":{"0":"post-22452","1":"product","2":"type-product","3":"status-publish","4":"has-post-thumbnail","6":"product_cat-aetherische-oelmischungen","7":"product_cat-essentielle-oele","8":"product_cat-fuer-kinder","9":"product_cat-schlafen","10":"product_cat-stressbewaeltigung","11":"product_tag-15-ml-de","12":"product_tag-adaptiv-de","13":"product_tag-aetherische-oelmischungen","14":"desktop-align-left","15":"tablet-align-left","16":"mobile-align-left","18":"first","19":"instock","20":"featured","21":"taxable","22":"shipping-taxable","23":"purchasable","24":"product-type-simple"},"_links":{"self":[{"href":"https:\/\/mamaterra.lt\/de\/wp-json\/wp\/v2\/product\/22452","targetHints":{"allow":["GET"]}}],"collection":[{"href":"https:\/\/mamaterra.lt\/de\/wp-json\/wp\/v2\/product"}],"about":[{"href":"https:\/\/mamaterra.lt\/de\/wp-json\/wp\/v2\/types\/product"}],"wp:featuredmedia":[{"embeddable":true,"href":"https:\/\/mamaterra.lt\/de\/wp-json\/wp\/v2\/media\/22453"}],"wp:attachment":[{"href":"https:\/\/mamaterra.lt\/de\/wp-json\/wp\/v2\/media?parent=22452"}],"wp:term":[{"taxonomy":"product_brand","embeddable":true,"href":"https:\/\/mamaterra.lt\/de\/wp-json\/wp\/v2\/product_brand?post=22452"},{"taxonomy":"product_cat","embeddable":true,"href":"https:\/\/mamaterra.lt\/de\/wp-json\/wp\/v2\/product_cat?post=22452"},{"taxonomy":"product_tag","embeddable":true,"href":"https:\/\/mamaterra.lt\/de\/wp-json\/wp\/v2\/product_tag?post=22452"}],"curies":[{"name":"wp","href":"https:\/\/api.w.org\/{rel}","templated":true}]}}