{"id":22441,"date":"2023-11-21T20:13:21","date_gmt":"2023-11-21T19:13:21","guid":{"rendered":"https:\/\/mamaterra.lt\/parduotuve\/unkategorisiert\/doterra-lupu-blizgis-lip-gloss\/"},"modified":"2025-05-14T11:31:24","modified_gmt":"2025-05-14T10:31:24","slug":"doterra-lippenglanz-lip-gloss","status":"publish","type":"product","link":"https:\/\/mamaterra.lt\/de\/parduotuve\/geschenke\/geschenke-fuer-frauen\/doterra-lippenglanz-lip-gloss\/","title":{"rendered":"doTERRA-Lippenglanz (Lip gloss)"},"content":{"rendered":"<p>Ein ultra-feuchtigkeitsspendender, get\u00f6nter Lipgloss mit CPTG-zertifizierten, reinen und getesteten \u00e4therischen \u00d6len aus japanischer Minze, Wildorange und Nelke, die den Lippen eine herrliche Ingwerfarbe und Glanz verleihen. Angereichert mit einer Mischung aus nat\u00fcrlichen Weichmachern wie Jojobaester und Sonnenblumenkern\u00f6l, verleiht dieser Minzgloss Ihren Lippen einen satten Glanz, hohen Glanz und Feuchtigkeit.<\/p>\n<p>Die Flasche wird mit einem Applikator geliefert, der ein gleichm\u00e4\u00dfiges Auftragen erm\u00f6glicht, und l\u00e4sst sich leicht in der Schminktasche, Handtasche oder Tasche verstauen. Dieser Gloss ist ideal f\u00fcr den t\u00e4glichen Gebrauch oder f\u00fcr den Abend, da er die Lippen geschmeidig h\u00e4lt und mit Feuchtigkeit versorgt.<\/p>\n<p>Verleiht den Lippen ein gl\u00e4nzendes und schimmerndes Finish.<br \/>\nVerleiht eine warme Farbe.<br \/>\nSpendet Feuchtigkeit und macht sie geschmeidig.<br \/>\nEnth\u00e4lt eine Mischung aus feuchtigkeitsspendenden Weichmachern.<br \/>\nWarnhinweise<\/p>\n<p>Nur zur \u00e4u\u00dferen Anwendung. Von Kindern fernhalten<\/p>\n","protected":false},"excerpt":{"rendered":"<p>Ein ultra-feuchtigkeitsspendender, get\u00f6nter Lipgloss mit CPTG-zertifizierten, reinen und getesteten \u00e4therischen \u00d6len aus japanischer Minze, Wildorange und Nelke, die den Lippen eine herrliche Ingwerfarbe und Glanz verleihen. Angereichert mit einer Mischung aus nat\u00fcrlichen Weichmachern wie Jojobaester und Sonnenblumenkern\u00f6l, verleiht dieser Minzgloss Ihren Lippen einen satten Glanz, hohen Glanz und Feuchtigkeit.<\/p>\n","protected":false},"featured_media":23611,"template":"","meta":{"site-sidebar-layout":"default","site-content-layout":"","ast-site-content-layout":"default","site-content-style":"default","site-sidebar-style":"default","ast-global-header-display":"","ast-banner-title-visibility":"","ast-main-header-display":"","ast-hfb-above-header-display":"","ast-hfb-below-header-display":"","ast-hfb-mobile-header-display":"","site-post-title":"","ast-breadcrumbs-content":"","ast-featured-img":"","footer-sml-layout":"","ast-disable-related-posts":"","theme-transparent-header-meta":"default","adv-header-id-meta":"","stick-header-meta":"","header-above-stick-meta":"","header-main-stick-meta":"","header-below-stick-meta":"","astra-migrate-meta-layouts":"set","ast-page-background-enabled":"default","ast-page-background-meta":{"desktop":{"background-color":"","background-image":"","background-repeat":"repeat","background-position":"center center","background-size":"auto","background-attachment":"scroll","background-type":"","background-media":"","overlay-type":"","overlay-color":"","overlay-opacity":"","overlay-gradient":""},"tablet":{"background-color":"","background-image":"","background-repeat":"repeat","background-position":"center center","background-size":"auto","background-attachment":"scroll","background-type":"","background-media":"","overlay-type":"","overlay-color":"","overlay-opacity":"","overlay-gradient":""},"mobile":{"background-color":"","background-image":"","background-repeat":"repeat","background-position":"center center","background-size":"auto","background-attachment":"scroll","background-type":"","background-media":"","overlay-type":"","overlay-color":"","overlay-opacity":"","overlay-gradient":""}},"ast-content-background-meta":{"desktop":{"background-color":"var(--ast-global-color-5)","background-image":"","background-repeat":"repeat","background-position":"center center","background-size":"auto","background-attachment":"scroll","background-type":"","background-media":"","overlay-type":"","overlay-color":"","overlay-opacity":"","overlay-gradient":""},"tablet":{"background-color":"var(--ast-global-color-5)","background-image":"","background-repeat":"repeat","background-position":"center center","background-size":"auto","background-attachment":"scroll","background-type":"","background-media":"","overlay-type":"","overlay-color":"","overlay-opacity":"","overlay-gradient":""},"mobile":{"background-color":"var(--ast-global-color-5)","background-image":"","background-repeat":"repeat","background-position":"center center","background-size":"auto","background-attachment":"scroll","background-type":"","background-media":"","overlay-type":"","overlay-color":"","overlay-opacity":"","overlay-gradient":""}}},"product_brand":[],"product_cat":[2009,1924,1929],"product_tag":[],"class_list":{"0":"post-22441","1":"product","2":"type-product","3":"status-publish","4":"has-post-thumbnail","6":"product_cat-fuer-frauen","7":"product_cat-geschenke","8":"product_cat-geschenke-fuer-frauen","9":"desktop-align-left","10":"tablet-align-left","11":"mobile-align-left","13":"first","14":"outofstock","15":"taxable","16":"shipping-taxable","17":"purchasable","18":"product-type-simple"},"_links":{"self":[{"href":"https:\/\/mamaterra.lt\/de\/wp-json\/wp\/v2\/product\/22441","targetHints":{"allow":["GET"]}}],"collection":[{"href":"https:\/\/mamaterra.lt\/de\/wp-json\/wp\/v2\/product"}],"about":[{"href":"https:\/\/mamaterra.lt\/de\/wp-json\/wp\/v2\/types\/product"}],"wp:featuredmedia":[{"embeddable":true,"href":"https:\/\/mamaterra.lt\/de\/wp-json\/wp\/v2\/media\/23611"}],"wp:attachment":[{"href":"https:\/\/mamaterra.lt\/de\/wp-json\/wp\/v2\/media?parent=22441"}],"wp:term":[{"taxonomy":"product_brand","embeddable":true,"href":"https:\/\/mamaterra.lt\/de\/wp-json\/wp\/v2\/product_brand?post=22441"},{"taxonomy":"product_cat","embeddable":true,"href":"https:\/\/mamaterra.lt\/de\/wp-json\/wp\/v2\/product_cat?post=22441"},{"taxonomy":"product_tag","embeddable":true,"href":"https:\/\/mamaterra.lt\/de\/wp-json\/wp\/v2\/product_tag?post=22441"}],"curies":[{"name":"wp","href":"https:\/\/api.w.org\/{rel}","templated":true}]}}