{"id":22430,"date":"2022-09-17T11:46:44","date_gmt":"2022-09-17T10:46:44","guid":{"rendered":"https:\/\/mamaterra.lt\/parduotuve\/unkategorisiert\/doterra-losjonas-po-skutimosi-150ml-duso-gelis-250ml\/"},"modified":"2024-10-29T15:31:44","modified_gmt":"2024-10-29T14:31:44","slug":"doterra-after-shave-lotion-und-duschgel-midnight-forest","status":"publish","type":"product","link":"https:\/\/mamaterra.lt\/de\/parduotuve\/geschenke\/geschenke-fur-manner\/doterra-after-shave-lotion-und-duschgel-midnight-forest\/","title":{"rendered":"doTERRA After Shave Lotion und Duschgel Midnight Forest"},"content":{"rendered":"<p><strong>doTERRA After Shave Lotion und Duschgel Midnight Forest<\/strong><\/p>\n<p>Dieses Aftershave und Duschgel ist angereichert mit den \u00e4therischen \u00d6len von Sibirischer Tanne, Zypresse, Wacholderbeere, Schwarzfichte, Wildorange, Weihrauch und K\u00fcmmel &#8211; alles, was Ihre Haut braucht, um sich frisch und erfrischt zu f\u00fchlen!<\/p>\n<p>Angereichert mit der Midnight Forest Nature Blend, die exklusiv f\u00fcr Europa entwickelt wurde.<br \/>\nDie leichte, nicht fettende Formel der Aftershave Lotion zieht schnell in die Haut ein.<\/p>\n<p>doTERRA After Shave Lotion Anwendung:<\/p>\n<p>Ideal f\u00fcr die t\u00e4gliche Anwendung als Teil eines Hautpflegeprogramms.<br \/>\nGeeignet, um den Morgen aufzupeppen und den Tag mit Energie zu f\u00fcllen.<\/p>\n<p>doTERRA After Shave Lotion Gebrauchsanweisung:<\/p>\n<p>Gleichm\u00e4\u00dfig auf das frisch rasierte Gesicht und den Hals auftragen.<\/p>\n","protected":false},"excerpt":{"rendered":"<ul>\n<li>doTERRA Lotion 150ml<\/li>\n<li>Duschgel 250ml<\/li>\n<li>Angereichert mit Midnight Foret Nature Blend<\/li>\n<\/ul>\n","protected":false},"featured_media":22432,"template":"","meta":{"site-sidebar-layout":"default","site-content-layout":"default","ast-site-content-layout":"default","site-content-style":"default","site-sidebar-style":"default","ast-global-header-display":"","ast-banner-title-visibility":"","ast-main-header-display":"","ast-hfb-above-header-display":"","ast-hfb-below-header-display":"","ast-hfb-mobile-header-display":"","site-post-title":"","ast-breadcrumbs-content":"","ast-featured-img":"","footer-sml-layout":"","ast-disable-related-posts":"","theme-transparent-header-meta":"default","adv-header-id-meta":"","stick-header-meta":"","header-above-stick-meta":"","header-main-stick-meta":"","header-below-stick-meta":"","astra-migrate-meta-layouts":"set","ast-page-background-enabled":"default","ast-page-background-meta":{"desktop":{"background-color":"","background-image":"","background-repeat":"repeat","background-position":"center center","background-size":"auto","background-attachment":"scroll","background-type":"","background-media":"","overlay-type":"","overlay-color":"","overlay-opacity":"","overlay-gradient":""},"tablet":{"background-color":"","background-image":"","background-repeat":"repeat","background-position":"center center","background-size":"auto","background-attachment":"scroll","background-type":"","background-media":"","overlay-type":"","overlay-color":"","overlay-opacity":"","overlay-gradient":""},"mobile":{"background-color":"","background-image":"","background-repeat":"repeat","background-position":"center center","background-size":"auto","background-attachment":"scroll","background-type":"","background-media":"","overlay-type":"","overlay-color":"","overlay-opacity":"","overlay-gradient":""}},"ast-content-background-meta":{"desktop":{"background-color":"var(--ast-global-color-5)","background-image":"","background-repeat":"repeat","background-position":"center center","background-size":"auto","background-attachment":"scroll","background-type":"","background-media":"","overlay-type":"","overlay-color":"","overlay-opacity":"","overlay-gradient":""},"tablet":{"background-color":"var(--ast-global-color-5)","background-image":"","background-repeat":"repeat","background-position":"center center","background-size":"auto","background-attachment":"scroll","background-type":"","background-media":"","overlay-type":"","overlay-color":"","overlay-opacity":"","overlay-gradient":""},"mobile":{"background-color":"var(--ast-global-color-5)","background-image":"","background-repeat":"repeat","background-position":"center center","background-size":"auto","background-attachment":"scroll","background-type":"","background-media":"","overlay-type":"","overlay-color":"","overlay-opacity":"","overlay-gradient":""}}},"product_brand":[],"product_cat":[1939,1924,1934,1959],"product_tag":[3266],"class_list":{"0":"post-22430","1":"product","2":"type-product","3":"status-publish","4":"has-post-thumbnail","6":"product_cat-essentielle-oele","7":"product_cat-geschenke","8":"product_cat-geschenke-fur-manner","9":"product_cat-hygiene-und-hautpflege","10":"product_tag-lotion-de","11":"desktop-align-left","12":"tablet-align-left","13":"mobile-align-left","15":"first","16":"outofstock","17":"taxable","18":"shipping-taxable","19":"purchasable","20":"product-type-simple"},"_links":{"self":[{"href":"https:\/\/mamaterra.lt\/de\/wp-json\/wp\/v2\/product\/22430","targetHints":{"allow":["GET"]}}],"collection":[{"href":"https:\/\/mamaterra.lt\/de\/wp-json\/wp\/v2\/product"}],"about":[{"href":"https:\/\/mamaterra.lt\/de\/wp-json\/wp\/v2\/types\/product"}],"wp:featuredmedia":[{"embeddable":true,"href":"https:\/\/mamaterra.lt\/de\/wp-json\/wp\/v2\/media\/22432"}],"wp:attachment":[{"href":"https:\/\/mamaterra.lt\/de\/wp-json\/wp\/v2\/media?parent=22430"}],"wp:term":[{"taxonomy":"product_brand","embeddable":true,"href":"https:\/\/mamaterra.lt\/de\/wp-json\/wp\/v2\/product_brand?post=22430"},{"taxonomy":"product_cat","embeddable":true,"href":"https:\/\/mamaterra.lt\/de\/wp-json\/wp\/v2\/product_cat?post=22430"},{"taxonomy":"product_tag","embeddable":true,"href":"https:\/\/mamaterra.lt\/de\/wp-json\/wp\/v2\/product_tag?post=22430"}],"curies":[{"name":"wp","href":"https:\/\/api.w.org\/{rel}","templated":true}]}}