{"id":22416,"date":"2021-09-08T10:17:35","date_gmt":"2021-09-08T09:17:35","guid":{"rendered":"https:\/\/mamaterra.lt\/parduotuve\/unkategorisiert\/doterra-on-guard-skalbiniu-ploviklis-947ml-skalbiklis\/"},"modified":"2024-03-13T20:44:34","modified_gmt":"2024-03-13T19:44:34","slug":"doterra-on-guard-waschmittel-947ml","status":"publish","type":"product","link":"https:\/\/mamaterra.lt\/de\/parduotuve\/on-guard-produkte\/doterra-on-guard-waschmittel-947ml\/","title":{"rendered":"doTERRA On Guard Waschmittel 947ml"},"content":{"rendered":"<p><strong>doTERRA On Guard Waschmittel\u00a0<\/strong><\/p>\n<p>947ml<\/p>\n<p>&nbsp;<\/p>\n<p>d\u014dTERRA On Guard Laundry Detergent ist ein ultrakonzentriertes 6-faches Waschmittel, das die Kraft der d\u014dTERRA On Guard Protective Blend und biologisch hergestellter Enzyme nutzt, um Flecken gezielt anzugehen und zu entfernen &#8211; f\u00fcr erstaunlich saubere Kleidung. Diese kleine Flasche hat es in sich: 10 ml des \u00e4therischen \u00d6ls von d\u014dTERRA On Guard reichen f\u00fcr bis zu 64 Waschladungen!<\/p>\n<p>Einzigartige, biologisch hergestellte Enzymmischung auf nat\u00fcrlicher Basis.<br \/>\nJetzt mit mehr d\u014dTERRA On Guard \u00e4therischem \u00d6l in jeder Flasche.<br \/>\nDiese leistungsstarke, potente Formel ist gut f\u00fcr bis zu 64 Ladungen W\u00e4sche.<\/p>\n<p><iframe title=\"Terrific doTERRA Laundry Detergent Benefits And Uses\" src=\"https:\/\/www.youtube.com\/embed\/7OArbjaBQl4\" width=\"946\" height=\"532\" frameborder=\"0\" allowfullscreen=\"allowfullscreen\"><\/iframe><\/p>\n","protected":false},"excerpt":{"rendered":"<p>d\u014dTERRA On Guard Laundry Detergent ist ein ultrakonzentriertes 6-faches Waschmittel, das die Kraft der d\u014dTERRA On Guard Protective Blend und biologisch hergestellter Enzyme nutzt, um Flecken gezielt anzugehen und zu entfernen &#8211; f\u00fcr erstaunlich saubere Kleidung.<\/p>\n","protected":false},"featured_media":22417,"template":"","meta":{"site-sidebar-layout":"default","site-content-layout":"default","ast-site-content-layout":"default","site-content-style":"default","site-sidebar-style":"default","ast-global-header-display":"","ast-banner-title-visibility":"","ast-main-header-display":"","ast-hfb-above-header-display":"","ast-hfb-below-header-display":"","ast-hfb-mobile-header-display":"","site-post-title":"","ast-breadcrumbs-content":"","ast-featured-img":"","footer-sml-layout":"","ast-disable-related-posts":"","theme-transparent-header-meta":"default","adv-header-id-meta":"","stick-header-meta":"","header-above-stick-meta":"","header-main-stick-meta":"","header-below-stick-meta":"","astra-migrate-meta-layouts":"set","ast-page-background-enabled":"default","ast-page-background-meta":{"desktop":{"background-color":"","background-image":"","background-repeat":"repeat","background-position":"center center","background-size":"auto","background-attachment":"scroll","background-type":"","background-media":"","overlay-type":"","overlay-color":"","overlay-opacity":"","overlay-gradient":""},"tablet":{"background-color":"","background-image":"","background-repeat":"repeat","background-position":"center center","background-size":"auto","background-attachment":"scroll","background-type":"","background-media":"","overlay-type":"","overlay-color":"","overlay-opacity":"","overlay-gradient":""},"mobile":{"background-color":"","background-image":"","background-repeat":"repeat","background-position":"center center","background-size":"auto","background-attachment":"scroll","background-type":"","background-media":"","overlay-type":"","overlay-color":"","overlay-opacity":"","overlay-gradient":""}},"ast-content-background-meta":{"desktop":{"background-color":"var(--ast-global-color-5)","background-image":"","background-repeat":"repeat","background-position":"center center","background-size":"auto","background-attachment":"scroll","background-type":"","background-media":"","overlay-type":"","overlay-color":"","overlay-opacity":"","overlay-gradient":""},"tablet":{"background-color":"var(--ast-global-color-5)","background-image":"","background-repeat":"repeat","background-position":"center center","background-size":"auto","background-attachment":"scroll","background-type":"","background-media":"","overlay-type":"","overlay-color":"","overlay-opacity":"","overlay-gradient":""},"mobile":{"background-color":"var(--ast-global-color-5)","background-image":"","background-repeat":"repeat","background-position":"center center","background-size":"auto","background-attachment":"scroll","background-type":"","background-media":"","overlay-type":"","overlay-color":"","overlay-opacity":"","overlay-gradient":""}}},"product_brand":[],"product_cat":[2019],"product_tag":[2269,3085,3331],"class_list":{"0":"post-22416","1":"product","2":"type-product","3":"status-publish","4":"has-post-thumbnail","6":"product_cat-on-guard-produkte","7":"product_tag-947ml-de","8":"product_tag-on-guard-de","9":"product_tag-waschmittel-de","10":"desktop-align-left","11":"tablet-align-left","12":"mobile-align-left","14":"first","15":"outofstock","16":"sale","17":"taxable","18":"shipping-taxable","19":"purchasable","20":"product-type-simple"},"_links":{"self":[{"href":"https:\/\/mamaterra.lt\/de\/wp-json\/wp\/v2\/product\/22416","targetHints":{"allow":["GET"]}}],"collection":[{"href":"https:\/\/mamaterra.lt\/de\/wp-json\/wp\/v2\/product"}],"about":[{"href":"https:\/\/mamaterra.lt\/de\/wp-json\/wp\/v2\/types\/product"}],"wp:featuredmedia":[{"embeddable":true,"href":"https:\/\/mamaterra.lt\/de\/wp-json\/wp\/v2\/media\/22417"}],"wp:attachment":[{"href":"https:\/\/mamaterra.lt\/de\/wp-json\/wp\/v2\/media?parent=22416"}],"wp:term":[{"taxonomy":"product_brand","embeddable":true,"href":"https:\/\/mamaterra.lt\/de\/wp-json\/wp\/v2\/product_brand?post=22416"},{"taxonomy":"product_cat","embeddable":true,"href":"https:\/\/mamaterra.lt\/de\/wp-json\/wp\/v2\/product_cat?post=22416"},{"taxonomy":"product_tag","embeddable":true,"href":"https:\/\/mamaterra.lt\/de\/wp-json\/wp\/v2\/product_tag?post=22416"}],"curies":[{"name":"wp","href":"https:\/\/api.w.org\/{rel}","templated":true}]}}