{"id":22376,"date":"2021-04-19T08:23:28","date_gmt":"2021-04-19T07:23:28","guid":{"rendered":"https:\/\/mamaterra.lt\/parduotuve\/unkategorisiert\/kolekcija-doterra-yoga-eteriniai-aliejai-3-skirtingi-eteriniu-alieju-misiniai-aliejai-po-5ml\/"},"modified":"2024-07-01T18:10:32","modified_gmt":"2024-07-01T17:10:32","slug":"yoga-kollektion-doterra","status":"publish","type":"product","link":"https:\/\/mamaterra.lt\/de\/parduotuve\/essentielle-oele\/aetherische-oelmischungen\/yoga-kollektion-doterra\/","title":{"rendered":"Yoga-Kollektion doTERRA\u00a0"},"content":{"rendered":"<p><strong>Yoga-Kollektion doTERRA\u00a0\u00a0<\/strong><\/p>\n<p>Yoga-Kollektion 3&#215;5 ml<br \/>\nEin exklusives Trio aus \u00e4therischen CPTG\u2122-\u00d6lmischungen von doTERRA f\u00fcr den Yogi in Ihnen. Anchor, Align und Arise sind die perfekten Mischungen, um Ihr Leben und Ihre Yogapraxis zu bereichern. Diese Mischungen bieten Aromen, die Ihren Geist mit jedem Atemzug beruhigen, zentrieren und erleuchten, wenn Sie Ihren K\u00f6rper st\u00e4rken und dehnen.<br \/>\nAlign ist die zentrierende Mischung in der d\u014dTERRA Yoga Collection. Diese friedliche und beruhigende Mischung wurde entwickelt, um Ihre t\u00e4gliche Yoga-Praxis zu verbessern, indem sie Gef\u00fchle der Selbstakzeptanz und des Vertrauens f\u00f6rdert. Ideale Yoga-Positionen, die mit d\u014dTERRA Align kombiniert werden k\u00f6nnen, sind Krieger II, Dreieck und Tor-Pose. Au\u00dferhalb der Yogapraxis ist Align eine wunderbare Mischung, um die Harmonie im Alltag zu f\u00f6rdern.<\/p>\n<p>Prim\u00e4re Vorteile<br \/>\nUnterst\u00fctzt eine effektive Yogapraxis, indem es hilft, den Geist zu verankern und die Yogaerfahrung zu verbessern<br \/>\nF\u00f6rdert das Gef\u00fchl der Selbstakzeptanz, des Vertrauens und der Fluidit\u00e4t w\u00e4hrend der Yogapraxis<br \/>\nF\u00f6rdert das Gef\u00fchl der Selbstakzeptanz, des Vertrauens und der Gelassenheit w\u00e4hrend der gesamten Yogapraxis<br \/>\nF\u00fcr beste Ergebnisse mit den anderen \u00d6len aus der d\u014dTERRA Yoga Collection kombinieren<\/p>\n<p>d\u014dTERRA Anchor Steadying Mischung bringt ein festes Vertrauen in sich selbst, so dass Sie Ihre Yoga-Praxis und das Leben mit beruhigender Kraft angehen k\u00f6nnen. Mit \u00e4therischen \u00d6len aus Lavendel, Zedernholz, Sandelholz, Zimt, Weihrauch, schwarzem Pfeffer und Patchouli in einer Basis aus fraktioniertem Kokosnuss\u00f6l unterst\u00fctzt diese Mischung deine Verbindung zu dir selbst, deiner Gemeinschaft, deiner emotionalen Harmonie und deiner angeborenen Weisheit. Die idealen Yogastellungen, die mit d\u014dTERRA Anchor kombiniert werden k\u00f6nnen, sind die sitzende Meditation, die sitzende Drehung und Bhu Mudra (eine Hand auf dem Herzen, die andere auf der Erde).<\/p>\n<p>Prim\u00e4re Vorteile<br \/>\nF\u00f6rdert das Gef\u00fchl der Vollst\u00e4ndigkeit und des Mutes w\u00e4hrend der Yogapraxis<br \/>\nF\u00f6rdert das Gef\u00fchl eines stabilen Fundaments, von dem aus man vorw\u00e4rts gehen kann<br \/>\nHilft dem Anwender, sich mit sich selbst und seiner Umwelt zu verbinden und ihnen zu vertrauen<br \/>\nF\u00fcr beste Ergebnisse mit den anderen \u00d6len aus der d\u014dTERRA Yoga Collection kombinieren<\/p>\n<p>Arise &#8211; F\u00fchlen Sie sich freudig und mutig, wenn Sie Ihre Ziele in Angriff nehmen. Diese erfrischende und erleuchtende Mischung \u00e4therischer \u00d6le ist perfekt, um Sie zu inspirieren, gro\u00df zu tr\u00e4umen und hart zu arbeiten. Mit den \u00e4therischen \u00d6len von Grapefruit, Zitrone, Osmanthus, Melisse und Sibirischer Tanne in einer Basis aus fraktioniertem Kokosnuss\u00f6l inspiriert d\u014dTERRA&#8217;s Enlightening Mischung zu Momenten des Aufstehens und des Strebens nach Ihren h\u00f6chsten Zielen. Genie\u00dfen Sie die Vorteile von d\u014dTERRA Arise, wenn Sie sich selbst herausfordern, die n\u00e4chste Stufe zu erreichen.<\/p>\n<p>Prim\u00e4re Vorteile<br \/>\nErg\u00e4nzt eine effektive Yoga-Praxis, indem es hilft, den Geist zu \u00f6ffnen und die Yoga-Erfahrung des Anwenders zu verbessern, wenn es \u00e4u\u00dferlich angewendet wird<br \/>\nAnwendung<\/p>\n<p><iframe title=\"Yoga Essential Oils Collection From doTERRA- Essential Oils and Yoga\" src=\"https:\/\/www.youtube.com\/embed\/xoMXTIy3Qwg\" width=\"853\" height=\"480\" frameborder=\"0\" allowfullscreen=\"allowfullscreen\"><\/iframe><\/p>\n","protected":false},"excerpt":{"rendered":"<p>Ein exklusives Trio aus \u00e4therischen CPTG\u2122-\u00d6lmischungen von doTERRA f\u00fcr den Yogi in Ihnen. Anchor, Align und Arise sind die perfekten Mischungen, um Ihr Leben und Ihre Yogapraxis zu bereichern.<\/p>\n","protected":false},"featured_media":22377,"template":"","meta":{"site-sidebar-layout":"default","site-content-layout":"default","ast-site-content-layout":"default","site-content-style":"default","site-sidebar-style":"default","ast-global-header-display":"","ast-banner-title-visibility":"","ast-main-header-display":"","ast-hfb-above-header-display":"","ast-hfb-below-header-display":"","ast-hfb-mobile-header-display":"","site-post-title":"","ast-breadcrumbs-content":"","ast-featured-img":"","footer-sml-layout":"","ast-disable-related-posts":"","theme-transparent-header-meta":"default","adv-header-id-meta":"","stick-header-meta":"","header-above-stick-meta":"","header-main-stick-meta":"","header-below-stick-meta":"","astra-migrate-meta-layouts":"set","ast-page-background-enabled":"default","ast-page-background-meta":{"desktop":{"background-color":"","background-image":"","background-repeat":"repeat","background-position":"center center","background-size":"auto","background-attachment":"scroll","background-type":"","background-media":"","overlay-type":"","overlay-color":"","overlay-opacity":"","overlay-gradient":""},"tablet":{"background-color":"","background-image":"","background-repeat":"repeat","background-position":"center center","background-size":"auto","background-attachment":"scroll","background-type":"","background-media":"","overlay-type":"","overlay-color":"","overlay-opacity":"","overlay-gradient":""},"mobile":{"background-color":"","background-image":"","background-repeat":"repeat","background-position":"center center","background-size":"auto","background-attachment":"scroll","background-type":"","background-media":"","overlay-type":"","overlay-color":"","overlay-opacity":"","overlay-gradient":""}},"ast-content-background-meta":{"desktop":{"background-color":"var(--ast-global-color-5)","background-image":"","background-repeat":"repeat","background-position":"center center","background-size":"auto","background-attachment":"scroll","background-type":"","background-media":"","overlay-type":"","overlay-color":"","overlay-opacity":"","overlay-gradient":""},"tablet":{"background-color":"var(--ast-global-color-5)","background-image":"","background-repeat":"repeat","background-position":"center center","background-size":"auto","background-attachment":"scroll","background-type":"","background-media":"","overlay-type":"","overlay-color":"","overlay-opacity":"","overlay-gradient":""},"mobile":{"background-color":"var(--ast-global-color-5)","background-image":"","background-repeat":"repeat","background-position":"center center","background-size":"auto","background-attachment":"scroll","background-type":"","background-media":"","overlay-type":"","overlay-color":"","overlay-opacity":"","overlay-gradient":""}}},"product_brand":[],"product_cat":[1944,1939,1954],"product_tag":[2082,2999,2991,2983,3236,3321,3251,2283],"class_list":{"0":"post-22376","1":"product","2":"type-product","3":"status-publish","4":"has-post-thumbnail","6":"product_cat-aetherische-oelmischungen","7":"product_cat-essentielle-oele","8":"product_cat-kits-und-sammlungen","9":"product_tag-10ml-de","10":"product_tag-align-de","11":"product_tag-anchor-de","12":"product_tag-arise-de","13":"product_tag-aetherische-oelmischungen","14":"product_tag-bausaetze","15":"product_tag-sammlungen","16":"product_tag-yoga-de","17":"desktop-align-left","18":"tablet-align-left","19":"mobile-align-left","21":"first","22":"instock","23":"taxable","24":"shipping-taxable","25":"purchasable","26":"product-type-simple"},"_links":{"self":[{"href":"https:\/\/mamaterra.lt\/de\/wp-json\/wp\/v2\/product\/22376","targetHints":{"allow":["GET"]}}],"collection":[{"href":"https:\/\/mamaterra.lt\/de\/wp-json\/wp\/v2\/product"}],"about":[{"href":"https:\/\/mamaterra.lt\/de\/wp-json\/wp\/v2\/types\/product"}],"wp:featuredmedia":[{"embeddable":true,"href":"https:\/\/mamaterra.lt\/de\/wp-json\/wp\/v2\/media\/22377"}],"wp:attachment":[{"href":"https:\/\/mamaterra.lt\/de\/wp-json\/wp\/v2\/media?parent=22376"}],"wp:term":[{"taxonomy":"product_brand","embeddable":true,"href":"https:\/\/mamaterra.lt\/de\/wp-json\/wp\/v2\/product_brand?post=22376"},{"taxonomy":"product_cat","embeddable":true,"href":"https:\/\/mamaterra.lt\/de\/wp-json\/wp\/v2\/product_cat?post=22376"},{"taxonomy":"product_tag","embeddable":true,"href":"https:\/\/mamaterra.lt\/de\/wp-json\/wp\/v2\/product_tag?post=22376"}],"curies":[{"name":"wp","href":"https:\/\/api.w.org\/{rel}","templated":true}]}}