{"id":22367,"date":"2023-06-22T20:42:45","date_gmt":"2023-06-22T19:42:45","guid":{"rendered":"https:\/\/mamaterra.lt\/parduotuve\/unkategorisiert\/doterra-melissa-touch-10ml\/"},"modified":"2024-09-14T09:12:20","modified_gmt":"2024-09-14T08:12:20","slug":"doterra-melissa-touch-10ml","status":"publish","type":"product","link":"https:\/\/mamaterra.lt\/de\/parduotuve\/essentielle-oele\/reine-aetherische-oele\/doterra-melissa-touch-10ml\/","title":{"rendered":"doTERRA Melissa touch 10ml"},"content":{"rendered":"<p>Als eines unserer seltensten und teuersten \u00d6le hat das \u00e4therische Melissen\u00f6l eine breite Palette von Vorteilen und Verwendungsm\u00f6glichkeiten. Aufgrund seiner positiven Wirkung auf die Stimmung wird Melisse seit langem zur Beruhigung von Gef\u00fchlen verwendet, wenn sie \u00e4u\u00dferlich angewendet wird. Der s\u00fc\u00dfe, frische, zitrusartige Duft der Melisse, die auch als Zitronenmelisse bekannt ist, lockt Honigbienen an. Daher stammt auch der Name &#8222;Melissa&#8220;, der griechisch f\u00fcr Honigbiene ist.<br \/>\nBei \u00e4u\u00dferlicher Anwendung kann die Melisse zu einem Gef\u00fchl der Entspannung beitragen.<br \/>\n\u00c4therisches Melissen\u00f6l wird f\u00fcr sein frisches, s\u00fc\u00dfes und zitrusartiges Aroma gesch\u00e4tzt, das belebend wirkt.<br \/>\nDie Melisse ist bekannt f\u00fcr ihre beruhigenden Eigenschaften und ihre F\u00e4higkeit, Spannungen zu l\u00f6sen.<br \/>\nGeben Sie es in eine Feuchtigkeitscreme oder in eine Spr\u00fchflasche mit Wasser und spr\u00fchen Sie es auf das Gesicht, um die Haut zu verj\u00fcngen.<br \/>\nReiben Sie die Stirn, die Schultern oder die Brust ein, um sich zu beruhigen und das emotionale Wohlbefinden zu f\u00f6rdern.<br \/>\nNach einem langen Tag k\u00f6nnen Sie K\u00f6rper und Geist mit einer Massage mit \u00e4therischem Melissen\u00f6l entspannen und ausruhen.<br \/>\nVerwenden Sie Melissen\u00f6l vor dem Schlafengehen, um eine entspannte Atmosph\u00e4re zu schaffen.<br \/>\nHinweise zur Anwendung<br \/>\nZur Anwendung: F\u00fcr die Massage, 5 Tropfen mit 10 ml Tr\u00e4ger\u00f6l mischen. F\u00fcr ein Bad, 5 Tropfen mit 5 ml Tr\u00e4ger\u00f6l mischen. Zur Parf\u00fcmierung: 1 Tropfen auf 10 Tropfen Tr\u00e4ger\u00f6l mischen. Nur zur \u00e4u\u00dferlichen Anwendung.<br \/>\nVorsichtshinweise<br \/>\nM\u00f6gliche Hautempfindlichkeit. Au\u00dferhalb der Reichweite von Kindern aufbewahren. Konsultieren Sie Ihren Arzt, wenn Sie schwanger sind oder sich in Behandlung befinden. Augen, Innenohren und empfindliche Bereiche meiden.<\/p>\n","protected":false},"excerpt":{"rendered":"<p>Aufgrund seiner positiven Wirkung auf die Stimmung wird Melisse seit langem zur Beruhigung von Gef\u00fchlen verwendet, wenn sie \u00e4u\u00dferlich angewendet wird<\/p>\n","protected":false},"featured_media":22368,"template":"","meta":{"site-sidebar-layout":"default","site-content-layout":"default","ast-site-content-layout":"default","site-content-style":"default","site-sidebar-style":"default","ast-global-header-display":"","ast-banner-title-visibility":"","ast-main-header-display":"","ast-hfb-above-header-display":"","ast-hfb-below-header-display":"","ast-hfb-mobile-header-display":"","site-post-title":"","ast-breadcrumbs-content":"","ast-featured-img":"","footer-sml-layout":"","ast-disable-related-posts":"","theme-transparent-header-meta":"default","adv-header-id-meta":"","stick-header-meta":"","header-above-stick-meta":"","header-main-stick-meta":"","header-below-stick-meta":"","astra-migrate-meta-layouts":"set","ast-page-background-enabled":"default","ast-page-background-meta":{"desktop":{"background-color":"","background-image":"","background-repeat":"repeat","background-position":"center center","background-size":"auto","background-attachment":"scroll","background-type":"","background-media":"","overlay-type":"","overlay-color":"","overlay-opacity":"","overlay-gradient":""},"tablet":{"background-color":"","background-image":"","background-repeat":"repeat","background-position":"center center","background-size":"auto","background-attachment":"scroll","background-type":"","background-media":"","overlay-type":"","overlay-color":"","overlay-opacity":"","overlay-gradient":""},"mobile":{"background-color":"","background-image":"","background-repeat":"repeat","background-position":"center center","background-size":"auto","background-attachment":"scroll","background-type":"","background-media":"","overlay-type":"","overlay-color":"","overlay-opacity":"","overlay-gradient":""}},"ast-content-background-meta":{"desktop":{"background-color":"var(--ast-global-color-5)","background-image":"","background-repeat":"repeat","background-position":"center center","background-size":"auto","background-attachment":"scroll","background-type":"","background-media":"","overlay-type":"","overlay-color":"","overlay-opacity":"","overlay-gradient":""},"tablet":{"background-color":"var(--ast-global-color-5)","background-image":"","background-repeat":"repeat","background-position":"center center","background-size":"auto","background-attachment":"scroll","background-type":"","background-media":"","overlay-type":"","overlay-color":"","overlay-opacity":"","overlay-gradient":""},"mobile":{"background-color":"var(--ast-global-color-5)","background-image":"","background-repeat":"repeat","background-position":"center center","background-size":"auto","background-attachment":"scroll","background-type":"","background-media":"","overlay-type":"","overlay-color":"","overlay-opacity":"","overlay-gradient":""}}},"product_brand":[],"product_cat":[1959,1989,1949,2004,2039,2049],"product_tag":[],"class_list":{"0":"post-22367","1":"product","2":"type-product","3":"status-publish","4":"has-post-thumbnail","6":"product_cat-hygiene-und-hautpflege","7":"product_cat-immunitaet","8":"product_cat-reine-aetherische-oele","9":"product_cat-schlafen","10":"product_cat-stressbewaeltigung","11":"product_cat-verdauung","12":"desktop-align-left","13":"tablet-align-left","14":"mobile-align-left","16":"first","17":"outofstock","18":"taxable","19":"shipping-taxable","20":"purchasable","21":"product-type-simple"},"_links":{"self":[{"href":"https:\/\/mamaterra.lt\/de\/wp-json\/wp\/v2\/product\/22367","targetHints":{"allow":["GET"]}}],"collection":[{"href":"https:\/\/mamaterra.lt\/de\/wp-json\/wp\/v2\/product"}],"about":[{"href":"https:\/\/mamaterra.lt\/de\/wp-json\/wp\/v2\/types\/product"}],"wp:featuredmedia":[{"embeddable":true,"href":"https:\/\/mamaterra.lt\/de\/wp-json\/wp\/v2\/media\/22368"}],"wp:attachment":[{"href":"https:\/\/mamaterra.lt\/de\/wp-json\/wp\/v2\/media?parent=22367"}],"wp:term":[{"taxonomy":"product_brand","embeddable":true,"href":"https:\/\/mamaterra.lt\/de\/wp-json\/wp\/v2\/product_brand?post=22367"},{"taxonomy":"product_cat","embeddable":true,"href":"https:\/\/mamaterra.lt\/de\/wp-json\/wp\/v2\/product_cat?post=22367"},{"taxonomy":"product_tag","embeddable":true,"href":"https:\/\/mamaterra.lt\/de\/wp-json\/wp\/v2\/product_tag?post=22367"}],"curies":[{"name":"wp","href":"https:\/\/api.w.org\/{rel}","templated":true}]}}