{"id":22355,"date":"2022-12-03T22:07:16","date_gmt":"2022-12-03T21:07:16","guid":{"rendered":"https:\/\/mamaterra.lt\/parduotuve\/unkategorisiert\/senejima-stabdantis-doterra-eteriniu-alieju-paakiu-kremas-anti-aging-eye-cream-15ml\/"},"modified":"2024-03-11T21:01:01","modified_gmt":"2024-03-11T20:01:01","slug":"doterra-anti-aging-augencreme-15ml","status":"publish","type":"product","link":"https:\/\/mamaterra.lt\/de\/parduotuve\/essentielle-oele\/aetherische-oelmischungen\/doterra-anti-aging-augencreme-15ml\/","title":{"rendered":"doTERRA Anti-Aging Augencreme 15ml"},"content":{"rendered":"<p><strong>doTERRA Anti-Aging Augencreme 15ml (Anti-Aging Eye Cream)<\/strong><\/p>\n<p>15ml<\/p>\n<p>&nbsp;<\/p>\n<p>Reduziert die Zeichen der Hautalterung um die Augen<br \/>\nDie doTERRA Anti-Aging Eye Cream kombiniert klinisch erprobte Inhaltsstoffe mit \u00e4therischen CPTG\u2122-\u00d6len aus Weihrauch, Ylang Ylang und blauem Rainfarn, um die Zeichen der Hautalterung in der empfindlichen Augenpartie zu bek\u00e4mpfen und das Auftreten von feinen Linien und Falten zu reduzieren.<\/p>\n<p>Diese innovative Formel spendet Feuchtigkeit und verbessert die Festigkeit und Spannkraft der Haut. Der einzigartige Rollerball-Applikator aus Stahl k\u00fchlt und beruhigt die Haut unter den Augen und hilft, das Erscheinungsbild von Schwellungen zu reduzieren, w\u00e4hrend die Creme sanft auf die gew\u00fcnschten Bereiche aufgetragen wird.<br \/>\nWiesenschaumkrautsamen\u00f6l spendet der Haut dank seiner feuchtigkeitsspendenden Eigenschaften tiefenwirksame Feuchtigkeit.<br \/>\nBakuchiol hilft, die Haut zu tonisieren und zu straffen.<br \/>\nDie einzigartige Rollerball-Funktion aus Stahl erm\u00f6glicht eine optimale Anwendung bei jeder Anwendung.<\/p>\n<p>Integrieren Sie die Anti-Aging Augencreme in Ihre t\u00e4gliche Sch\u00f6nheitsroutine, um optimale Ergebnisse zu erzielen.<br \/>\nVerwenden Sie die Creme, um den Anzeichen von dunklen Augenringen vorzubeugen, die mit der Zeit nat\u00fcrlich auftreten.<br \/>\nVerwenden Sie den speziell entwickelten Rollerball-Applikator, um die Anti-Ageing Eye Cream noch besser zu nutzen.<br \/>\nDie besten Ergebnisse erzielen Sie, wenn Sie sie zusammen mit der Essential Skin Care Linie verwenden, um Ihre Erfahrung mit CPTG-haltigen Hautpflegeprodukten zu vertiefen.<\/p>\n","protected":false},"excerpt":{"rendered":"<p>Integrieren Sie die Anti-Aging Augencreme in Ihre t\u00e4gliche Sch\u00f6nheitsroutine, um optimale Ergebnisse zu erzielen.<br \/>\nVerwenden Sie die Creme, um den Anzeichen von dunklen Augenringen vorzubeugen, die mit der Zeit nat\u00fcrlich auftreten.<br \/>\nVerwenden Sie den speziell entwickelten Rollerball-Applikator, um die Anti-Ageing Eye Cream noch besser zu nutzen.<\/p>\n","protected":false},"featured_media":22356,"template":"","meta":{"site-sidebar-layout":"default","site-content-layout":"default","ast-site-content-layout":"default","site-content-style":"default","site-sidebar-style":"default","ast-global-header-display":"","ast-banner-title-visibility":"","ast-main-header-display":"","ast-hfb-above-header-display":"","ast-hfb-below-header-display":"","ast-hfb-mobile-header-display":"","site-post-title":"","ast-breadcrumbs-content":"","ast-featured-img":"","footer-sml-layout":"","ast-disable-related-posts":"","theme-transparent-header-meta":"default","adv-header-id-meta":"","stick-header-meta":"","header-above-stick-meta":"","header-main-stick-meta":"","header-below-stick-meta":"","astra-migrate-meta-layouts":"set","ast-page-background-enabled":"default","ast-page-background-meta":{"desktop":{"background-color":"","background-image":"","background-repeat":"repeat","background-position":"center center","background-size":"auto","background-attachment":"scroll","background-type":"","background-media":"","overlay-type":"","overlay-color":"","overlay-opacity":"","overlay-gradient":""},"tablet":{"background-color":"","background-image":"","background-repeat":"repeat","background-position":"center center","background-size":"auto","background-attachment":"scroll","background-type":"","background-media":"","overlay-type":"","overlay-color":"","overlay-opacity":"","overlay-gradient":""},"mobile":{"background-color":"","background-image":"","background-repeat":"repeat","background-position":"center center","background-size":"auto","background-attachment":"scroll","background-type":"","background-media":"","overlay-type":"","overlay-color":"","overlay-opacity":"","overlay-gradient":""}},"ast-content-background-meta":{"desktop":{"background-color":"var(--ast-global-color-5)","background-image":"","background-repeat":"repeat","background-position":"center center","background-size":"auto","background-attachment":"scroll","background-type":"","background-media":"","overlay-type":"","overlay-color":"","overlay-opacity":"","overlay-gradient":""},"tablet":{"background-color":"var(--ast-global-color-5)","background-image":"","background-repeat":"repeat","background-position":"center center","background-size":"auto","background-attachment":"scroll","background-type":"","background-media":"","overlay-type":"","overlay-color":"","overlay-opacity":"","overlay-gradient":""},"mobile":{"background-color":"var(--ast-global-color-5)","background-image":"","background-repeat":"repeat","background-position":"center center","background-size":"auto","background-attachment":"scroll","background-type":"","background-media":"","overlay-type":"","overlay-color":"","overlay-opacity":"","overlay-gradient":""}}},"product_brand":[],"product_cat":[1944,1924,1929,1959],"product_tag":[],"class_list":{"0":"post-22355","1":"product","2":"type-product","3":"status-publish","4":"has-post-thumbnail","6":"product_cat-aetherische-oelmischungen","7":"product_cat-geschenke","8":"product_cat-geschenke-fuer-frauen","9":"product_cat-hygiene-und-hautpflege","10":"desktop-align-left","11":"tablet-align-left","12":"mobile-align-left","14":"first","15":"instock","16":"sale","17":"taxable","18":"shipping-taxable","19":"purchasable","20":"product-type-simple"},"_links":{"self":[{"href":"https:\/\/mamaterra.lt\/de\/wp-json\/wp\/v2\/product\/22355","targetHints":{"allow":["GET"]}}],"collection":[{"href":"https:\/\/mamaterra.lt\/de\/wp-json\/wp\/v2\/product"}],"about":[{"href":"https:\/\/mamaterra.lt\/de\/wp-json\/wp\/v2\/types\/product"}],"wp:featuredmedia":[{"embeddable":true,"href":"https:\/\/mamaterra.lt\/de\/wp-json\/wp\/v2\/media\/22356"}],"wp:attachment":[{"href":"https:\/\/mamaterra.lt\/de\/wp-json\/wp\/v2\/media?parent=22355"}],"wp:term":[{"taxonomy":"product_brand","embeddable":true,"href":"https:\/\/mamaterra.lt\/de\/wp-json\/wp\/v2\/product_brand?post=22355"},{"taxonomy":"product_cat","embeddable":true,"href":"https:\/\/mamaterra.lt\/de\/wp-json\/wp\/v2\/product_cat?post=22355"},{"taxonomy":"product_tag","embeddable":true,"href":"https:\/\/mamaterra.lt\/de\/wp-json\/wp\/v2\/product_tag?post=22355"}],"curies":[{"name":"wp","href":"https:\/\/api.w.org\/{rel}","templated":true}]}}