{"id":22343,"date":"2022-11-01T18:11:19","date_gmt":"2022-11-01T17:11:19","guid":{"rendered":"https:\/\/mamaterra.lt\/parduotuve\/unkategorisiert\/veliurinis-sildomas-minkstas-zaislinis-triusis-ir-levandu-lavender-tyras-doterra-eterinis-aliejus-15ml\/"},"modified":"2024-03-11T20:47:59","modified_gmt":"2024-03-11T19:47:59","slug":"beheiztes-stofftier-kaninchen-und-lavendel-reines-aetherisches-doterra-oel-15ml","status":"publish","type":"product","link":"https:\/\/mamaterra.lt\/de\/parduotuve\/essentielle-oele\/reine-aetherische-oele\/beheiztes-stofftier-kaninchen-und-lavendel-reines-aetherisches-doterra-oel-15ml\/","title":{"rendered":"Beheiztes Stofftier Kaninchen und Lavendel reines \u00e4therisches doTERRA \u00d6l 15ml"},"content":{"rendered":"<p><strong>Beheiztes Stofftier Kaninchen und Lavendel reines \u00e4therisches doTERRA \u00d6l 15ml<\/strong><\/p>\n<p>&nbsp;<\/p>\n<p>Diese perfekte Kombination wurde speziell f\u00fcr unsere Kleinen entwickelt und wird sie den ganzen Winter \u00fcber kuschelig und gem\u00fctlich halten.<\/p>\n<p>1 beheizbares Pl\u00fcschkaninchen aus Velours und \u00e4therisches Lavendel\u00f6l (15 ml)<br \/>\nDieses Pl\u00fcschkaninchen hat ein abnehmbares Kissen, das in der Mikrowelle erw\u00e4rmt werden kann. Sobald das Kissen aufgew\u00e4rmt ist, kann das \u00e4therische \u00d6l darauf getr\u00e4ufelt werden!<br \/>\nAbmessungen des bel\u00fcfteten, beheizten Pl\u00fcschkaninchens: 26 x 24 x 12 cm<\/p>\n<p>&nbsp;<\/p>\n<p>Reines \u00e4therisches Lavendel\u00f6l von DoTERRA<\/p>\n<p>Lavandula angustifolia | 15ml<\/p>\n<p>&nbsp;<\/p>\n<p>Lavendel Reines DoTERRA \u00c4therisches \u00d6l Beschreibung:<\/p>\n<p>Lavendel wird seit Tausenden von Jahren wegen seines besonderen Aromas und seiner gesundheitlichen Vorteile gesch\u00e4tzt.<\/p>\n<p>Lavendel wird h\u00e4ufig wegen seiner beruhigenden und entspannenden Wirkung verwendet.<br \/>\nReduziert Hautreizungen<br \/>\nHat eine entspannende Wirkung, die zu einer entspannten Atmosph\u00e4re beitr\u00e4gt<\/p>\n<p>&nbsp;<\/p>\n","protected":false},"excerpt":{"rendered":"<p>Dieses Stofftierkaninchen hat ein abnehmbares Kissen, das in der Mikrowelle erw\u00e4rmt werden kann. Sobald das Kissen aufgew\u00e4rmt ist, k\u00f6nnen Sie es mit \u00e4therischem \u00d6l betr\u00e4ufeln! 1 beheiztes Velours-Kaninchen und \u00e4therisches Lavendel\u00f6l<\/p>\n","protected":false},"featured_media":22344,"template":"","meta":{"site-sidebar-layout":"default","site-content-layout":"default","ast-site-content-layout":"default","site-content-style":"default","site-sidebar-style":"default","ast-global-header-display":"","ast-banner-title-visibility":"","ast-main-header-display":"","ast-hfb-above-header-display":"","ast-hfb-below-header-display":"","ast-hfb-mobile-header-display":"","site-post-title":"","ast-breadcrumbs-content":"","ast-featured-img":"","footer-sml-layout":"","ast-disable-related-posts":"","theme-transparent-header-meta":"default","adv-header-id-meta":"","stick-header-meta":"","header-above-stick-meta":"","header-main-stick-meta":"","header-below-stick-meta":"","astra-migrate-meta-layouts":"set","ast-page-background-enabled":"default","ast-page-background-meta":{"desktop":{"background-color":"","background-image":"","background-repeat":"repeat","background-position":"center center","background-size":"auto","background-attachment":"scroll","background-type":"","background-media":"","overlay-type":"","overlay-color":"","overlay-opacity":"","overlay-gradient":""},"tablet":{"background-color":"","background-image":"","background-repeat":"repeat","background-position":"center center","background-size":"auto","background-attachment":"scroll","background-type":"","background-media":"","overlay-type":"","overlay-color":"","overlay-opacity":"","overlay-gradient":""},"mobile":{"background-color":"","background-image":"","background-repeat":"repeat","background-position":"center center","background-size":"auto","background-attachment":"scroll","background-type":"","background-media":"","overlay-type":"","overlay-color":"","overlay-opacity":"","overlay-gradient":""}},"ast-content-background-meta":{"desktop":{"background-color":"var(--ast-global-color-5)","background-image":"","background-repeat":"repeat","background-position":"center center","background-size":"auto","background-attachment":"scroll","background-type":"","background-media":"","overlay-type":"","overlay-color":"","overlay-opacity":"","overlay-gradient":""},"tablet":{"background-color":"var(--ast-global-color-5)","background-image":"","background-repeat":"repeat","background-position":"center center","background-size":"auto","background-attachment":"scroll","background-type":"","background-media":"","overlay-type":"","overlay-color":"","overlay-opacity":"","overlay-gradient":""},"mobile":{"background-color":"var(--ast-global-color-5)","background-image":"","background-repeat":"repeat","background-position":"center center","background-size":"auto","background-attachment":"scroll","background-type":"","background-media":"","overlay-type":"","overlay-color":"","overlay-opacity":"","overlay-gradient":""}}},"product_brand":[],"product_cat":[2044,1924,1929,1934,1949,2004,2039],"product_tag":[2098,3231,2664],"class_list":{"0":"post-22343","1":"product","2":"type-product","3":"status-publish","4":"has-post-thumbnail","6":"product_cat-fuer-kinder","7":"product_cat-geschenke","8":"product_cat-geschenke-fuer-frauen","9":"product_cat-geschenke-fur-manner","10":"product_cat-reine-aetherische-oele","11":"product_cat-schlafen","12":"product_cat-stressbewaeltigung","13":"product_tag-15ml-de","14":"product_tag-essentielle-oele","15":"product_tag-lavender-de","16":"desktop-align-left","17":"tablet-align-left","18":"mobile-align-left","20":"first","21":"instock","22":"taxable","23":"shipping-taxable","24":"purchasable","25":"product-type-simple"},"_links":{"self":[{"href":"https:\/\/mamaterra.lt\/de\/wp-json\/wp\/v2\/product\/22343","targetHints":{"allow":["GET"]}}],"collection":[{"href":"https:\/\/mamaterra.lt\/de\/wp-json\/wp\/v2\/product"}],"about":[{"href":"https:\/\/mamaterra.lt\/de\/wp-json\/wp\/v2\/types\/product"}],"wp:featuredmedia":[{"embeddable":true,"href":"https:\/\/mamaterra.lt\/de\/wp-json\/wp\/v2\/media\/22344"}],"wp:attachment":[{"href":"https:\/\/mamaterra.lt\/de\/wp-json\/wp\/v2\/media?parent=22343"}],"wp:term":[{"taxonomy":"product_brand","embeddable":true,"href":"https:\/\/mamaterra.lt\/de\/wp-json\/wp\/v2\/product_brand?post=22343"},{"taxonomy":"product_cat","embeddable":true,"href":"https:\/\/mamaterra.lt\/de\/wp-json\/wp\/v2\/product_cat?post=22343"},{"taxonomy":"product_tag","embeddable":true,"href":"https:\/\/mamaterra.lt\/de\/wp-json\/wp\/v2\/product_tag?post=22343"}],"curies":[{"name":"wp","href":"https:\/\/api.w.org\/{rel}","templated":true}]}}