{"id":22327,"date":"2021-04-18T16:47:31","date_gmt":"2021-04-18T15:47:31","guid":{"rendered":"https:\/\/mamaterra.lt\/parduotuve\/unkategorisiert\/rozmarinu-rosemary-tyras-doterra-eterinis-aliejus-15ml\/"},"modified":"2024-03-11T20:38:46","modified_gmt":"2024-03-11T19:38:46","slug":"rosmarin-rosemary-reines-aetherisches-oel-von-doterra","status":"publish","type":"product","link":"https:\/\/mamaterra.lt\/de\/parduotuve\/hygiene-und-hautpflege\/salon-essentials-haarpflegeprodukte\/rosmarin-rosemary-reines-aetherisches-oel-von-doterra\/","title":{"rendered":"Rosmarin (ROSEMARY) Reines \u00e4therisches \u00d6l von doTERRA"},"content":{"rendered":"<p><strong>Rosmarin (ROSEMARY) Reines \u00e4therisches \u00d6l von doTERRA<\/strong><\/p>\n<p>Rosmarinus officinalis | 15ml<\/p>\n<p>&nbsp;<\/p>\n<p>In der griechischen, r\u00f6mischen, \u00e4gyptischen und hebr\u00e4ischen Kultur galt Rosmarin als heilig und hat unz\u00e4hlige Verwendungsm\u00f6glichkeiten und Eigenschaften.<\/p>\n<p>Er verleiht Fleisch und besonderen Gerichten einen w\u00fcrzigen Kr\u00e4utergeschmack<br \/>\nBelebendes Aroma<br \/>\nBelebt die Sinne<br \/>\nVerbessert die Gehirnfunktion und das Ged\u00e4chtnis<br \/>\nErleichtert das Abhusten<br \/>\nVerringert Haarausfall<\/p>\n<p>Er ist ein duftender, immergr\u00fcner Strauch, dessen Bl\u00e4tter oft zum W\u00fcrzen von Speisen verwendet werden. Das \u00e4therische Rosmarin\u00f6l mit seinem krautigen, energischen Aroma ist eine wohlriechende Erg\u00e4nzung zu herzhaften Gerichten.<\/p>\n<p>Wenn getrockneter Rosmarin in einem Rezept verwendet wird, k\u00f6nnen Sie diesen durch \u00e4therisches Rosmarin\u00f6l ersetzen, um ein frisches und duftendes Gericht zu kreieren. Ein wenig doTERRA Rosmarin\u00f6l verfeinert Kartoffelp\u00fcree.<\/p>\n<p>Rosmarin (ROSEMARY) \u00c4therisches \u00d6l doTERRA Essential Emotionale Wirkungen:<\/p>\n<p>Rosmarin hilft Menschen in Zeiten des \u00dcbergangs und der Ver\u00e4nderung, z.B. beim Umzug in ein neues Haus, beim Schulwechsel oder beim Kennenlernen neuer Menschen.<br \/>\nDieses \u00d6l hilft, wahres Wissen und Intellekt zu erweitern, gibt Klarheit des Geistes und erleichtert den Lernprozess.<\/p>\n<p>&nbsp;<\/p>\n<p>F\u00fcr weitere Informationen \u00fcber das \u00e4therische \u00d6l ROSEMARY doTERRA sehen Sie sich das folgende Video an.<\/p>\n<p><iframe title=\"doTERRA Rosemary (Translated Subtitles)\" src=\"https:\/\/www.youtube.com\/embed\/ttHRTvikPak\" width=\"853\" height=\"480\" frameborder=\"0\" allowfullscreen=\"allowfullscreen\"><\/iframe><\/p>\n","protected":false},"excerpt":{"rendered":"<ul>\n<li>Verleiht Fleisch und speziellen Gerichten einen w\u00fcrzigen Kr\u00e4utergeschmack<\/li>\n<li>Belebendes Aroma<\/li>\n<li>Belebt die Sinne<\/li>\n<\/ul>\n","protected":false},"featured_media":22328,"template":"","meta":{"site-sidebar-layout":"default","site-content-layout":"default","ast-site-content-layout":"default","site-content-style":"default","site-sidebar-style":"default","ast-global-header-display":"","ast-banner-title-visibility":"","ast-main-header-display":"","ast-hfb-above-header-display":"","ast-hfb-below-header-display":"","ast-hfb-mobile-header-display":"","site-post-title":"","ast-breadcrumbs-content":"","ast-featured-img":"","footer-sml-layout":"","ast-disable-related-posts":"","theme-transparent-header-meta":"default","adv-header-id-meta":"","stick-header-meta":"","header-above-stick-meta":"","header-main-stick-meta":"","header-below-stick-meta":"","astra-migrate-meta-layouts":"set","ast-page-background-enabled":"default","ast-page-background-meta":{"desktop":{"background-color":"","background-image":"","background-repeat":"repeat","background-position":"center center","background-size":"auto","background-attachment":"scroll","background-type":"","background-media":"","overlay-type":"","overlay-color":"","overlay-opacity":"","overlay-gradient":""},"tablet":{"background-color":"","background-image":"","background-repeat":"repeat","background-position":"center center","background-size":"auto","background-attachment":"scroll","background-type":"","background-media":"","overlay-type":"","overlay-color":"","overlay-opacity":"","overlay-gradient":""},"mobile":{"background-color":"","background-image":"","background-repeat":"repeat","background-position":"center center","background-size":"auto","background-attachment":"scroll","background-type":"","background-media":"","overlay-type":"","overlay-color":"","overlay-opacity":"","overlay-gradient":""}},"ast-content-background-meta":{"desktop":{"background-color":"var(--ast-global-color-5)","background-image":"","background-repeat":"repeat","background-position":"center center","background-size":"auto","background-attachment":"scroll","background-type":"","background-media":"","overlay-type":"","overlay-color":"","overlay-opacity":"","overlay-gradient":""},"tablet":{"background-color":"var(--ast-global-color-5)","background-image":"","background-repeat":"repeat","background-position":"center center","background-size":"auto","background-attachment":"scroll","background-type":"","background-media":"","overlay-type":"","overlay-color":"","overlay-opacity":"","overlay-gradient":""},"mobile":{"background-color":"var(--ast-global-color-5)","background-image":"","background-repeat":"repeat","background-position":"center center","background-size":"auto","background-attachment":"scroll","background-type":"","background-media":"","overlay-type":"","overlay-color":"","overlay-opacity":"","overlay-gradient":""}}},"product_brand":[],"product_cat":[1939,1989,1994,2034,1949,1964,2014],"product_tag":[2092,3231,2519],"class_list":{"0":"post-22327","1":"product","2":"type-product","3":"status-publish","4":"has-post-thumbnail","6":"product_cat-essentielle-oele","7":"product_cat-immunitaet","8":"product_cat-konzentration","9":"product_cat-luftfilterung","10":"product_cat-reine-aetherische-oele","11":"product_cat-salon-essentials-haarpflegeprodukte","12":"product_cat-von-muecken-und-zecken","13":"product_tag-15-ml-de","14":"product_tag-essentielle-oele","15":"product_tag-rosemary-de","16":"desktop-align-left","17":"tablet-align-left","18":"mobile-align-left","20":"first","21":"instock","22":"taxable","23":"shipping-taxable","24":"purchasable","25":"product-type-simple"},"_links":{"self":[{"href":"https:\/\/mamaterra.lt\/de\/wp-json\/wp\/v2\/product\/22327","targetHints":{"allow":["GET"]}}],"collection":[{"href":"https:\/\/mamaterra.lt\/de\/wp-json\/wp\/v2\/product"}],"about":[{"href":"https:\/\/mamaterra.lt\/de\/wp-json\/wp\/v2\/types\/product"}],"wp:featuredmedia":[{"embeddable":true,"href":"https:\/\/mamaterra.lt\/de\/wp-json\/wp\/v2\/media\/22328"}],"wp:attachment":[{"href":"https:\/\/mamaterra.lt\/de\/wp-json\/wp\/v2\/media?parent=22327"}],"wp:term":[{"taxonomy":"product_brand","embeddable":true,"href":"https:\/\/mamaterra.lt\/de\/wp-json\/wp\/v2\/product_brand?post=22327"},{"taxonomy":"product_cat","embeddable":true,"href":"https:\/\/mamaterra.lt\/de\/wp-json\/wp\/v2\/product_cat?post=22327"},{"taxonomy":"product_tag","embeddable":true,"href":"https:\/\/mamaterra.lt\/de\/wp-json\/wp\/v2\/product_tag?post=22327"}],"curies":[{"name":"wp","href":"https:\/\/api.w.org\/{rel}","templated":true}]}}