{"id":22307,"date":"2021-04-18T16:40:24","date_gmt":"2021-04-18T15:40:24","guid":{"rendered":"https:\/\/mamaterra.lt\/parduotuve\/unkategorisiert\/levandu-lavender-tyras-doterra-eterinis-aliejus-15ml\/"},"modified":"2024-03-11T20:28:52","modified_gmt":"2024-03-11T19:28:52","slug":"lavendel-rein-doterra-aetherisches-oel-15ml","status":"publish","type":"product","link":"https:\/\/mamaterra.lt\/de\/parduotuve\/essentielle-oele\/reine-aetherische-oele\/lavendel-rein-doterra-aetherisches-oel-15ml\/","title":{"rendered":"Lavendel rein doTERRA \u00c4therisches \u00d6l 15ml"},"content":{"rendered":"<p><strong>Lavendel rein doTERRA \u00c4therisches \u00d6l\u00a0<\/strong><\/p>\n<p>Lavandula angustifolia | 15ml<\/p>\n<p>&nbsp;<\/p>\n<p>Mit seinem unverwechselbaren Aroma und seinen unz\u00e4hligen Anwendungsm\u00f6glichkeiten ist Lavendel zu einem der beliebtesten \u00e4therischen \u00d6le geworden. In der Antike verwendeten die R\u00f6mer und \u00c4gypter Lavendel zum Baden. Seitdem haben viele die unz\u00e4hligen anderen Vorteile entdeckt, die Lavendel bietet. Lavendel wird h\u00e4ufig in Kosmetika und Parf\u00fcms verwendet, da er eine gesunde, reine Haut f\u00f6rdert. Au\u00dferdem werden seine beruhigenden Eigenschaften h\u00e4ufig zur Entspannung des K\u00f6rpers und zur Verbesserung der Stimmung genutzt. Seine vielseitigen Vorteile machen Lavendel zu einem \u00d6l, das man immer und \u00fcberall dabei haben sollte.<br \/>\nKann gesunde Haut f\u00f6rdern.<br \/>\nLavendel wird von alten Kulturen verehrt und h\u00e4ufig verwendet und erfreut sich auch heute noch wachsender Beliebtheit f\u00fcr kosmetische Zwecke.<br \/>\nNeben seinem unverwechselbaren Aroma und seinen einzigartigen Anwendungsm\u00f6glichkeiten wird Lavendel h\u00e4ufig verwendet, um Ruhe und Entspannung zu f\u00f6rdern.<br \/>\nF\u00fcgen Sie einige Tropfen Lavendel hinzu, um ruhige und entspannende Gef\u00fchle zu f\u00f6rdern.<br \/>\nGeben Sie einen Tropfen in Ihre Sch\u00f6nheitspflege, um eine gesunde Haut zu f\u00f6rdern.<br \/>\nGeben Sie einen Tropfen ins Badewasser, um Ihre Sorgen zu vertreiben, oder tragen Sie ihn auf die Schl\u00e4fen und den Nacken auf.<br \/>\nGeben Sie ein paar Tropfen Lavendel auf Kissen oder Bettw\u00e4sche, um die Entspannung zu f\u00f6rdern.<\/p>\n<p><iframe title=\"doTERRA\u00ae Lavender Oil Uses and Benefits\" src=\"https:\/\/www.youtube.com\/embed\/wjbHnTrTeKc\" width=\"853\" height=\"480\" frameborder=\"0\" allowfullscreen=\"allowfullscreen\"><\/iframe><\/p>\n","protected":false},"excerpt":{"rendered":"<ul>\n<li>Geben Sie einen Tropfen in Ihre Sch\u00f6nheitspflege, um eine gesunde Haut zu f\u00f6rdern.<\/li>\n<li>Geben Sie einen Tropfen ins Badewasser, um Ihre Sorgen zu vertreiben, oder tragen Sie ihn auf die Schl\u00e4fen und den Nacken auf.<\/li>\n<li>Geben Sie ein paar Tropfen Lavendel auf Kissen oder Bettw\u00e4sche, um die Entspannung zu f\u00f6rdern.<\/li>\n<\/ul>\n","protected":false},"featured_media":22308,"template":"","meta":{"site-sidebar-layout":"default","site-content-layout":"default","ast-site-content-layout":"default","site-content-style":"default","site-sidebar-style":"default","ast-global-header-display":"","ast-banner-title-visibility":"","ast-main-header-display":"","ast-hfb-above-header-display":"","ast-hfb-below-header-display":"","ast-hfb-mobile-header-display":"","site-post-title":"","ast-breadcrumbs-content":"","ast-featured-img":"","footer-sml-layout":"","ast-disable-related-posts":"","theme-transparent-header-meta":"default","adv-header-id-meta":"","stick-header-meta":"","header-above-stick-meta":"","header-main-stick-meta":"","header-below-stick-meta":"","astra-migrate-meta-layouts":"set","ast-page-background-enabled":"default","ast-page-background-meta":{"desktop":{"background-color":"","background-image":"","background-repeat":"repeat","background-position":"center center","background-size":"auto","background-attachment":"scroll","background-type":"","background-media":"","overlay-type":"","overlay-color":"","overlay-opacity":"","overlay-gradient":""},"tablet":{"background-color":"","background-image":"","background-repeat":"repeat","background-position":"center center","background-size":"auto","background-attachment":"scroll","background-type":"","background-media":"","overlay-type":"","overlay-color":"","overlay-opacity":"","overlay-gradient":""},"mobile":{"background-color":"","background-image":"","background-repeat":"repeat","background-position":"center center","background-size":"auto","background-attachment":"scroll","background-type":"","background-media":"","overlay-type":"","overlay-color":"","overlay-opacity":"","overlay-gradient":""}},"ast-content-background-meta":{"desktop":{"background-color":"var(--ast-global-color-5)","background-image":"","background-repeat":"repeat","background-position":"center center","background-size":"auto","background-attachment":"scroll","background-type":"","background-media":"","overlay-type":"","overlay-color":"","overlay-opacity":"","overlay-gradient":""},"tablet":{"background-color":"var(--ast-global-color-5)","background-image":"","background-repeat":"repeat","background-position":"center center","background-size":"auto","background-attachment":"scroll","background-type":"","background-media":"","overlay-type":"","overlay-color":"","overlay-opacity":"","overlay-gradient":""},"mobile":{"background-color":"var(--ast-global-color-5)","background-image":"","background-repeat":"repeat","background-position":"center center","background-size":"auto","background-attachment":"scroll","background-type":"","background-media":"","overlay-type":"","overlay-color":"","overlay-opacity":"","overlay-gradient":""}}},"product_brand":[],"product_cat":[1939,2044,1959,1949,2004,2039,2014],"product_tag":[2092,3291,3231],"class_list":{"0":"post-22307","1":"product","2":"type-product","3":"status-publish","4":"has-post-thumbnail","6":"product_cat-essentielle-oele","7":"product_cat-fuer-kinder","8":"product_cat-hygiene-und-hautpflege","9":"product_cat-reine-aetherische-oele","10":"product_cat-schlafen","11":"product_cat-stressbewaeltigung","12":"product_cat-von-muecken-und-zecken","13":"product_tag-15-ml-de","14":"product_tag-beliebt","15":"product_tag-essentielle-oele","16":"desktop-align-left","17":"tablet-align-left","18":"mobile-align-left","20":"first","21":"instock","22":"sale","23":"featured","24":"taxable","25":"shipping-taxable","26":"purchasable","27":"product-type-simple"},"_links":{"self":[{"href":"https:\/\/mamaterra.lt\/de\/wp-json\/wp\/v2\/product\/22307","targetHints":{"allow":["GET"]}}],"collection":[{"href":"https:\/\/mamaterra.lt\/de\/wp-json\/wp\/v2\/product"}],"about":[{"href":"https:\/\/mamaterra.lt\/de\/wp-json\/wp\/v2\/types\/product"}],"wp:featuredmedia":[{"embeddable":true,"href":"https:\/\/mamaterra.lt\/de\/wp-json\/wp\/v2\/media\/22308"}],"wp:attachment":[{"href":"https:\/\/mamaterra.lt\/de\/wp-json\/wp\/v2\/media?parent=22307"}],"wp:term":[{"taxonomy":"product_brand","embeddable":true,"href":"https:\/\/mamaterra.lt\/de\/wp-json\/wp\/v2\/product_brand?post=22307"},{"taxonomy":"product_cat","embeddable":true,"href":"https:\/\/mamaterra.lt\/de\/wp-json\/wp\/v2\/product_cat?post=22307"},{"taxonomy":"product_tag","embeddable":true,"href":"https:\/\/mamaterra.lt\/de\/wp-json\/wp\/v2\/product_tag?post=22307"}],"curies":[{"name":"wp","href":"https:\/\/api.w.org\/{rel}","templated":true}]}}