{"id":22291,"date":"2021-04-18T16:42:36","date_gmt":"2021-04-18T15:42:36","guid":{"rendered":"https:\/\/mamaterra.lt\/parduotuve\/unkategorisiert\/mairunu-marjoram-tyras-doterra-eterinis-aliejus-15ml\/"},"modified":"2024-03-11T20:15:37","modified_gmt":"2024-03-11T19:15:37","slug":"marjoram-doterra-15ml","status":"publish","type":"product","link":"https:\/\/mamaterra.lt\/de\/parduotuve\/essentielle-oele\/reine-aetherische-oele\/marjoram-doterra-15ml\/","title":{"rendered":"MARJORAM doTERRA 15ml"},"content":{"rendered":"<p><strong>MARJORAM doTERRA\u00a0<\/strong><\/p>\n<p>Origanum majorana | 15ml<\/p>\n<p>&nbsp;<\/p>\n<p>Majoran war bei den Griechen und R\u00f6mern als Symbol des Gl\u00fccks bekannt. Das \u00e4therische Majoran\u00f6l ist allgemein f\u00fcr seine F\u00e4higkeit bekannt, Speisen zu w\u00fcrzen, und ist ein einzigartiger Zusatzstoff in der K\u00fcche. Das krautige Aroma des Majoran\u00f6ls kann in Suppen, Eint\u00f6pfen, Dressings und So\u00dfen verwendet werden. In Deutschland ist dieses Kraut als &#8222;G\u00e4nsekraut&#8220; bekannt, da es traditionell zum Braten von G\u00e4nsen verwendet wird.<br \/>\nDer warme und krautige Geschmack wird in zahlreichen Rezepten der herzhaften K\u00fcche und in verschiedenen Kulturen verwendet.<br \/>\nMajoran wird wegen seines lang anhaltenden, positiven und beruhigenden Aromas sehr gesch\u00e4tzt.<br \/>\nDie \u00e4therischen \u00d6le sind im Vergleich zu trockenen Gew\u00fcrzen oder anderen Aromastoffen sehr stark, so dass schon die kleinste Menge Ihrem Gericht einen kr\u00e4ftigen Geschmacksschub verleihen kann. Wenn Sie Majoran beim Kochen verwenden, wenden Sie am besten die Zahnstocher-Methode an: Tauchen Sie die Spitze eines sauberen Zahnstochers in das Fl\u00e4schchen mit dem \u00e4therischen \u00d6l und r\u00fchren Sie den Zahnstocher in Ihre Zutaten. Nachdem Sie den Zahnstocher in der Sch\u00fcssel umger\u00fchrt haben, machen Sie eine Geschmacksprobe, um festzustellen, ob Sie mehr \u00d6l hinzuf\u00fcgen m\u00f6chten oder nicht.<br \/>\nErsetzen Sie das \u00e4therische Majoran\u00f6l in Ihrem n\u00e4chsten Rezept, in dem getrockneter Majoran verwendet wird.<br \/>\nGeben Sie einen Tropfen Majoran zu herzhaften Gerichten wie Suppen, So\u00dfen, Salaten und vor allem Fleischgerichten.<\/p>\n<p><iframe title=\"What Marjoram Essential Oil is good for?\" src=\"https:\/\/www.youtube.com\/embed\/E-bVcBNMfA0\" width=\"853\" height=\"480\" frameborder=\"0\" allowfullscreen=\"allowfullscreen\"><\/iframe><\/p>\n","protected":false},"excerpt":{"rendered":"<ul>\n<li>Warmes pflanzliches Lebensmittelgew\u00fcrz<\/li>\n<li>Beruhigendes Aroma<\/li>\n<li>Innerlich eingenommen, unterst\u00fctzt es das Wohlbefinden<\/li>\n<\/ul>\n","protected":false},"featured_media":22292,"template":"","meta":{"site-sidebar-layout":"default","site-content-layout":"default","ast-site-content-layout":"default","site-content-style":"default","site-sidebar-style":"default","ast-global-header-display":"","ast-banner-title-visibility":"","ast-main-header-display":"","ast-hfb-above-header-display":"","ast-hfb-below-header-display":"","ast-hfb-mobile-header-display":"","site-post-title":"","ast-breadcrumbs-content":"","ast-featured-img":"","footer-sml-layout":"","ast-disable-related-posts":"","theme-transparent-header-meta":"default","adv-header-id-meta":"","stick-header-meta":"","header-above-stick-meta":"","header-main-stick-meta":"","header-below-stick-meta":"","astra-migrate-meta-layouts":"set","ast-page-background-enabled":"default","ast-page-background-meta":{"desktop":{"background-color":"","background-image":"","background-repeat":"repeat","background-position":"center center","background-size":"auto","background-attachment":"scroll","background-type":"","background-media":"","overlay-type":"","overlay-color":"","overlay-opacity":"","overlay-gradient":""},"tablet":{"background-color":"","background-image":"","background-repeat":"repeat","background-position":"center center","background-size":"auto","background-attachment":"scroll","background-type":"","background-media":"","overlay-type":"","overlay-color":"","overlay-opacity":"","overlay-gradient":""},"mobile":{"background-color":"","background-image":"","background-repeat":"repeat","background-position":"center center","background-size":"auto","background-attachment":"scroll","background-type":"","background-media":"","overlay-type":"","overlay-color":"","overlay-opacity":"","overlay-gradient":""}},"ast-content-background-meta":{"desktop":{"background-color":"var(--ast-global-color-5)","background-image":"","background-repeat":"repeat","background-position":"center center","background-size":"auto","background-attachment":"scroll","background-type":"","background-media":"","overlay-type":"","overlay-color":"","overlay-opacity":"","overlay-gradient":""},"tablet":{"background-color":"var(--ast-global-color-5)","background-image":"","background-repeat":"repeat","background-position":"center center","background-size":"auto","background-attachment":"scroll","background-type":"","background-media":"","overlay-type":"","overlay-color":"","overlay-opacity":"","overlay-gradient":""},"mobile":{"background-color":"var(--ast-global-color-5)","background-image":"","background-repeat":"repeat","background-position":"center center","background-size":"auto","background-attachment":"scroll","background-type":"","background-media":"","overlay-type":"","overlay-color":"","overlay-opacity":"","overlay-gradient":""}}},"product_brand":[],"product_cat":[1939,1999,1949,2004,2039],"product_tag":[2092,3231,2624],"class_list":{"0":"post-22291","1":"product","2":"type-product","3":"status-publish","4":"has-post-thumbnail","6":"product_cat-essentielle-oele","7":"product_cat-massage-de","8":"product_cat-reine-aetherische-oele","9":"product_cat-schlafen","10":"product_cat-stressbewaeltigung","11":"product_tag-15-ml-de","12":"product_tag-essentielle-oele","13":"product_tag-marjoram-de","14":"desktop-align-left","15":"tablet-align-left","16":"mobile-align-left","18":"first","19":"instock","20":"taxable","21":"shipping-taxable","22":"purchasable","23":"product-type-simple"},"_links":{"self":[{"href":"https:\/\/mamaterra.lt\/de\/wp-json\/wp\/v2\/product\/22291","targetHints":{"allow":["GET"]}}],"collection":[{"href":"https:\/\/mamaterra.lt\/de\/wp-json\/wp\/v2\/product"}],"about":[{"href":"https:\/\/mamaterra.lt\/de\/wp-json\/wp\/v2\/types\/product"}],"wp:featuredmedia":[{"embeddable":true,"href":"https:\/\/mamaterra.lt\/de\/wp-json\/wp\/v2\/media\/22292"}],"wp:attachment":[{"href":"https:\/\/mamaterra.lt\/de\/wp-json\/wp\/v2\/media?parent=22291"}],"wp:term":[{"taxonomy":"product_brand","embeddable":true,"href":"https:\/\/mamaterra.lt\/de\/wp-json\/wp\/v2\/product_brand?post=22291"},{"taxonomy":"product_cat","embeddable":true,"href":"https:\/\/mamaterra.lt\/de\/wp-json\/wp\/v2\/product_cat?post=22291"},{"taxonomy":"product_tag","embeddable":true,"href":"https:\/\/mamaterra.lt\/de\/wp-json\/wp\/v2\/product_tag?post=22291"}],"curies":[{"name":"wp","href":"https:\/\/api.w.org\/{rel}","templated":true}]}}