{"id":22259,"date":"2021-04-18T16:46:34","date_gmt":"2021-04-18T15:46:34","guid":{"rendered":"https:\/\/mamaterra.lt\/parduotuve\/unkategorisiert\/romenisku-ramuneliu-roman-chamomile-tyras-doterra-eterinis-aliejus-5ml\/"},"modified":"2024-03-11T19:40:05","modified_gmt":"2024-03-11T18:40:05","slug":"doterra-roman-chamomile-reines-aetherisches-oel-5-ml","status":"publish","type":"product","link":"https:\/\/mamaterra.lt\/de\/parduotuve\/essentielle-oele\/reine-aetherische-oele\/doterra-roman-chamomile-reines-aetherisches-oel-5-ml\/","title":{"rendered":"doTERRA ROMAN CHAMOMILE Reines \u00c4therisches \u00d6l 5 ml"},"content":{"rendered":"<p><strong>doTERRA ROMAN CHAMOMILE Reines \u00c4therisches \u00d6l\u00a0<\/strong><\/p>\n<p>Anthemis nobilis | 5ml<\/p>\n<p>&nbsp;<\/p>\n<p>Die R\u00f6mische Kamille w\u00e4chst in Bodenn\u00e4he und wird nur bis zu einem Meter hoch. Sie hat graugr\u00fcne Bl\u00e4tter, Bl\u00fcten, die einem G\u00e4nsebl\u00fcmchen \u00e4hneln, und riecht wie ein Apfel. Die Pflanze wird als &#8222;Arzt der Pflanzen&#8220; bezeichnet, weil sie positive Auswirkungen auf die in der N\u00e4he wachsenden Pflanzen hat. Die alten R\u00f6mer verwendeten das r\u00f6mische Kamillen\u00f6l als Mutmacher im Krieg. Am h\u00e4ufigsten wird die Kamille als Tee verwendet, aber man findet sie auch in Gesichtscremes, Haarf\u00e4rbemitteln, Shampoos und Parf\u00fcms.<br \/>\nDie beruhigenden Eigenschaften des \u00e4therischen \u00d6ls der r\u00f6mischen Kamille sind auch hilfreich, wenn Sie Ihre Haut beruhigen oder Ihr Haar b\u00e4ndigen m\u00f6chten. Geben Sie ein bis zwei Tropfen des \u00d6ls in eine t\u00e4gliche Feuchtigkeitscreme, um das \u00e4therische \u00d6l der r\u00f6mischen Kamille in Ihr t\u00e4gliches Hautpflegeprogramm zu integrieren. Wenn Sie das \u00d6l der r\u00f6mischen Kamille f\u00fcr Ihr Haar verwenden m\u00f6chten, k\u00f6nnen Sie ein paar Tropfen in Ihr Shampoo oder Ihre Haarsp\u00fclung geben. Dies f\u00f6rdert nicht nur ein gesundes Aussehen der Haare, sondern hinterl\u00e4sst auch einen frischen, blumigen Duft in Ihren Locken.<\/p>\n<p>Integrieren Sie r\u00f6mische Kamille in Ihre Schlafroutine, indem Sie 1-2 Tropfen auf die Fu\u00dfsohlen geben, bevor Sie ins Bett gehen.<br \/>\nGeben Sie 1-2 Tropfen in Ihr Shampoo oder Ihre Pflegesp\u00fclung, um eine gl\u00e4ttende Wirkung zu erzielen.<br \/>\nMischen Sie es mit anderen blumigen \u00e4therischen \u00d6len wie Lavendel, Ylang Ylang und Patchouli.<br \/>\nGeben Sie es zu Ihrer t\u00e4glichen Feuchtigkeitspflege, um von seiner beruhigenden Wirkung auf die Haut zu profitieren.<br \/>\nHinweise zur Anwendung<br \/>\nTopische Anwendung: F\u00fcr die Massage, 5 Tropfen mit 10 ml Tr\u00e4ger\u00f6l mischen. F\u00fcr ein Bad, 5 Tropfen mit 5 ml Tr\u00e4ger\u00f6l mischen. Zur Parf\u00fcmierung: 1 Tropfen mit 10 Tropfen Tr\u00e4ger\u00f6l mischen. Nur zur \u00e4u\u00dferlichen Anwendung.<br \/>\nVorsichtshinweise<br \/>\nM\u00f6gliche Hautempfindlichkeit. Au\u00dferhalb der Reichweite von Kindern aufbewahren. Konsultieren Sie Ihren Arzt, wenn Sie schwanger sind oder sich in Behandlung befinden. Augen, Innenohren und empfindliche Bereiche meiden.<\/p>\n","protected":false},"excerpt":{"rendered":"<p>Die beruhigenden Eigenschaften des \u00e4therischen \u00d6ls der r\u00f6mischen Kamille sind auch hilfreich, wenn Sie Ihre Haut beruhigen oder Ihr Haar b\u00e4ndigen m\u00f6chten. Geben Sie ein bis zwei Tropfen des \u00d6ls in eine t\u00e4gliche Feuchtigkeitscreme, um das \u00e4therische \u00d6l der r\u00f6mischen Kamille in Ihr t\u00e4gliches Hautpflegeprogramm zu integrieren<\/p>\n","protected":false},"featured_media":0,"template":"","meta":{"site-sidebar-layout":"default","site-content-layout":"default","ast-site-content-layout":"default","site-content-style":"default","site-sidebar-style":"default","ast-global-header-display":"","ast-banner-title-visibility":"","ast-main-header-display":"","ast-hfb-above-header-display":"","ast-hfb-below-header-display":"","ast-hfb-mobile-header-display":"","site-post-title":"","ast-breadcrumbs-content":"","ast-featured-img":"","footer-sml-layout":"","ast-disable-related-posts":"","theme-transparent-header-meta":"default","adv-header-id-meta":"","stick-header-meta":"","header-above-stick-meta":"","header-main-stick-meta":"","header-below-stick-meta":"","astra-migrate-meta-layouts":"set","ast-page-background-enabled":"default","ast-page-background-meta":{"desktop":{"background-color":"","background-image":"","background-repeat":"repeat","background-position":"center center","background-size":"auto","background-attachment":"scroll","background-type":"","background-media":"","overlay-type":"","overlay-color":"","overlay-opacity":"","overlay-gradient":""},"tablet":{"background-color":"","background-image":"","background-repeat":"repeat","background-position":"center center","background-size":"auto","background-attachment":"scroll","background-type":"","background-media":"","overlay-type":"","overlay-color":"","overlay-opacity":"","overlay-gradient":""},"mobile":{"background-color":"","background-image":"","background-repeat":"repeat","background-position":"center center","background-size":"auto","background-attachment":"scroll","background-type":"","background-media":"","overlay-type":"","overlay-color":"","overlay-opacity":"","overlay-gradient":""}},"ast-content-background-meta":{"desktop":{"background-color":"var(--ast-global-color-5)","background-image":"","background-repeat":"repeat","background-position":"center center","background-size":"auto","background-attachment":"scroll","background-type":"","background-media":"","overlay-type":"","overlay-color":"","overlay-opacity":"","overlay-gradient":""},"tablet":{"background-color":"var(--ast-global-color-5)","background-image":"","background-repeat":"repeat","background-position":"center center","background-size":"auto","background-attachment":"scroll","background-type":"","background-media":"","overlay-type":"","overlay-color":"","overlay-opacity":"","overlay-gradient":""},"mobile":{"background-color":"var(--ast-global-color-5)","background-image":"","background-repeat":"repeat","background-position":"center center","background-size":"auto","background-attachment":"scroll","background-type":"","background-media":"","overlay-type":"","overlay-color":"","overlay-opacity":"","overlay-gradient":""}}},"product_brand":[],"product_cat":[1939,2044,1949,2004,2039],"product_tag":[2064,3231,2516],"class_list":{"0":"post-22259","1":"product","2":"type-product","3":"status-publish","5":"product_cat-essentielle-oele","6":"product_cat-fuer-kinder","7":"product_cat-reine-aetherische-oele","8":"product_cat-schlafen","9":"product_cat-stressbewaeltigung","10":"product_tag-5-ml-de","11":"product_tag-essentielle-oele","12":"product_tag-roman-chamomile-de","13":"desktop-align-left","14":"tablet-align-left","15":"mobile-align-left","17":"first","18":"instock","19":"taxable","20":"shipping-taxable","21":"purchasable","22":"product-type-simple"},"_links":{"self":[{"href":"https:\/\/mamaterra.lt\/de\/wp-json\/wp\/v2\/product\/22259","targetHints":{"allow":["GET"]}}],"collection":[{"href":"https:\/\/mamaterra.lt\/de\/wp-json\/wp\/v2\/product"}],"about":[{"href":"https:\/\/mamaterra.lt\/de\/wp-json\/wp\/v2\/types\/product"}],"wp:attachment":[{"href":"https:\/\/mamaterra.lt\/de\/wp-json\/wp\/v2\/media?parent=22259"}],"wp:term":[{"taxonomy":"product_brand","embeddable":true,"href":"https:\/\/mamaterra.lt\/de\/wp-json\/wp\/v2\/product_brand?post=22259"},{"taxonomy":"product_cat","embeddable":true,"href":"https:\/\/mamaterra.lt\/de\/wp-json\/wp\/v2\/product_cat?post=22259"},{"taxonomy":"product_tag","embeddable":true,"href":"https:\/\/mamaterra.lt\/de\/wp-json\/wp\/v2\/product_tag?post=22259"}],"curies":[{"name":"wp","href":"https:\/\/api.w.org\/{rel}","templated":true}]}}