{"id":22228,"date":"2024-03-11T18:36:41","date_gmt":"2024-03-11T17:36:41","guid":{"rendered":"https:\/\/mamaterra.lt\/?post_type=product&#038;p=22228"},"modified":"2024-03-11T19:02:34","modified_gmt":"2024-03-11T18:02:34","slug":"doterra-metapwr-beadlets","status":"publish","type":"product","link":"https:\/\/mamaterra.lt\/de\/parduotuve\/essentielle-oele\/aetherische-oelmischungen\/doterra-metapwr-beadlets\/","title":{"rendered":"doTERRA MetaPWR Beadlets"},"content":{"rendered":"<div class=\"spotlight__head\">\n<div class=\"ui container\">\n<div class=\"spotlight__wrap\">\n<div class=\"spotlight__head-item spotlight__head-item--copy\">\n<h6 class=\"spotlight__head-title\">doTERRA MetaPWR Beadlets<\/h6>\n<p>125<\/p>\n<p>MetaPWR Beadlets sind eine einfache und bequeme M\u00f6glichkeit, die MetaPWR Essential Oil Blend in Ihre t\u00e4gliche Wellness- und Trainingsroutine einzubauen. Die Beadlets passen perfekt in eine Tasche, um sie zu Hause oder am Schreibtisch aufzubewahren, damit Sie jederzeit und \u00fcberall eine achtsame Ern\u00e4hrung unterst\u00fctzen k\u00f6nnen.<\/p>\n<div class=\"spotlight__head-copy\">\n<p>Die \u00e4therische \u00d6lmischung MetaPWR\u2122 wurde entwickelt, um einen Lebensstil zu unterst\u00fctzen, der sich auf mehr Vitalit\u00e4t, eine bessere Ern\u00e4hrung und Wohlbefinden konzentriert. Die von d\u014dTERRA-Klinikern und medizinischen Wissenschaftlern entwickelte MetaPWR-Mischung ist eine spezielle Mischung aus den \u00e4therischen \u00d6len CPTG\u2122 Grapefruit, Zitrone, Pfefferminze, Ingwer und Zimt. Die Kombination aus Zitrus-, Minz- und Gew\u00fcrz\u00f6len macht MetaPWR zu einem wirksamen Lebensmittelgew\u00fcrz, das den Hei\u00dfhunger auf S\u00fc\u00dfes stillt!<\/p>\n<p>Es gibt Ihnen den Schub, den Sie vor und w\u00e4hrend eines intensiven Workouts brauchen.<br \/>\nWenn MetaPWR zum Aromatisieren von Speisen verwendet wird, kann es die Sinne anregen und die Stimmung heben.<br \/>\nEs ist eine hervorragende Erg\u00e4nzung zu einem gesundheitsf\u00f6rdernden Programm und tr\u00e4gt zu einer bewussten Lebensmittelauswahl bei.<\/p>\n<p>Vorsichtsma\u00dfnahmen<br \/>\nAu\u00dferhalb der Reichweite von Kindern aufbewahren. Die empfohlene Tagesdosis nicht \u00fcberschreiten. Nahrungserg\u00e4nzungsmittel d\u00fcrfen eine abwechslungsreiche und ausgewogene Ern\u00e4hrung und eine gesunde Lebensweise nicht ersetzen. Schwangere oder stillende Frauen und Personen mit bekannten medizinischen Problemen sollten vor der Einnahme einen Arzt konsultieren. Dicht verschlossen und k\u00fchl aufbewahren<\/p>\n<\/div>\n<\/div>\n<\/div>\n<\/div>\n<\/div>\n","protected":false},"excerpt":{"rendered":"<p>DMetaPWR Beadlets sind eine einfache und bequeme M\u00f6glichkeit, die MetaPWR Essential Oil Blend in Ihre t\u00e4gliche Wellness- und Trainingsroutine einzubauen. Die MetaPWR-Mischung wurde von klinischen und medizinischen Wissenschaftlern von doTERRA entwickelt und besteht aus einem ausgewogenen Verh\u00e4ltnis von \u00e4therischen \u00d6len aus Grapefruit, Zitrone, Pfefferminze, Ingwer und Zimt. Die Beadlets passen perfekt in eine Tasche, um sie zu Hause oder am Schreibtisch aufzubewahren, damit Sie jederzeit und \u00fcberall eine achtsame Ern\u00e4hrung unterst\u00fctzen k\u00f6nnen.<\/p>\n","protected":false},"featured_media":23715,"template":"","meta":{"site-sidebar-layout":"default","site-content-layout":"","ast-site-content-layout":"default","site-content-style":"default","site-sidebar-style":"default","ast-global-header-display":"","ast-banner-title-visibility":"","ast-main-header-display":"","ast-hfb-above-header-display":"","ast-hfb-below-header-display":"","ast-hfb-mobile-header-display":"","site-post-title":"","ast-breadcrumbs-content":"","ast-featured-img":"","footer-sml-layout":"","ast-disable-related-posts":"","theme-transparent-header-meta":"","adv-header-id-meta":"","stick-header-meta":"","header-above-stick-meta":"","header-main-stick-meta":"","header-below-stick-meta":"","astra-migrate-meta-layouts":"set","ast-page-background-enabled":"default","ast-page-background-meta":{"desktop":{"background-color":"","background-image":"","background-repeat":"repeat","background-position":"center center","background-size":"auto","background-attachment":"scroll","background-type":"","background-media":"","overlay-type":"","overlay-color":"","overlay-opacity":"","overlay-gradient":""},"tablet":{"background-color":"","background-image":"","background-repeat":"repeat","background-position":"center center","background-size":"auto","background-attachment":"scroll","background-type":"","background-media":"","overlay-type":"","overlay-color":"","overlay-opacity":"","overlay-gradient":""},"mobile":{"background-color":"","background-image":"","background-repeat":"repeat","background-position":"center center","background-size":"auto","background-attachment":"scroll","background-type":"","background-media":"","overlay-type":"","overlay-color":"","overlay-opacity":"","overlay-gradient":""}},"ast-content-background-meta":{"desktop":{"background-color":"var(--ast-global-color-5)","background-image":"","background-repeat":"repeat","background-position":"center center","background-size":"auto","background-attachment":"scroll","background-type":"","background-media":"","overlay-type":"","overlay-color":"","overlay-opacity":"","overlay-gradient":""},"tablet":{"background-color":"var(--ast-global-color-5)","background-image":"","background-repeat":"repeat","background-position":"center center","background-size":"auto","background-attachment":"scroll","background-type":"","background-media":"","overlay-type":"","overlay-color":"","overlay-opacity":"","overlay-gradient":""},"mobile":{"background-color":"var(--ast-global-color-5)","background-image":"","background-repeat":"repeat","background-position":"center center","background-size":"auto","background-attachment":"scroll","background-type":"","background-media":"","overlay-type":"","overlay-color":"","overlay-opacity":"","overlay-gradient":""}}},"product_brand":[],"product_cat":[1944,1939,2049],"product_tag":[3102],"class_list":{"0":"post-22228","1":"product","2":"type-product","3":"status-publish","4":"has-post-thumbnail","6":"product_cat-aetherische-oelmischungen","7":"product_cat-essentielle-oele","8":"product_cat-verdauung","9":"product_tag-metapwr-de","10":"desktop-align-left","11":"tablet-align-left","12":"mobile-align-left","14":"first","15":"instock","16":"taxable","17":"shipping-taxable","18":"product-type-simple"},"_links":{"self":[{"href":"https:\/\/mamaterra.lt\/de\/wp-json\/wp\/v2\/product\/22228","targetHints":{"allow":["GET"]}}],"collection":[{"href":"https:\/\/mamaterra.lt\/de\/wp-json\/wp\/v2\/product"}],"about":[{"href":"https:\/\/mamaterra.lt\/de\/wp-json\/wp\/v2\/types\/product"}],"wp:featuredmedia":[{"embeddable":true,"href":"https:\/\/mamaterra.lt\/de\/wp-json\/wp\/v2\/media\/23715"}],"wp:attachment":[{"href":"https:\/\/mamaterra.lt\/de\/wp-json\/wp\/v2\/media?parent=22228"}],"wp:term":[{"taxonomy":"product_brand","embeddable":true,"href":"https:\/\/mamaterra.lt\/de\/wp-json\/wp\/v2\/product_brand?post=22228"},{"taxonomy":"product_cat","embeddable":true,"href":"https:\/\/mamaterra.lt\/de\/wp-json\/wp\/v2\/product_cat?post=22228"},{"taxonomy":"product_tag","embeddable":true,"href":"https:\/\/mamaterra.lt\/de\/wp-json\/wp\/v2\/product_tag?post=22228"}],"curies":[{"name":"wp","href":"https:\/\/api.w.org\/{rel}","templated":true}]}}