{"id":22209,"date":"2023-05-30T20:27:56","date_gmt":"2023-05-30T19:27:56","guid":{"rendered":"https:\/\/mamaterra.lt\/parduotuve\/unkategorisiert\/mineralinis-losjonas-nuo-saules-veidui-ir-kunui-sunscreen-150-ml\/"},"modified":"2024-03-10T19:48:12","modified_gmt":"2024-03-10T18:48:12","slug":"mineralische-sonnenlotion-fuer-gesicht-und-koerper-sunscreen-150-ml","status":"publish","type":"product","link":"https:\/\/mamaterra.lt\/de\/parduotuve\/hygiene-und-hautpflege\/doterra-sonne-de\/mineralische-sonnenlotion-fuer-gesicht-und-koerper-sunscreen-150-ml\/","title":{"rendered":"Mineralische Sonnenlotion f\u00fcr Gesicht und K\u00f6rper (SUNSCREEN) 150 ml"},"content":{"rendered":"<p>Sonnengek\u00fcsste Haut bedeutet gesch\u00fctzte Haut mit unserer Mineral Sunscreen Lotion f\u00fcr Gesicht und K\u00f6rper. Sie enth\u00e4lt \u00e4therische \u00d6le aus Roter Mandarine, Magnolie, Zitronengras, Ylang Ylang, Karottensamen, Weihrauch und Helichrysum f\u00fcr ein wunderbar leichtes und fr\u00f6hliches Aroma. Die n\u00e4hrende, feuchtigkeitsspendende und beruhigende Formel gleitet \u00fcber die Haut und bietet bis zu 80 Minuten lang wasserfesten Schutz &#8211; vor einem Tag in der Sonne gro\u00dfz\u00fcgig auftragen, um die Haut von Kopf bis Fu\u00df zu sch\u00fctzen.<\/p>\n<p>Bietet SPF 30+ Breitspektrumschutz (UVA\/UVB) in einer geschmeidigen, feuchtigkeitsspendenden Creme.<br \/>\nEnth\u00e4lt Nicht-Nano-Zinkoxid, Avocado\u00f6l, Aloe Vera, Himbeersamen\u00f6l und Vitamin E.<br \/>\nFrei von Phthalaten, Oxybenzon und synthetischen Duftstoffen.<br \/>\nDie n\u00e4hrende, intensiv feuchtigkeitsspendende Formel ist dermatologisch getestet und bis zu 80 Minuten wasserfest.<br \/>\nVeganerfreundlich und riffsicher.<\/p>\n<p>15 Minuten vor der Sonnenexposition gro\u00dfz\u00fcgig auftragen. Auf die gesamte Haut auftragen, die der Sonne ausgesetzt ist. Mindestens alle 2 Stunden erneut auftragen.<br \/>\nVorsichtshinweise<br \/>\nNur zur \u00e4u\u00dferlichen Anwendung. Nicht auf besch\u00e4digter oder verletzter Haut anwenden. Bei der Verwendung dieses Produkts nicht in die Augen gelangen lassen. Zum Entfernen mit Wasser aussp\u00fclen. Wenn ein Ausschlag auftritt, die Anwendung abbrechen und einen Arzt aufsuchen. Halten Sie sich nicht zu lange in der Sonne auf, auch wenn Sie ein Sonnenschutzmittel verwenden. Halten Sie S\u00e4uglinge und Kleinkinder von der direkten Sonneneinstrahlung fern. \u00dcberm\u00e4\u00dfige Sonneneinstrahlung ist eine ernste Gefahr f\u00fcr die Gesundheit. M\u00f6gliche Hautempfindlichkeit. Au\u00dferhalb der Reichweite von Kindern aufbewahren. Konsultieren Sie Ihren Arzt, wenn Sie schwanger sind oder sich in Behandlung befinden. Augen, Innenohren und empfindliche Bereiche meiden. Kinder unter 6 Monaten: fragen Sie einen Arzt.<\/p>\n","protected":false},"excerpt":{"rendered":"<ul class=\"spotlight__list-custom custom-list\">\n<li>Bietet SPF 30+ Breitspektrumschutz (UVA\/UVB) in einer geschmeidigen, feuchtigkeitsspendenden Creme.<\/li>\n<li>Enth\u00e4lt Nicht-Nano-Zinkoxid, Avocado\u00f6l, Aloe Vera, Himbeersamen\u00f6l und Vitamin E.<\/li>\n<li>Frei von Phthalaten, Oxybenzon und synthetischen Duftstoffen.<\/li>\n<li>Die n\u00e4hrende, intensiv feuchtigkeitsspendende Formel ist dermatologisch getestet und bis zu 80 Minuten wasserfest.<\/li>\n<li>Veganerfreundlich und riffsicher.<\/li>\n<\/ul>\n","protected":false},"featured_media":23265,"template":"","meta":{"site-sidebar-layout":"default","site-content-layout":"default","ast-site-content-layout":"default","site-content-style":"default","site-sidebar-style":"default","ast-global-header-display":"","ast-banner-title-visibility":"","ast-main-header-display":"","ast-hfb-above-header-display":"","ast-hfb-below-header-display":"","ast-hfb-mobile-header-display":"","site-post-title":"","ast-breadcrumbs-content":"","ast-featured-img":"","footer-sml-layout":"","ast-disable-related-posts":"","theme-transparent-header-meta":"default","adv-header-id-meta":"","stick-header-meta":"","header-above-stick-meta":"","header-main-stick-meta":"","header-below-stick-meta":"","astra-migrate-meta-layouts":"set","ast-page-background-enabled":"default","ast-page-background-meta":{"desktop":{"background-color":"","background-image":"","background-repeat":"repeat","background-position":"center center","background-size":"auto","background-attachment":"scroll","background-type":"","background-media":"","overlay-type":"","overlay-color":"","overlay-opacity":"","overlay-gradient":""},"tablet":{"background-color":"","background-image":"","background-repeat":"repeat","background-position":"center center","background-size":"auto","background-attachment":"scroll","background-type":"","background-media":"","overlay-type":"","overlay-color":"","overlay-opacity":"","overlay-gradient":""},"mobile":{"background-color":"","background-image":"","background-repeat":"repeat","background-position":"center center","background-size":"auto","background-attachment":"scroll","background-type":"","background-media":"","overlay-type":"","overlay-color":"","overlay-opacity":"","overlay-gradient":""}},"ast-content-background-meta":{"desktop":{"background-color":"var(--ast-global-color-5)","background-image":"","background-repeat":"repeat","background-position":"center center","background-size":"auto","background-attachment":"scroll","background-type":"","background-media":"","overlay-type":"","overlay-color":"","overlay-opacity":"","overlay-gradient":""},"tablet":{"background-color":"var(--ast-global-color-5)","background-image":"","background-repeat":"repeat","background-position":"center center","background-size":"auto","background-attachment":"scroll","background-type":"","background-media":"","overlay-type":"","overlay-color":"","overlay-opacity":"","overlay-gradient":""},"mobile":{"background-color":"var(--ast-global-color-5)","background-image":"","background-repeat":"repeat","background-position":"center center","background-size":"auto","background-attachment":"scroll","background-type":"","background-media":"","overlay-type":"","overlay-color":"","overlay-opacity":"","overlay-gradient":""}}},"product_brand":[],"product_cat":[3581,1959],"product_tag":[],"class_list":{"0":"post-22209","1":"product","2":"type-product","3":"status-publish","4":"has-post-thumbnail","6":"product_cat-doterra-sonne-de","7":"product_cat-hygiene-und-hautpflege","8":"desktop-align-left","9":"tablet-align-left","10":"mobile-align-left","12":"first","13":"instock","14":"sale","15":"taxable","16":"shipping-taxable","17":"purchasable","18":"product-type-simple"},"_links":{"self":[{"href":"https:\/\/mamaterra.lt\/de\/wp-json\/wp\/v2\/product\/22209","targetHints":{"allow":["GET"]}}],"collection":[{"href":"https:\/\/mamaterra.lt\/de\/wp-json\/wp\/v2\/product"}],"about":[{"href":"https:\/\/mamaterra.lt\/de\/wp-json\/wp\/v2\/types\/product"}],"wp:featuredmedia":[{"embeddable":true,"href":"https:\/\/mamaterra.lt\/de\/wp-json\/wp\/v2\/media\/23265"}],"wp:attachment":[{"href":"https:\/\/mamaterra.lt\/de\/wp-json\/wp\/v2\/media?parent=22209"}],"wp:term":[{"taxonomy":"product_brand","embeddable":true,"href":"https:\/\/mamaterra.lt\/de\/wp-json\/wp\/v2\/product_brand?post=22209"},{"taxonomy":"product_cat","embeddable":true,"href":"https:\/\/mamaterra.lt\/de\/wp-json\/wp\/v2\/product_cat?post=22209"},{"taxonomy":"product_tag","embeddable":true,"href":"https:\/\/mamaterra.lt\/de\/wp-json\/wp\/v2\/product_tag?post=22209"}],"curies":[{"name":"wp","href":"https:\/\/api.w.org\/{rel}","templated":true}]}}