{"id":22193,"date":"2023-07-01T11:21:37","date_gmt":"2023-07-01T10:21:37","guid":{"rendered":"https:\/\/mamaterra.lt\/parduotuve\/unkategorisiert\/supermint-beadlets-zirniukai\/"},"modified":"2024-03-10T19:16:21","modified_gmt":"2024-03-10T18:16:21","slug":"supermint-beadlets","status":"publish","type":"product","link":"https:\/\/mamaterra.lt\/de\/parduotuve\/essentielle-oele\/aetherische-oelmischungen\/supermint-beadlets\/","title":{"rendered":"SuperMint Beadlets"},"content":{"rendered":"<h6>SuperMint Beadlets<\/h6>\n<p>125 St\u00fcck<br \/>\nHolen Sie sich die Vorteile der SuperMint\u2122 Essential Oil Blend, wo und wann immer Sie sie brauchen. Diese weichen, praktischen vegetarischen K\u00fcgelchen sind klein, aber fein und enthalten eine gesch\u00fctzte Mischung aus den \u00e4therischen \u00d6len von Pfefferminze, japanischer Minze, Bergamottminze und Minze (Spearmint). Mit ihrem minzigen und k\u00fchlenden Geschmack sorgen die SuperMint Beadlets f\u00fcr ein erfrischendes Gef\u00fchl, vor allem nach gro\u00dfen Mahlzeiten, und bieten leichten, beruhigenden Komfort.<\/p>\n<p>Verwenden Sie es auf Reisen oder nach gro\u00dfen Mahlzeiten, um gelegentlich Erleichterung und Beruhigung zu finden.<br \/>\nL\u00f6sen Sie ein K\u00fcgelchen auf, um sich erfrischt zu f\u00fchlen und Ihre Sinne zu beleben.<br \/>\nTragen Sie das handliche Fl\u00e4schchen in einer Handtasche, einem Rucksack oder einer Tasche.<br \/>\nNahrungserg\u00e4nzungsmittel d\u00fcrfen eine abwechslungsreiche und ausgewogene Ern\u00e4hrung und eine gesunde Lebensweise nicht ersetzen.<br \/>\nGebrauchsanweisung<br \/>\nVerzehren Sie bis zu 10 K\u00fcgelchen t\u00e4glich.<\/p>\n","protected":false},"excerpt":{"rendered":"<ul class=\"spotlight__list-custom custom-list\">\n<li>Bietet eine bequeme M\u00f6glichkeit, die doTERRA SuperMint Blend zu jeder Tageszeit zu verwenden.<\/li>\n<li>Kann bei gelegentlichen Magenverstimmungen Linderung verschaffen, ideal nach gro\u00dfen Mahlzeiten oder langen Autofahrten.<\/li>\n<li>Kann helfen, die Sinne mit seinen frischen, minzigen und krautigen Qualit\u00e4ten zu beleben.<\/li>\n<\/ul>\n","protected":false},"featured_media":0,"template":"","meta":{"site-sidebar-layout":"default","site-content-layout":"default","ast-site-content-layout":"default","site-content-style":"default","site-sidebar-style":"default","ast-global-header-display":"","ast-banner-title-visibility":"","ast-main-header-display":"","ast-hfb-above-header-display":"","ast-hfb-below-header-display":"","ast-hfb-mobile-header-display":"","site-post-title":"","ast-breadcrumbs-content":"","ast-featured-img":"","footer-sml-layout":"","ast-disable-related-posts":"","theme-transparent-header-meta":"default","adv-header-id-meta":"","stick-header-meta":"","header-above-stick-meta":"","header-main-stick-meta":"","header-below-stick-meta":"","astra-migrate-meta-layouts":"set","ast-page-background-enabled":"default","ast-page-background-meta":{"desktop":{"background-color":"","background-image":"","background-repeat":"repeat","background-position":"center center","background-size":"auto","background-attachment":"scroll","background-type":"","background-media":"","overlay-type":"","overlay-color":"","overlay-opacity":"","overlay-gradient":""},"tablet":{"background-color":"","background-image":"","background-repeat":"repeat","background-position":"center center","background-size":"auto","background-attachment":"scroll","background-type":"","background-media":"","overlay-type":"","overlay-color":"","overlay-opacity":"","overlay-gradient":""},"mobile":{"background-color":"","background-image":"","background-repeat":"repeat","background-position":"center center","background-size":"auto","background-attachment":"scroll","background-type":"","background-media":"","overlay-type":"","overlay-color":"","overlay-opacity":"","overlay-gradient":""}},"ast-content-background-meta":{"desktop":{"background-color":"var(--ast-global-color-5)","background-image":"","background-repeat":"repeat","background-position":"center center","background-size":"auto","background-attachment":"scroll","background-type":"","background-media":"","overlay-type":"","overlay-color":"","overlay-opacity":"","overlay-gradient":""},"tablet":{"background-color":"var(--ast-global-color-5)","background-image":"","background-repeat":"repeat","background-position":"center center","background-size":"auto","background-attachment":"scroll","background-type":"","background-media":"","overlay-type":"","overlay-color":"","overlay-opacity":"","overlay-gradient":""},"mobile":{"background-color":"var(--ast-global-color-5)","background-image":"","background-repeat":"repeat","background-position":"center center","background-size":"auto","background-attachment":"scroll","background-type":"","background-media":"","overlay-type":"","overlay-color":"","overlay-opacity":"","overlay-gradient":""}}},"product_brand":[],"product_cat":[1944,1994,2049],"product_tag":[],"class_list":{"0":"post-22193","1":"product","2":"type-product","3":"status-publish","5":"product_cat-aetherische-oelmischungen","6":"product_cat-konzentration","7":"product_cat-verdauung","8":"desktop-align-left","9":"tablet-align-left","10":"mobile-align-left","12":"first","13":"instock","14":"taxable","15":"shipping-taxable","16":"purchasable","17":"product-type-simple"},"_links":{"self":[{"href":"https:\/\/mamaterra.lt\/de\/wp-json\/wp\/v2\/product\/22193","targetHints":{"allow":["GET"]}}],"collection":[{"href":"https:\/\/mamaterra.lt\/de\/wp-json\/wp\/v2\/product"}],"about":[{"href":"https:\/\/mamaterra.lt\/de\/wp-json\/wp\/v2\/types\/product"}],"wp:attachment":[{"href":"https:\/\/mamaterra.lt\/de\/wp-json\/wp\/v2\/media?parent=22193"}],"wp:term":[{"taxonomy":"product_brand","embeddable":true,"href":"https:\/\/mamaterra.lt\/de\/wp-json\/wp\/v2\/product_brand?post=22193"},{"taxonomy":"product_cat","embeddable":true,"href":"https:\/\/mamaterra.lt\/de\/wp-json\/wp\/v2\/product_cat?post=22193"},{"taxonomy":"product_tag","embeddable":true,"href":"https:\/\/mamaterra.lt\/de\/wp-json\/wp\/v2\/product_tag?post=22193"}],"curies":[{"name":"wp","href":"https:\/\/api.w.org\/{rel}","templated":true}]}}