{"id":22170,"date":"2021-09-09T18:42:21","date_gmt":"2021-09-09T17:42:21","guid":{"rendered":"https:\/\/mamaterra.lt\/parduotuve\/unkategorisiert\/doterra-deep-blue-rub-tepalas-raumenu-sanariu-diskomfortui-120ml\/"},"modified":"2024-03-10T18:39:07","modified_gmt":"2024-03-10T17:39:07","slug":"doterra-deep-blue-rub-120ml","status":"publish","type":"product","link":"https:\/\/mamaterra.lt\/de\/parduotuve\/essentielle-oele\/aetherische-oelmischungen\/doterra-deep-blue-rub-120ml\/","title":{"rendered":"doTERRA Deep Blue Rub 120ml"},"content":{"rendered":"<h6>doTERRA Deep Blue Rub<\/h6>\n<p>120ml<\/p>\n<p>&nbsp;<\/p>\n<p>Deep Blue Rub ist eine topische Creme, die mit der d\u014dTERRA Deep Blue Mischung aus \u00e4therischen \u00d6len und nat\u00fcrlichen Pflanzenextrakten formuliert wurde, um Problemzonen zu lindern. Deep Blue Rub vereint \u00e4therische \u00d6le, die daf\u00fcr bekannt sind, dass sie Gelenke und Muskeln beruhigen und k\u00fchlen. Eine Kombination aus spanischem Rosmarin, der viel Kampfer enth\u00e4lt, japanischer Minze, Sternanis, Pfefferminze und Teebaum k\u00fchlt die Haut. Die zus\u00e4tzlichen Eigenschaften von Copaiba, die eine gesund aussehende Haut unterst\u00fctzen, verbinden sich mit der beruhigenden Wirkung der Bergamottenminze. Diese \u00e4therischen \u00d6le bieten Komfort f\u00fcr R\u00fccken, Beine und F\u00fc\u00dfe, besonders nach einem intensiven Training.<\/p>\n<p><iframe title=\"How-To Use doTerra Deep Blue Rub | Joshua Sawtell\" src=\"https:\/\/www.youtube.com\/embed\/kPnU5NG8aXE\" width=\"946\" height=\"532\" frameborder=\"0\" allowfullscreen=\"allowfullscreen\"><\/iframe><\/p>\n","protected":false},"excerpt":{"rendered":"<ul>\n<li>Formuliert mit der Deep Blue-eigenen Mischung aus \u00e4therischen \u00d6len und anderen wirksamen Inhaltsstoffen<br \/>\nMit einer Basis aus feuchtigkeitsspendenden Weichmachern, die ein weiches Hautgef\u00fchl ohne fettige R\u00fcckst\u00e4nde hinterlassen<br \/>\nEntwickelt, um zu helfen, Problemzonen zu beruhigen, zu entspannen und nat\u00fcrlich zu lindern<br \/>\nDeep Blue Rub hilft, Spannungen abzubauen und bietet gezielten, beruhigenden Komfort<\/li>\n<\/ul>\n","protected":false},"featured_media":25677,"template":"","meta":{"site-sidebar-layout":"default","site-content-layout":"default","ast-site-content-layout":"default","site-content-style":"default","site-sidebar-style":"default","ast-global-header-display":"","ast-banner-title-visibility":"","ast-main-header-display":"","ast-hfb-above-header-display":"","ast-hfb-below-header-display":"","ast-hfb-mobile-header-display":"","site-post-title":"","ast-breadcrumbs-content":"","ast-featured-img":"","footer-sml-layout":"","ast-disable-related-posts":"","theme-transparent-header-meta":"default","adv-header-id-meta":"","stick-header-meta":"","header-above-stick-meta":"","header-main-stick-meta":"","header-below-stick-meta":"","astra-migrate-meta-layouts":"set","ast-page-background-enabled":"default","ast-page-background-meta":{"desktop":{"background-color":"","background-image":"","background-repeat":"repeat","background-position":"center center","background-size":"auto","background-attachment":"scroll","background-type":"","background-media":"","overlay-type":"","overlay-color":"","overlay-opacity":"","overlay-gradient":""},"tablet":{"background-color":"","background-image":"","background-repeat":"repeat","background-position":"center center","background-size":"auto","background-attachment":"scroll","background-type":"","background-media":"","overlay-type":"","overlay-color":"","overlay-opacity":"","overlay-gradient":""},"mobile":{"background-color":"","background-image":"","background-repeat":"repeat","background-position":"center center","background-size":"auto","background-attachment":"scroll","background-type":"","background-media":"","overlay-type":"","overlay-color":"","overlay-opacity":"","overlay-gradient":""}},"ast-content-background-meta":{"desktop":{"background-color":"var(--ast-global-color-5)","background-image":"","background-repeat":"repeat","background-position":"center center","background-size":"auto","background-attachment":"scroll","background-type":"","background-media":"","overlay-type":"","overlay-color":"","overlay-opacity":"","overlay-gradient":""},"tablet":{"background-color":"var(--ast-global-color-5)","background-image":"","background-repeat":"repeat","background-position":"center center","background-size":"auto","background-attachment":"scroll","background-type":"","background-media":"","overlay-type":"","overlay-color":"","overlay-opacity":"","overlay-gradient":""},"mobile":{"background-color":"var(--ast-global-color-5)","background-image":"","background-repeat":"repeat","background-position":"center center","background-size":"auto","background-attachment":"scroll","background-type":"","background-media":"","overlay-type":"","overlay-color":"","overlay-opacity":"","overlay-gradient":""}}},"product_brand":[],"product_cat":[1944,1916,1939,1924,1934,1999],"product_tag":[2198,3291,3172,3341],"class_list":{"0":"post-22170","1":"product","2":"type-product","3":"status-publish","4":"has-post-thumbnail","6":"product_cat-aetherische-oelmischungen","7":"product_cat-deep-blue-produkte","8":"product_cat-essentielle-oele","9":"product_cat-geschenke","10":"product_cat-geschenke-fur-manner","11":"product_cat-massage-de","12":"product_tag-120ml-de","13":"product_tag-beliebt","14":"product_tag-deep-blue-de","15":"product_tag-schmiermittel","16":"desktop-align-left","17":"tablet-align-left","18":"mobile-align-left","20":"first","21":"instock","22":"sale","23":"featured","24":"taxable","25":"shipping-taxable","26":"purchasable","27":"product-type-simple"},"_links":{"self":[{"href":"https:\/\/mamaterra.lt\/de\/wp-json\/wp\/v2\/product\/22170","targetHints":{"allow":["GET"]}}],"collection":[{"href":"https:\/\/mamaterra.lt\/de\/wp-json\/wp\/v2\/product"}],"about":[{"href":"https:\/\/mamaterra.lt\/de\/wp-json\/wp\/v2\/types\/product"}],"wp:featuredmedia":[{"embeddable":true,"href":"https:\/\/mamaterra.lt\/de\/wp-json\/wp\/v2\/media\/25677"}],"wp:attachment":[{"href":"https:\/\/mamaterra.lt\/de\/wp-json\/wp\/v2\/media?parent=22170"}],"wp:term":[{"taxonomy":"product_brand","embeddable":true,"href":"https:\/\/mamaterra.lt\/de\/wp-json\/wp\/v2\/product_brand?post=22170"},{"taxonomy":"product_cat","embeddable":true,"href":"https:\/\/mamaterra.lt\/de\/wp-json\/wp\/v2\/product_cat?post=22170"},{"taxonomy":"product_tag","embeddable":true,"href":"https:\/\/mamaterra.lt\/de\/wp-json\/wp\/v2\/product_tag?post=22170"}],"curies":[{"name":"wp","href":"https:\/\/api.w.org\/{rel}","templated":true}]}}