{"id":22135,"date":"2023-10-01T17:31:28","date_gmt":"2023-10-01T16:31:28","guid":{"rendered":"https:\/\/mamaterra.lt\/parduotuve\/unkategorisiert\/miru-myrrh-touch-10ml\/"},"modified":"2024-03-10T17:37:44","modified_gmt":"2024-03-10T16:37:44","slug":"myrrh-touch-10ml","status":"publish","type":"product","link":"https:\/\/mamaterra.lt\/de\/parduotuve\/essentielle-oele\/reine-aetherische-oele\/myrrh-touch-10ml\/","title":{"rendered":"MYRRH touch  10ml"},"content":{"rendered":"<h6>MYRRH Pure doTERRA Essential Oil verd\u00fcnnt mit fraktioniertem Kokosnuss\u00f6l, fertig zum Auftragen auf die Haut<\/h6>\n<p>Commiphora myrrha | 10ml<\/p>\n<p>Das \u00e4therische \u00d6l der Myrrhe gilt als eines der wertvollsten \u00d6le der Welt. Es verbessert das Erscheinungsbild der Haut und ist ein Hauptbestandteil vieler Hautpflegeprodukte, darunter auch doTERRA Salubelle. Myrrhe wird seit Jahrhunderten zur Meditation und Einbalsamierung verwendet. Auch heute noch wird sie hoch gesch\u00e4tzt und in einer Vielzahl von Produkten wie Parf\u00fcms, Weihrauch und Sch\u00f6nheitspflegeprodukten verwendet. doTERRA kombiniert \u00e4therisches Myrrhe\u00f6l mit fraktioniertem Kokosnuss\u00f6l, um eine stark feuchtigkeitsspendende und verj\u00fcngende Erg\u00e4nzung f\u00fcr jede Hautpflege zu schaffen.<\/p>\n<p>Wichtigste Vorteile<br \/>\nBei der Anwendung auf der Haut hat es eine beruhigende Wirkung.<br \/>\nVerleiht der Haut ein gesundes Aussehen.<br \/>\nN\u00fctzlich f\u00fcr Achtsamkeitspraktiken, zur Steigerung der Konzentration und zur F\u00f6rderung eines Gef\u00fchls der Ruhe.<br \/>\nBereichern Sie Ihre Routine<br \/>\nSuchen Sie nach einer M\u00f6glichkeit, Ihre Haut zu beruhigen? Probieren Sie die Myrrhe Touch Feuchtigkeitscreme, die es Ihnen leicht macht, Ihre Haut in gutem Zustand zu halten. Das \u00e4therische \u00d6l der Myrrhe hat eine Reihe von positiven Eigenschaften, die zur Sch\u00f6nheit Ihrer Haut beitragen k\u00f6nnen &#8211; probieren Sie es aus!<\/p>\n<p>&nbsp;<\/p>\n<p>Weitere Informationen \u00fcber das \u00e4therische \u00d6l Myrrhe (MYRRH) von doTERRA finden Sie in dem folgenden Video.<\/p>\n<p><iframe title=\"do\u0304TERRA Myrrh Essential Oil\" src=\"https:\/\/www.youtube.com\/embed\/foVE7H7r_nk\" width=\"853\" height=\"480\" frameborder=\"0\" allowfullscreen=\"allowfullscreen\"><\/iframe><\/p>\n","protected":false},"excerpt":{"rendered":"<ul>\n<li>Hilft, emotionale Ausgeglichenheit und ein Gef\u00fchl des Wohlbefindens zu empfinden<\/li>\n<li>N\u00fctzlich f\u00fcr Achtsamkeitspraktiken, steigert die Konzentration und f\u00f6rdert das Gef\u00fchl des Friedens.<\/li>\n<li>Beruhigt die Haut und l\u00e4sst sie klar und jugendlich aussehen<\/li>\n<\/ul>\n","protected":false},"featured_media":21473,"template":"","meta":{"site-sidebar-layout":"default","site-content-layout":"default","ast-site-content-layout":"default","site-content-style":"default","site-sidebar-style":"default","ast-global-header-display":"","ast-banner-title-visibility":"","ast-main-header-display":"","ast-hfb-above-header-display":"","ast-hfb-below-header-display":"","ast-hfb-mobile-header-display":"","site-post-title":"","ast-breadcrumbs-content":"","ast-featured-img":"","footer-sml-layout":"","ast-disable-related-posts":"","theme-transparent-header-meta":"default","adv-header-id-meta":"","stick-header-meta":"","header-above-stick-meta":"","header-main-stick-meta":"","header-below-stick-meta":"","astra-migrate-meta-layouts":"set","ast-page-background-enabled":"default","ast-page-background-meta":{"desktop":{"background-color":"","background-image":"","background-repeat":"repeat","background-position":"center center","background-size":"auto","background-attachment":"scroll","background-type":"","background-media":"","overlay-type":"","overlay-color":"","overlay-opacity":"","overlay-gradient":""},"tablet":{"background-color":"","background-image":"","background-repeat":"repeat","background-position":"center center","background-size":"auto","background-attachment":"scroll","background-type":"","background-media":"","overlay-type":"","overlay-color":"","overlay-opacity":"","overlay-gradient":""},"mobile":{"background-color":"","background-image":"","background-repeat":"repeat","background-position":"center center","background-size":"auto","background-attachment":"scroll","background-type":"","background-media":"","overlay-type":"","overlay-color":"","overlay-opacity":"","overlay-gradient":""}},"ast-content-background-meta":{"desktop":{"background-color":"var(--ast-global-color-5)","background-image":"","background-repeat":"repeat","background-position":"center center","background-size":"auto","background-attachment":"scroll","background-type":"","background-media":"","overlay-type":"","overlay-color":"","overlay-opacity":"","overlay-gradient":""},"tablet":{"background-color":"var(--ast-global-color-5)","background-image":"","background-repeat":"repeat","background-position":"center center","background-size":"auto","background-attachment":"scroll","background-type":"","background-media":"","overlay-type":"","overlay-color":"","overlay-opacity":"","overlay-gradient":""},"mobile":{"background-color":"var(--ast-global-color-5)","background-image":"","background-repeat":"repeat","background-position":"center center","background-size":"auto","background-attachment":"scroll","background-type":"","background-media":"","overlay-type":"","overlay-color":"","overlay-opacity":"","overlay-gradient":""}}},"product_brand":[],"product_cat":[1939,1959,1949,2004,2039],"product_tag":[2092,3231,2596],"class_list":{"0":"post-22135","1":"product","2":"type-product","3":"status-publish","4":"has-post-thumbnail","6":"product_cat-essentielle-oele","7":"product_cat-hygiene-und-hautpflege","8":"product_cat-reine-aetherische-oele","9":"product_cat-schlafen","10":"product_cat-stressbewaeltigung","11":"product_tag-15-ml-de","12":"product_tag-essentielle-oele","13":"product_tag-myrrh-de","14":"desktop-align-left","15":"tablet-align-left","16":"mobile-align-left","18":"first","19":"outofstock","20":"taxable","21":"shipping-taxable","22":"purchasable","23":"product-type-simple"},"_links":{"self":[{"href":"https:\/\/mamaterra.lt\/de\/wp-json\/wp\/v2\/product\/22135","targetHints":{"allow":["GET"]}}],"collection":[{"href":"https:\/\/mamaterra.lt\/de\/wp-json\/wp\/v2\/product"}],"about":[{"href":"https:\/\/mamaterra.lt\/de\/wp-json\/wp\/v2\/types\/product"}],"wp:featuredmedia":[{"embeddable":true,"href":"https:\/\/mamaterra.lt\/de\/wp-json\/wp\/v2\/media\/21473"}],"wp:attachment":[{"href":"https:\/\/mamaterra.lt\/de\/wp-json\/wp\/v2\/media?parent=22135"}],"wp:term":[{"taxonomy":"product_brand","embeddable":true,"href":"https:\/\/mamaterra.lt\/de\/wp-json\/wp\/v2\/product_brand?post=22135"},{"taxonomy":"product_cat","embeddable":true,"href":"https:\/\/mamaterra.lt\/de\/wp-json\/wp\/v2\/product_cat?post=22135"},{"taxonomy":"product_tag","embeddable":true,"href":"https:\/\/mamaterra.lt\/de\/wp-json\/wp\/v2\/product_tag?post=22135"}],"curies":[{"name":"wp","href":"https:\/\/api.w.org\/{rel}","templated":true}]}}