{"id":22127,"date":"2023-12-23T18:59:49","date_gmt":"2023-12-23T17:59:49","guid":{"rendered":"https:\/\/mamaterra.lt\/parduotuve\/unkategorisiert\/ravintsara-5ml\/"},"modified":"2024-03-10T17:22:08","modified_gmt":"2024-03-10T16:22:08","slug":"doterra-ravintsara-5ml","status":"publish","type":"product","link":"https:\/\/mamaterra.lt\/de\/parduotuve\/essentielle-oele\/reine-aetherische-oele\/doterra-ravintsara-5ml\/","title":{"rendered":"doTERRA Ravintsara 5ml"},"content":{"rendered":"<h6>doTERRA Ravintsara \u00d6l wird aus den Bl\u00e4ttern des Cinnamomum camphora Baumes in Madagaskar destilliert..<\/h6>\n<div class=\"x11i5rnm xat24cr x1mh8g0r x1vvkbs xtlvy1s x126k92a\">\n<div dir=\"auto\">Dieser Baum ist kr\u00e4ftig und widerstandsf\u00e4hig, hat einen dicken Stamm und tiefe Wurzeln.<br \/>\nEr wird bis zu 20-30 m hoch und kann mehr als 1000 Jahre alt werden.<br \/>\nDer Kampferbaum gilt in Japan als heilig.<br \/>\nEin Beispiel f\u00fcr die Bedeutung eines heiligen Baumes ist der 700 Jahre alte Kampferbaum, der in der Mitte des Bahnhofs Kajashima w\u00e4chst.<br \/>\nDie Anwohner protestierten gegen die Umsiedlung des Baumes, als der Bahnhof erweitert werden sollte, und so wurde der Bahnhof um ihn herum gebaut.<br \/>\nDas Aroma von Ravintsara kann als eine Kombination aus Kampfer und Eukalyptus beschrieben werden, jedoch gr\u00fcner, erhebender und energetisierender.<br \/>\nFrisch und erdig, hat Ravintsara-\u00d6l eine stark reinigende und erfrischende Wirkung.<br \/>\nDas erfrischende Aroma ist wie das von Eukalyptus ideal f\u00fcr die kalte Jahreszeit und sorgt f\u00fcr einen leichten Atem.<br \/>\nIn der Energie-Aromatherapie wird Ravintsara-\u00d6l mit dem Kehlkopf-Chakra Vishuddha in Verbindung gebracht &#8211; es f\u00f6rdert die verbale Kommunikation und die F\u00e4higkeit, sich durch Kunst und Literatur auszudr\u00fccken.<br \/>\nVerwendungen:<br \/>\nF\u00fcr den emotionalen Zustand &#8211; 2-4 Tropfen des mit Basis\u00f6l verd\u00fcnnten \u00d6ls auf Brust, F\u00fc\u00dfe und Pulspunkte auftragen.<br \/>\nZur Verbesserung der Gesundheit &#8211; 2-4 Tropfen des \u00e4therischen \u00d6ls in Basis\u00f6l verd\u00fcnnt auf Wirbels\u00e4ule, R\u00fccken, Brust, F\u00fc\u00dfe auftragen.<br \/>\nF\u00fcr einen sch\u00f6neren Teint &#8211; 1-2 Tropfen des \u00d6ls auf die Handfl\u00e4che mit einer Gesichtsreinigung auftragen.<br \/>\nF\u00fcr Ruhe &#8211; f\u00fcgen Sie Epson-Salze oder Milch hinzu und genie\u00dfen Sie ein ruhiges und entspannendes Bad.<br \/>\nF\u00fcr Massagen &#8211; tr\u00e4ufeln Sie 2-4 Tropfen Epson\u00f6l zusammen mit einem Massage\u00f6l in Ihre Handfl\u00e4che.<br \/>\nUm eine entspannende Umgebung vor dem Schlafengehen zu schaffen oder um den Duft Ihres Hauses zu verbessern, geben Sie 4-6 Tropfen in einen Diffusor.<\/div>\n<\/div>\n","protected":false},"excerpt":{"rendered":"<p>Frisch und erdig, hat Ravintsara-\u00d6l eine stark reinigende und erfrischende Wirkung.<br \/>\nDas erfrischende Aroma ist wie das von Eukalyptus ideal f\u00fcr die kalte Jahreszeit und sorgt f\u00fcr einen leichten Atem<\/p>\n","protected":false},"featured_media":22128,"template":"","meta":{"site-sidebar-layout":"default","site-content-layout":"","ast-site-content-layout":"default","site-content-style":"default","site-sidebar-style":"default","ast-global-header-display":"","ast-banner-title-visibility":"","ast-main-header-display":"","ast-hfb-above-header-display":"","ast-hfb-below-header-display":"","ast-hfb-mobile-header-display":"","site-post-title":"","ast-breadcrumbs-content":"","ast-featured-img":"","footer-sml-layout":"","ast-disable-related-posts":"","theme-transparent-header-meta":"default","adv-header-id-meta":"","stick-header-meta":"","header-above-stick-meta":"","header-main-stick-meta":"","header-below-stick-meta":"","astra-migrate-meta-layouts":"set","ast-page-background-enabled":"default","ast-page-background-meta":{"desktop":{"background-color":"","background-image":"","background-repeat":"repeat","background-position":"center center","background-size":"auto","background-attachment":"scroll","background-type":"","background-media":"","overlay-type":"","overlay-color":"","overlay-opacity":"","overlay-gradient":""},"tablet":{"background-color":"","background-image":"","background-repeat":"repeat","background-position":"center center","background-size":"auto","background-attachment":"scroll","background-type":"","background-media":"","overlay-type":"","overlay-color":"","overlay-opacity":"","overlay-gradient":""},"mobile":{"background-color":"","background-image":"","background-repeat":"repeat","background-position":"center center","background-size":"auto","background-attachment":"scroll","background-type":"","background-media":"","overlay-type":"","overlay-color":"","overlay-opacity":"","overlay-gradient":""}},"ast-content-background-meta":{"desktop":{"background-color":"var(--ast-global-color-5)","background-image":"","background-repeat":"repeat","background-position":"center center","background-size":"auto","background-attachment":"scroll","background-type":"","background-media":"","overlay-type":"","overlay-color":"","overlay-opacity":"","overlay-gradient":""},"tablet":{"background-color":"var(--ast-global-color-5)","background-image":"","background-repeat":"repeat","background-position":"center center","background-size":"auto","background-attachment":"scroll","background-type":"","background-media":"","overlay-type":"","overlay-color":"","overlay-opacity":"","overlay-gradient":""},"mobile":{"background-color":"var(--ast-global-color-5)","background-image":"","background-repeat":"repeat","background-position":"center center","background-size":"auto","background-attachment":"scroll","background-type":"","background-media":"","overlay-type":"","overlay-color":"","overlay-opacity":"","overlay-gradient":""}}},"product_brand":[],"product_cat":[1939,1989,2034,1949,2004,2039],"product_tag":[],"class_list":{"0":"post-22127","1":"product","2":"type-product","3":"status-publish","4":"has-post-thumbnail","6":"product_cat-essentielle-oele","7":"product_cat-immunitaet","8":"product_cat-luftfilterung","9":"product_cat-reine-aetherische-oele","10":"product_cat-schlafen","11":"product_cat-stressbewaeltigung","12":"desktop-align-left","13":"tablet-align-left","14":"mobile-align-left","16":"first","17":"instock","18":"taxable","19":"shipping-taxable","20":"purchasable","21":"product-type-simple"},"_links":{"self":[{"href":"https:\/\/mamaterra.lt\/de\/wp-json\/wp\/v2\/product\/22127","targetHints":{"allow":["GET"]}}],"collection":[{"href":"https:\/\/mamaterra.lt\/de\/wp-json\/wp\/v2\/product"}],"about":[{"href":"https:\/\/mamaterra.lt\/de\/wp-json\/wp\/v2\/types\/product"}],"wp:featuredmedia":[{"embeddable":true,"href":"https:\/\/mamaterra.lt\/de\/wp-json\/wp\/v2\/media\/22128"}],"wp:attachment":[{"href":"https:\/\/mamaterra.lt\/de\/wp-json\/wp\/v2\/media?parent=22127"}],"wp:term":[{"taxonomy":"product_brand","embeddable":true,"href":"https:\/\/mamaterra.lt\/de\/wp-json\/wp\/v2\/product_brand?post=22127"},{"taxonomy":"product_cat","embeddable":true,"href":"https:\/\/mamaterra.lt\/de\/wp-json\/wp\/v2\/product_cat?post=22127"},{"taxonomy":"product_tag","embeddable":true,"href":"https:\/\/mamaterra.lt\/de\/wp-json\/wp\/v2\/product_tag?post=22127"}],"curies":[{"name":"wp","href":"https:\/\/api.w.org\/{rel}","templated":true}]}}