{"id":22111,"date":"2022-12-22T12:47:42","date_gmt":"2022-12-22T11:47:42","guid":{"rendered":"https:\/\/mamaterra.lt\/parduotuve\/unkategorisiert\/doterra-puosniuju-gyvamedziu-guaiacwood-eterinis-aliejus-15ml\/"},"modified":"2024-03-10T17:07:58","modified_gmt":"2024-03-10T16:07:58","slug":"doterra-guaiacwood-aetherisches-oel-15ml","status":"publish","type":"product","link":"https:\/\/mamaterra.lt\/de\/parduotuve\/essentielle-oele\/reine-aetherische-oele\/doterra-guaiacwood-aetherisches-oel-15ml\/","title":{"rendered":"doTERRA GUAIACWOOD \u00c4therisches \u00d6l 15ml"},"content":{"rendered":"<h6>doTERRA GUAIACWOOD \u00c4therisches \u00d6l 15ml<\/h6>\n<p>15ml<\/p>\n<p>&nbsp;<\/p>\n<p>doTERRA bezieht das \u00e4therische Guaiacwood-\u00d6l aus Paraguay auf nachhaltige und ethische Weise. In Zusammenarbeit mit unserem Beschaffungspartner ver\u00e4ndern wir die Zukunft des gef\u00e4hrdeten Gran Chaco Waldes, eines der biologisch vielf\u00e4ltigsten Gebiete der Welt. Das \u00e4therische \u00d6l wird aus dem Kernholz der Bulnesia sarmientoi dampfdestilliert und mit fraktioniertem Kokosnuss\u00f6l gemischt, um das \u00e4therische Guajakholz\u00f6l von doTERRA herzustellen. Bekannt f\u00fcr sein erdiges, erdendes Aroma mit einer subtilen S\u00fc\u00dfe, kann sein holziger Duft eine beruhigende, ruhige Atmosph\u00e4re f\u00f6rdern.<\/p>\n<p>&nbsp;<\/p>\n<ul>\n<li>Wird traditionell bei indianischen Praktiken wie Meditation und Wellness-Zeremonien verwendet.<\/li>\n<li>Wird wegen seines leicht s\u00fc\u00dfen, erdigen Duftes in feinen Parf\u00fcms und Hautpflegeprodukten verwendet.<\/li>\n<li>In Kombination mit fraktioniertem Kokosnuss\u00f6l hilft es, kleinere Hautreizungen zu lindern und die nat\u00fcrliche Feuchtigkeitsversorgung der Haut zu unterst\u00fctzen.<\/li>\n<\/ul>\n","protected":false},"excerpt":{"rendered":"<ul>\n<li>Wird traditionell bei indianischen Praktiken wie Meditation und Wellness-Zeremonien verwendet.<\/li>\n<li>Wird wegen seines leicht s\u00fc\u00dfen, erdigen Duftes in feinen Parf\u00fcms und Hautpflegeprodukten verwendet.<\/li>\n<li>In Kombination mit fraktioniertem Kokosnuss\u00f6l hilft es, kleinere Hautreizungen zu lindern und die nat\u00fcrliche Feuchtigkeitsversorgung der Haut zu unterst\u00fctzen.<\/li>\n<\/ul>\n","protected":false},"featured_media":0,"template":"","meta":{"site-sidebar-layout":"default","site-content-layout":"default","ast-site-content-layout":"default","site-content-style":"default","site-sidebar-style":"default","ast-global-header-display":"","ast-banner-title-visibility":"","ast-main-header-display":"","ast-hfb-above-header-display":"","ast-hfb-below-header-display":"","ast-hfb-mobile-header-display":"","site-post-title":"","ast-breadcrumbs-content":"","ast-featured-img":"","footer-sml-layout":"","ast-disable-related-posts":"","theme-transparent-header-meta":"default","adv-header-id-meta":"","stick-header-meta":"","header-above-stick-meta":"","header-main-stick-meta":"","header-below-stick-meta":"","astra-migrate-meta-layouts":"set","ast-page-background-enabled":"default","ast-page-background-meta":{"desktop":{"background-color":"","background-image":"","background-repeat":"repeat","background-position":"center center","background-size":"auto","background-attachment":"scroll","background-type":"","background-media":"","overlay-type":"","overlay-color":"","overlay-opacity":"","overlay-gradient":""},"tablet":{"background-color":"","background-image":"","background-repeat":"repeat","background-position":"center center","background-size":"auto","background-attachment":"scroll","background-type":"","background-media":"","overlay-type":"","overlay-color":"","overlay-opacity":"","overlay-gradient":""},"mobile":{"background-color":"","background-image":"","background-repeat":"repeat","background-position":"center center","background-size":"auto","background-attachment":"scroll","background-type":"","background-media":"","overlay-type":"","overlay-color":"","overlay-opacity":"","overlay-gradient":""}},"ast-content-background-meta":{"desktop":{"background-color":"var(--ast-global-color-5)","background-image":"","background-repeat":"repeat","background-position":"center center","background-size":"auto","background-attachment":"scroll","background-type":"","background-media":"","overlay-type":"","overlay-color":"","overlay-opacity":"","overlay-gradient":""},"tablet":{"background-color":"var(--ast-global-color-5)","background-image":"","background-repeat":"repeat","background-position":"center center","background-size":"auto","background-attachment":"scroll","background-type":"","background-media":"","overlay-type":"","overlay-color":"","overlay-opacity":"","overlay-gradient":""},"mobile":{"background-color":"var(--ast-global-color-5)","background-image":"","background-repeat":"repeat","background-position":"center center","background-size":"auto","background-attachment":"scroll","background-type":"","background-media":"","overlay-type":"","overlay-color":"","overlay-opacity":"","overlay-gradient":""}}},"product_brand":[],"product_cat":[1939,1959,1989,2034,1999,1949,2004,2039],"product_tag":[2539,3231,3133,3444,3405,3428],"class_list":{"0":"post-22111","1":"product","2":"type-product","3":"status-publish","5":"product_cat-essentielle-oele","6":"product_cat-hygiene-und-hautpflege","7":"product_cat-immunitaet","8":"product_cat-luftfilterung","9":"product_cat-massage-de","10":"product_cat-reine-aetherische-oele","11":"product_cat-schlafen","12":"product_cat-stressbewaeltigung","13":"product_tag-beruhigend","14":"product_tag-essentielle-oele","15":"product_tag-guaiacwood-de","16":"product_tag-haut","17":"product_tag-parfuem","18":"product_tag-parfuemherstellung","19":"desktop-align-left","20":"tablet-align-left","21":"mobile-align-left","23":"first","24":"instock","25":"taxable","26":"shipping-taxable","27":"purchasable","28":"product-type-simple"},"_links":{"self":[{"href":"https:\/\/mamaterra.lt\/de\/wp-json\/wp\/v2\/product\/22111","targetHints":{"allow":["GET"]}}],"collection":[{"href":"https:\/\/mamaterra.lt\/de\/wp-json\/wp\/v2\/product"}],"about":[{"href":"https:\/\/mamaterra.lt\/de\/wp-json\/wp\/v2\/types\/product"}],"wp:attachment":[{"href":"https:\/\/mamaterra.lt\/de\/wp-json\/wp\/v2\/media?parent=22111"}],"wp:term":[{"taxonomy":"product_brand","embeddable":true,"href":"https:\/\/mamaterra.lt\/de\/wp-json\/wp\/v2\/product_brand?post=22111"},{"taxonomy":"product_cat","embeddable":true,"href":"https:\/\/mamaterra.lt\/de\/wp-json\/wp\/v2\/product_cat?post=22111"},{"taxonomy":"product_tag","embeddable":true,"href":"https:\/\/mamaterra.lt\/de\/wp-json\/wp\/v2\/product_tag?post=22111"}],"curies":[{"name":"wp","href":"https:\/\/api.w.org\/{rel}","templated":true}]}}