{"id":22093,"date":"2023-07-01T11:58:49","date_gmt":"2023-07-01T10:58:49","guid":{"rendered":"https:\/\/mamaterra.lt\/parduotuve\/unkategorisiert\/doterra-sun-after-sun-body-spray-purskiklis-kunui-po-deginimosi-2\/"},"modified":"2024-03-10T16:49:09","modified_gmt":"2024-03-10T15:49:09","slug":"doterra-sun-after-sun-koerperspray","status":"publish","type":"product","link":"https:\/\/mamaterra.lt\/de\/parduotuve\/hygiene-und-hautpflege\/doterra-sonne-de\/doterra-sun-after-sun-koerperspray\/","title":{"rendered":"doTERRA sun After Sun K\u00f6rperspray"},"content":{"rendered":"<h3 class=\"spotlight__head-title\">doTERRA sun After Sun K\u00f6rperspray<\/h3>\n<p>170 g<\/p>\n<p>G\u00f6nnen Sie Ihrer Haut nach langen Stunden unter warmen Strahlen eine liebevolle Extrapflege mit dem After Sun Body Spray. Die feuchtigkeitsspendenden Eigenschaften der Hyalurons\u00e4ure und die beruhigenden Qualit\u00e4ten der Aloe Vera vereinen sich mit dem Extrakt der Arnika Montana-Bl\u00fcte zu einer intensiv feuchtigkeitsspendenden Formel. Der Zusatz von \u00e4therischen \u00d6len aus Copaiba, Lavendel, Zitronengras, Pfefferminze, japanischer Pfefferminze, Helichrysum, Sandelholz, blauem Rainfarn, Weihrauch und Koriander sorgt f\u00fcr ein frisches und helles, aber dennoch erdendes und subtiles Aroma. Das Produkt ist in einer aerosolfreien Aluminium-Spr\u00fchflasche verpackt und gibt einen kontinuierlichen Nebel ab, der sich leicht auf der ganzen Haut verteilen l\u00e4sst. Lieben und pflegen Sie Ihre Haut mit doTERRA After Sun.<\/p>\n<ul class=\"spotlight__list-custom custom-list\">\n<li style=\"list-style-type: none;\">\n<ul class=\"spotlight__list-custom custom-list\">\n<li>Sorgt f\u00fcr hautberuhigende, k\u00fchlende Linderung.<\/li>\n<li>Enth\u00e4lt Aloe Vera, Hyalurons\u00e4ure, gr\u00fcnen Tee und Vitamin E.<\/li>\n<li>Frei von Phthalaten, Oxybenzon und synthetischen Duftstoffen.<\/li>\n<li>Die n\u00e4hrende, intensiv feuchtigkeitsspendende Formel ist dermatologisch getestet und wasserfest.<\/li>\n<li>Veganerfreundlich und riffsicher.<\/li>\n<\/ul>\n<div class=\"spotlight__foot-block-icons\">\n<div class=\"body-system-list\">\n<div class=\"body-system-list__item\">\n<div class=\"body-system-list__item-img\"><\/div>\n<\/div>\n<div class=\"body-system-list__item\"><\/div>\n<\/div>\n<\/div>\n<\/li>\n<\/ul>\n","protected":false},"excerpt":{"rendered":"<ul class=\"spotlight__list-custom custom-list\">\n<li>Sorgt f\u00fcr hautberuhigende, k\u00fchlende Linderung.<\/li>\n<li>Enth\u00e4lt Aloe Vera, Hyalurons\u00e4ure, gr\u00fcnen Tee und Vitamin E.<\/li>\n<li>Frei von Phthalaten, Oxybenzon und synthetischen Duftstoffen.<\/li>\n<li>Die n\u00e4hrende, intensiv feuchtigkeitsspendende Formel ist dermatologisch getestet und wasserfest.<\/li>\n<li>Veganerfreundlich und riffsicher.<\/li>\n<li><\/li>\n<li><\/li>\n<\/ul>\n","protected":false},"featured_media":22094,"template":"","meta":{"site-sidebar-layout":"default","site-content-layout":"default","ast-site-content-layout":"default","site-content-style":"default","site-sidebar-style":"default","ast-global-header-display":"","ast-banner-title-visibility":"","ast-main-header-display":"","ast-hfb-above-header-display":"","ast-hfb-below-header-display":"","ast-hfb-mobile-header-display":"","site-post-title":"","ast-breadcrumbs-content":"","ast-featured-img":"","footer-sml-layout":"","ast-disable-related-posts":"","theme-transparent-header-meta":"default","adv-header-id-meta":"","stick-header-meta":"","header-above-stick-meta":"","header-main-stick-meta":"","header-below-stick-meta":"","astra-migrate-meta-layouts":"set","ast-page-background-enabled":"default","ast-page-background-meta":{"desktop":{"background-color":"","background-image":"","background-repeat":"repeat","background-position":"center center","background-size":"auto","background-attachment":"scroll","background-type":"","background-media":"","overlay-type":"","overlay-color":"","overlay-opacity":"","overlay-gradient":""},"tablet":{"background-color":"","background-image":"","background-repeat":"repeat","background-position":"center center","background-size":"auto","background-attachment":"scroll","background-type":"","background-media":"","overlay-type":"","overlay-color":"","overlay-opacity":"","overlay-gradient":""},"mobile":{"background-color":"","background-image":"","background-repeat":"repeat","background-position":"center center","background-size":"auto","background-attachment":"scroll","background-type":"","background-media":"","overlay-type":"","overlay-color":"","overlay-opacity":"","overlay-gradient":""}},"ast-content-background-meta":{"desktop":{"background-color":"var(--ast-global-color-5)","background-image":"","background-repeat":"repeat","background-position":"center center","background-size":"auto","background-attachment":"scroll","background-type":"","background-media":"","overlay-type":"","overlay-color":"","overlay-opacity":"","overlay-gradient":""},"tablet":{"background-color":"var(--ast-global-color-5)","background-image":"","background-repeat":"repeat","background-position":"center center","background-size":"auto","background-attachment":"scroll","background-type":"","background-media":"","overlay-type":"","overlay-color":"","overlay-opacity":"","overlay-gradient":""},"mobile":{"background-color":"var(--ast-global-color-5)","background-image":"","background-repeat":"repeat","background-position":"center center","background-size":"auto","background-attachment":"scroll","background-type":"","background-media":"","overlay-type":"","overlay-color":"","overlay-opacity":"","overlay-gradient":""}}},"product_brand":[],"product_cat":[3581,2044,1959],"product_tag":[],"class_list":{"0":"post-22093","1":"product","2":"type-product","3":"status-publish","4":"has-post-thumbnail","6":"product_cat-doterra-sonne-de","7":"product_cat-fuer-kinder","8":"product_cat-hygiene-und-hautpflege","9":"desktop-align-left","10":"tablet-align-left","11":"mobile-align-left","13":"first","14":"instock","15":"taxable","16":"shipping-taxable","17":"purchasable","18":"product-type-simple"},"_links":{"self":[{"href":"https:\/\/mamaterra.lt\/de\/wp-json\/wp\/v2\/product\/22093","targetHints":{"allow":["GET"]}}],"collection":[{"href":"https:\/\/mamaterra.lt\/de\/wp-json\/wp\/v2\/product"}],"about":[{"href":"https:\/\/mamaterra.lt\/de\/wp-json\/wp\/v2\/types\/product"}],"wp:featuredmedia":[{"embeddable":true,"href":"https:\/\/mamaterra.lt\/de\/wp-json\/wp\/v2\/media\/22094"}],"wp:attachment":[{"href":"https:\/\/mamaterra.lt\/de\/wp-json\/wp\/v2\/media?parent=22093"}],"wp:term":[{"taxonomy":"product_brand","embeddable":true,"href":"https:\/\/mamaterra.lt\/de\/wp-json\/wp\/v2\/product_brand?post=22093"},{"taxonomy":"product_cat","embeddable":true,"href":"https:\/\/mamaterra.lt\/de\/wp-json\/wp\/v2\/product_cat?post=22093"},{"taxonomy":"product_tag","embeddable":true,"href":"https:\/\/mamaterra.lt\/de\/wp-json\/wp\/v2\/product_tag?post=22093"}],"curies":[{"name":"wp","href":"https:\/\/api.w.org\/{rel}","templated":true}]}}