{"id":22081,"date":"2023-07-01T11:41:35","date_gmt":"2023-07-01T10:41:35","guid":{"rendered":"https:\/\/mamaterra.lt\/parduotuve\/unkategorisiert\/mineralinis-piestukas-nuo-saules-veidui-ir-kunui-doterra-sun-face-body-mineral-sunscreen-stick\/"},"modified":"2024-03-10T16:32:21","modified_gmt":"2024-03-10T15:32:21","slug":"doterra-sun-face-body-mineral-sunscreen-stick","status":"publish","type":"product","link":"https:\/\/mamaterra.lt\/de\/parduotuve\/hygiene-und-hautpflege\/doterra-sonne-de\/doterra-sun-face-body-mineral-sunscreen-stick\/","title":{"rendered":"doTERRA sun Face + Body Mineral Sunscreen Stick"},"content":{"rendered":"<h6>d\u014dTERRA\u2122 sun Face + Body Mineral Sunscreen Stick<\/h6>\n<p>&nbsp;<\/p>\n<p>Mit dem Body Mineral Sunscreen Stick genie\u00dfen Sie den ultimativen, unkomplizierten Sonnenschutz. Die dicke, drehbare Tube gleitet \u00fcber die Haut und l\u00e4sst sich m\u00fchelos auftragen. Dank ihrer kompakten Gr\u00f6\u00dfe k\u00f6nnen Sie sie \u00fcberallhin mitnehmen. Mit \u00e4therischen \u00d6len aus Roter Mandarine, Magnolie, Zitronengras, Ylang Ylang, Karottensamen, Weihrauch und Helichrysum bietet dieser Sonnenschutzstift feuchtigkeitsspendende und sch\u00fctzende Eigenschaften. Perfekt f\u00fcr Sie und Ihre Familie: Motivieren Sie Ihre Kleinen, ihre Haut zu lieben, indem Sie den praktischen Applikator vor ihren Outdoor-Abenteuern verwenden.<\/p>\n<ul class=\"spotlight__list-custom custom-list\">\n<li>Bietet SPF 30+ Breitspektrumschutz (UVA\/UVB) in einem einfach zu verwendenden Stift.<\/li>\n<li>Frei von Phthalaten, Oxybenzon und synthetischen Duftstoffen.<\/li>\n<li>Die n\u00e4hrende, intensiv feuchtigkeitsspendende Formel ist dermatologisch getestet u d bis zu 80 Minuten wasserfest.<\/li>\n<li>Veganerfreundlich und riffsicher.<\/li>\n<\/ul>\n","protected":false},"excerpt":{"rendered":"<ul class=\"spotlight__list-custom custom-list\">\n<li>Paprastas naudoti pie\u0161tukas u\u017etikrina plataus spektro (UVA\/UBV) SPF 30+ apsaug\u0105.<\/li>\n<li>Be ftalat\u0173, oksibenzono ir sintetini\u0173 kvapikli\u0173.<\/li>\n<li>Maitinanti ir itin dr\u0117kinanti sud\u0117tis patikrinta dermatolo\u0173 ir yra atspari vandeniui iki 80 minu\u010di\u0173.<\/li>\n<li>Tinkamas veganams, draugi\u0161kas koralams.<\/li>\n<\/ul>\n","protected":false},"featured_media":22082,"template":"","meta":{"site-sidebar-layout":"default","site-content-layout":"default","ast-site-content-layout":"default","site-content-style":"default","site-sidebar-style":"default","ast-global-header-display":"","ast-banner-title-visibility":"","ast-main-header-display":"","ast-hfb-above-header-display":"","ast-hfb-below-header-display":"","ast-hfb-mobile-header-display":"","site-post-title":"","ast-breadcrumbs-content":"","ast-featured-img":"","footer-sml-layout":"","ast-disable-related-posts":"","theme-transparent-header-meta":"default","adv-header-id-meta":"","stick-header-meta":"","header-above-stick-meta":"","header-main-stick-meta":"","header-below-stick-meta":"","astra-migrate-meta-layouts":"set","ast-page-background-enabled":"default","ast-page-background-meta":{"desktop":{"background-color":"","background-image":"","background-repeat":"repeat","background-position":"center center","background-size":"auto","background-attachment":"scroll","background-type":"","background-media":"","overlay-type":"","overlay-color":"","overlay-opacity":"","overlay-gradient":""},"tablet":{"background-color":"","background-image":"","background-repeat":"repeat","background-position":"center center","background-size":"auto","background-attachment":"scroll","background-type":"","background-media":"","overlay-type":"","overlay-color":"","overlay-opacity":"","overlay-gradient":""},"mobile":{"background-color":"","background-image":"","background-repeat":"repeat","background-position":"center center","background-size":"auto","background-attachment":"scroll","background-type":"","background-media":"","overlay-type":"","overlay-color":"","overlay-opacity":"","overlay-gradient":""}},"ast-content-background-meta":{"desktop":{"background-color":"var(--ast-global-color-5)","background-image":"","background-repeat":"repeat","background-position":"center center","background-size":"auto","background-attachment":"scroll","background-type":"","background-media":"","overlay-type":"","overlay-color":"","overlay-opacity":"","overlay-gradient":""},"tablet":{"background-color":"var(--ast-global-color-5)","background-image":"","background-repeat":"repeat","background-position":"center center","background-size":"auto","background-attachment":"scroll","background-type":"","background-media":"","overlay-type":"","overlay-color":"","overlay-opacity":"","overlay-gradient":""},"mobile":{"background-color":"var(--ast-global-color-5)","background-image":"","background-repeat":"repeat","background-position":"center center","background-size":"auto","background-attachment":"scroll","background-type":"","background-media":"","overlay-type":"","overlay-color":"","overlay-opacity":"","overlay-gradient":""}}},"product_brand":[],"product_cat":[3581,1959],"product_tag":[],"class_list":{"0":"post-22081","1":"product","2":"type-product","3":"status-publish","4":"has-post-thumbnail","6":"product_cat-doterra-sonne-de","7":"product_cat-hygiene-und-hautpflege","8":"desktop-align-left","9":"tablet-align-left","10":"mobile-align-left","12":"first","13":"instock","14":"taxable","15":"shipping-taxable","16":"purchasable","17":"product-type-simple"},"_links":{"self":[{"href":"https:\/\/mamaterra.lt\/de\/wp-json\/wp\/v2\/product\/22081","targetHints":{"allow":["GET"]}}],"collection":[{"href":"https:\/\/mamaterra.lt\/de\/wp-json\/wp\/v2\/product"}],"about":[{"href":"https:\/\/mamaterra.lt\/de\/wp-json\/wp\/v2\/types\/product"}],"wp:featuredmedia":[{"embeddable":true,"href":"https:\/\/mamaterra.lt\/de\/wp-json\/wp\/v2\/media\/22082"}],"wp:attachment":[{"href":"https:\/\/mamaterra.lt\/de\/wp-json\/wp\/v2\/media?parent=22081"}],"wp:term":[{"taxonomy":"product_brand","embeddable":true,"href":"https:\/\/mamaterra.lt\/de\/wp-json\/wp\/v2\/product_brand?post=22081"},{"taxonomy":"product_cat","embeddable":true,"href":"https:\/\/mamaterra.lt\/de\/wp-json\/wp\/v2\/product_cat?post=22081"},{"taxonomy":"product_tag","embeddable":true,"href":"https:\/\/mamaterra.lt\/de\/wp-json\/wp\/v2\/product_tag?post=22081"}],"curies":[{"name":"wp","href":"https:\/\/api.w.org\/{rel}","templated":true}]}}