{"id":22064,"date":"2021-09-10T20:11:17","date_gmt":"2021-09-10T19:11:17","guid":{"rendered":"https:\/\/mamaterra.lt\/parduotuve\/unkategorisiert\/fitoestrogenai-doterra-lifetime-complex-60-kapsuliu\/"},"modified":"2025-03-28T20:39:27","modified_gmt":"2025-03-28T19:39:27","slug":"phytooestrogen-essential-complex","status":"publish","type":"product","link":"https:\/\/mamaterra.lt\/de\/parduotuve\/fuer-frauen\/phytooestrogen-essential-complex\/","title":{"rendered":"Phyto\u00f6strogen Essential Complex"},"content":{"rendered":"<p>Phyto\u00f6strogen Essential Complex<\/p>\n<p>60 Stuck<\/p>\n<p>&nbsp;<\/p>\n<p>Phyto\u00f6strogene doTERRA Lifetime Complex\u2122Anweisungen zur Verwendung:<\/p>\n<p>F\u00fcr Frauen vor und nach den Wechseljahren, eine (1)-zwei (2) Kapseln t\u00e4glich zu den Mahlzeiten oder nach Bedarf.<br \/>\nF\u00fcr Frauen nach der Menopause, nehmen Sie zwei (2) Kapseln t\u00e4glich mit dem Essen.<br \/>\nIdeal in Kombination mit dem doTERRA Women Bone Nutrient Essential Complex, der \u00e4therischen \u00d6lmischung doTERRA ClaryCalm\u00ae und dem Lifelong Vitality Pack.<\/p>\n<p><iframe title=\"Best Ways To Use The doTERRA Phytoestrogen Complex\" src=\"https:\/\/www.youtube.com\/embed\/LWalBiIPwIY\" width=\"944\" height=\"532\" frameborder=\"0\" allowfullscreen=\"allowfullscreen\"><\/iframe><\/p>\n","protected":false},"excerpt":{"rendered":"<ul>\n<li>Reguliert und erh\u00e4lt den \u00d6strogenspiegel im K\u00f6rper<\/li>\n<li>Unterst\u00fctzt die Gesundheit von Knochen, Herz und Brustgewebe<\/li>\n<li>Hilft, unangenehme pr\u00e4menstruelle und menopausale Symptome zu reduzieren<\/li>\n<li>Einfache und bequeme Einnahme &#8211; 1-2 Kapseln pro Tag mit dem Essen<\/li>\n<\/ul>\n","protected":false},"featured_media":22065,"template":"","meta":{"site-sidebar-layout":"default","site-content-layout":"default","ast-site-content-layout":"default","site-content-style":"default","site-sidebar-style":"default","ast-global-header-display":"","ast-banner-title-visibility":"","ast-main-header-display":"","ast-hfb-above-header-display":"","ast-hfb-below-header-display":"","ast-hfb-mobile-header-display":"","site-post-title":"","ast-breadcrumbs-content":"","ast-featured-img":"","footer-sml-layout":"","ast-disable-related-posts":"","theme-transparent-header-meta":"default","adv-header-id-meta":"","stick-header-meta":"","header-above-stick-meta":"","header-main-stick-meta":"","header-below-stick-meta":"","astra-migrate-meta-layouts":"set","ast-page-background-enabled":"default","ast-page-background-meta":{"desktop":{"background-color":"","background-image":"","background-repeat":"repeat","background-position":"center center","background-size":"auto","background-attachment":"scroll","background-type":"","background-media":"","overlay-type":"","overlay-color":"","overlay-opacity":"","overlay-gradient":""},"tablet":{"background-color":"","background-image":"","background-repeat":"repeat","background-position":"center center","background-size":"auto","background-attachment":"scroll","background-type":"","background-media":"","overlay-type":"","overlay-color":"","overlay-opacity":"","overlay-gradient":""},"mobile":{"background-color":"","background-image":"","background-repeat":"repeat","background-position":"center center","background-size":"auto","background-attachment":"scroll","background-type":"","background-media":"","overlay-type":"","overlay-color":"","overlay-opacity":"","overlay-gradient":""}},"ast-content-background-meta":{"desktop":{"background-color":"var(--ast-global-color-5)","background-image":"","background-repeat":"repeat","background-position":"center center","background-size":"auto","background-attachment":"scroll","background-type":"","background-media":"","overlay-type":"","overlay-color":"","overlay-opacity":"","overlay-gradient":""},"tablet":{"background-color":"var(--ast-global-color-5)","background-image":"","background-repeat":"repeat","background-position":"center center","background-size":"auto","background-attachment":"scroll","background-type":"","background-media":"","overlay-type":"","overlay-color":"","overlay-opacity":"","overlay-gradient":""},"mobile":{"background-color":"var(--ast-global-color-5)","background-image":"","background-repeat":"repeat","background-position":"center center","background-size":"auto","background-attachment":"scroll","background-type":"","background-media":"","overlay-type":"","overlay-color":"","overlay-opacity":"","overlay-gradient":""}}},"product_brand":[],"product_cat":[2009],"product_tag":[3286,3246,3394],"class_list":{"0":"post-22064","1":"product","2":"type-product","3":"status-publish","4":"has-post-thumbnail","6":"product_cat-fuer-frauen","7":"product_tag-ergaenzungen","8":"product_tag-kapseln","9":"product_tag-phytooestrogene","10":"desktop-align-left","11":"tablet-align-left","12":"mobile-align-left","14":"first","15":"instock","16":"taxable","17":"shipping-taxable","18":"purchasable","19":"product-type-simple"},"_links":{"self":[{"href":"https:\/\/mamaterra.lt\/de\/wp-json\/wp\/v2\/product\/22064","targetHints":{"allow":["GET"]}}],"collection":[{"href":"https:\/\/mamaterra.lt\/de\/wp-json\/wp\/v2\/product"}],"about":[{"href":"https:\/\/mamaterra.lt\/de\/wp-json\/wp\/v2\/types\/product"}],"wp:featuredmedia":[{"embeddable":true,"href":"https:\/\/mamaterra.lt\/de\/wp-json\/wp\/v2\/media\/22065"}],"wp:attachment":[{"href":"https:\/\/mamaterra.lt\/de\/wp-json\/wp\/v2\/media?parent=22064"}],"wp:term":[{"taxonomy":"product_brand","embeddable":true,"href":"https:\/\/mamaterra.lt\/de\/wp-json\/wp\/v2\/product_brand?post=22064"},{"taxonomy":"product_cat","embeddable":true,"href":"https:\/\/mamaterra.lt\/de\/wp-json\/wp\/v2\/product_cat?post=22064"},{"taxonomy":"product_tag","embeddable":true,"href":"https:\/\/mamaterra.lt\/de\/wp-json\/wp\/v2\/product_tag?post=22064"}],"curies":[{"name":"wp","href":"https:\/\/api.w.org\/{rel}","templated":true}]}}