{"id":22054,"date":"2021-04-18T17:17:09","date_gmt":"2021-04-18T16:17:09","guid":{"rendered":"https:\/\/mamaterra.lt\/parduotuve\/unkategorisiert\/doterra-clarycalm-eteriniu-alieju-misinys-moterims-10ml\/"},"modified":"2024-03-10T15:47:34","modified_gmt":"2024-03-10T14:47:34","slug":"doterra-clarycalm-aetherische-oelmischung-fuer-frauen","status":"publish","type":"product","link":"https:\/\/mamaterra.lt\/de\/parduotuve\/essentielle-oele\/aetherische-oelmischungen\/doterra-clarycalm-aetherische-oelmischung-fuer-frauen\/","title":{"rendered":"doTERRA clarycalm\u2122 \u00c4therische \u00d6lmischung f\u00fcr Frauen"},"content":{"rendered":"<h6>doTERRA clarycalm\u2122 \u00c4therische \u00d6lmischung f\u00fcr Frauen<\/h6>\n<p>10ml Flasche mit Kugelapplikator<\/p>\n<p>&nbsp;<\/p>\n<p>doTERRA clarycalm\u2122 \u00c4therische \u00d6lmischung Beschreibung:<\/p>\n<p>Speziell f\u00fcr Frauen formuliert, hilft clarycalm \u00d6l, die Stimmung auszugleichen und schwankende Emotionen w\u00e4hrend des Monats zu beruhigen.<\/p>\n<p>Hilft, das emotionale Gleichgewicht w\u00e4hrend des Monats aufrechtzuerhalten<br \/>\nHilft, schwankende Emotionen zu beruhigen und auszugleichen<br \/>\nHat eine k\u00fchlende Wirkung, wenn es auf die Haut aufgetragen wird<br \/>\nReduziert PMS-Symptome und Stimmungsschwankungen<br \/>\nVerbessert das allgemeine Wohlbefinden<br \/>\nLindert Menstruationsschmerzen<br \/>\nUnterdr\u00fcckt Hitzewallungen<br \/>\nBei der Anwendung auf der Haut hat clarycalm eine k\u00fchlende und beruhigende Wirkung.<\/p>\n<p>doTERRA clarycalm\u2122 \u00c4therische \u00d6lmischung Zutaten:<\/p>\n<p>\u00c4therische \u00d6le von Muskatellersalbei, Lavendel, FCF Bergamotte, R\u00f6mische Kamille, Ylang Ylang, Zedernholz, Geranie, Fenchel, Karottensamen, Palmarosa und Vitex.<\/p>\n<p>doTERRA clarycalm\u2122 \u00c4therische \u00d6lmischung Anwendung:<\/p>\n<p>Auf den Unterleib auftragen bei schmerzhafter Menstruation, Bl\u00e4hungen<br \/>\nAuf den Kopf auftragen bei Schmerzen<br \/>\nZum Ausgleich von Emotionen und Hormonen, zur Reduzierung von Hitzewallungen Morgens und abends auf Nacken, Handgelenke und Kn\u00f6chel auftragen<\/p>\n<p>&nbsp;<\/p>\n<p>F\u00fcr weitere Informationen \u00fcber die doTERRA clarycalm\u2122<\/p>\n<p><iframe title=\"Balancing Emotions with doTERRA ClaryCalm\u00ae\" src=\"https:\/\/www.youtube.com\/embed\/KCIRNZM0ELo\" width=\"853\" height=\"480\" frameborder=\"0\" allowfullscreen=\"allowfullscreen\"><\/iframe><\/p>\n","protected":false},"excerpt":{"rendered":"<ul>\n<li>Hilft, das emotionale Gleichgewicht w\u00e4hrend des Monats aufrechtzuerhalten<\/li>\n<li>Hilft, schwankende Emotionen zu beruhigen und auszugleichen<\/li>\n<li>Hat eine k\u00fchlende Wirkung, wenn es auf die Haut aufgetragen wird<\/li>\n<li>Reduziert PMS-Symptome und Stimmungsschwankungen<\/li>\n<li>Verbessert das allgemeine Wohlbefinden<\/li>\n<\/ul>\n","protected":false},"featured_media":22055,"template":"","meta":{"site-sidebar-layout":"default","site-content-layout":"default","ast-site-content-layout":"default","site-content-style":"default","site-sidebar-style":"default","ast-global-header-display":"","ast-banner-title-visibility":"","ast-main-header-display":"","ast-hfb-above-header-display":"","ast-hfb-below-header-display":"","ast-hfb-mobile-header-display":"","site-post-title":"","ast-breadcrumbs-content":"","ast-featured-img":"","footer-sml-layout":"","ast-disable-related-posts":"","theme-transparent-header-meta":"default","adv-header-id-meta":"","stick-header-meta":"","header-above-stick-meta":"","header-main-stick-meta":"","header-below-stick-meta":"","astra-migrate-meta-layouts":"set","ast-page-background-enabled":"default","ast-page-background-meta":{"desktop":{"background-color":"","background-image":"","background-repeat":"repeat","background-position":"center center","background-size":"auto","background-attachment":"scroll","background-type":"","background-media":"","overlay-type":"","overlay-color":"","overlay-opacity":"","overlay-gradient":""},"tablet":{"background-color":"","background-image":"","background-repeat":"repeat","background-position":"center center","background-size":"auto","background-attachment":"scroll","background-type":"","background-media":"","overlay-type":"","overlay-color":"","overlay-opacity":"","overlay-gradient":""},"mobile":{"background-color":"","background-image":"","background-repeat":"repeat","background-position":"center center","background-size":"auto","background-attachment":"scroll","background-type":"","background-media":"","overlay-type":"","overlay-color":"","overlay-opacity":"","overlay-gradient":""}},"ast-content-background-meta":{"desktop":{"background-color":"var(--ast-global-color-5)","background-image":"","background-repeat":"repeat","background-position":"center center","background-size":"auto","background-attachment":"scroll","background-type":"","background-media":"","overlay-type":"","overlay-color":"","overlay-opacity":"","overlay-gradient":""},"tablet":{"background-color":"var(--ast-global-color-5)","background-image":"","background-repeat":"repeat","background-position":"center center","background-size":"auto","background-attachment":"scroll","background-type":"","background-media":"","overlay-type":"","overlay-color":"","overlay-opacity":"","overlay-gradient":""},"mobile":{"background-color":"var(--ast-global-color-5)","background-image":"","background-repeat":"repeat","background-position":"center center","background-size":"auto","background-attachment":"scroll","background-type":"","background-media":"","overlay-type":"","overlay-color":"","overlay-opacity":"","overlay-gradient":""}}},"product_brand":[],"product_cat":[1944,1939,2009,2039],"product_tag":[2072,3236,2865],"class_list":{"0":"post-22054","1":"product","2":"type-product","3":"status-publish","4":"has-post-thumbnail","6":"product_cat-aetherische-oelmischungen","7":"product_cat-essentielle-oele","8":"product_cat-fuer-frauen","9":"product_cat-stressbewaeltigung","10":"product_tag-10-ml-de","11":"product_tag-aetherische-oelmischungen","12":"product_tag-clarycalm-de","13":"desktop-align-left","14":"tablet-align-left","15":"mobile-align-left","17":"first","18":"instock","19":"taxable","20":"shipping-taxable","21":"purchasable","22":"product-type-simple"},"_links":{"self":[{"href":"https:\/\/mamaterra.lt\/de\/wp-json\/wp\/v2\/product\/22054","targetHints":{"allow":["GET"]}}],"collection":[{"href":"https:\/\/mamaterra.lt\/de\/wp-json\/wp\/v2\/product"}],"about":[{"href":"https:\/\/mamaterra.lt\/de\/wp-json\/wp\/v2\/types\/product"}],"wp:featuredmedia":[{"embeddable":true,"href":"https:\/\/mamaterra.lt\/de\/wp-json\/wp\/v2\/media\/22055"}],"wp:attachment":[{"href":"https:\/\/mamaterra.lt\/de\/wp-json\/wp\/v2\/media?parent=22054"}],"wp:term":[{"taxonomy":"product_brand","embeddable":true,"href":"https:\/\/mamaterra.lt\/de\/wp-json\/wp\/v2\/product_brand?post=22054"},{"taxonomy":"product_cat","embeddable":true,"href":"https:\/\/mamaterra.lt\/de\/wp-json\/wp\/v2\/product_cat?post=22054"},{"taxonomy":"product_tag","embeddable":true,"href":"https:\/\/mamaterra.lt\/de\/wp-json\/wp\/v2\/product_tag?post=22054"}],"curies":[{"name":"wp","href":"https:\/\/api.w.org\/{rel}","templated":true}]}}