{"id":22042,"date":"2021-04-19T08:34:36","date_gmt":"2021-04-19T07:34:36","guid":{"rendered":"https:\/\/mamaterra.lt\/parduotuve\/unkategorisiert\/doterra-kramtomosios-tabletes-digestzen-digesttab\/"},"modified":"2024-03-09T21:25:38","modified_gmt":"2024-03-09T20:25:38","slug":"doterra-kautabletten-digesttab","status":"publish","type":"product","link":"https:\/\/mamaterra.lt\/de\/parduotuve\/essentielle-oele\/doterra-kautabletten-digesttab\/","title":{"rendered":"doTERRA Kautabletten DigestTab"},"content":{"rendered":"<h6>doTERRA Kautabletten DigestTab<\/h6>\n<p>100 100 St\u00fcck<\/p>\n<p>&nbsp;<\/p>\n<p>DigestZen ist aufgrund seiner vielen Vorteile eine der beliebtesten Mischungen von doTERRA. Sie ist eine der beliebtesten und hochwirksamsten Mischungen der DigestTrust\u00ae-Reihe und ist jetzt in einer praktischen Kautablettenform erh\u00e4ltlich.<\/p>\n<p>Kalziumkarbonat-Tablette mit DigestZen, einer unterst\u00fctzenden Mischung aus Ingwer, Fenchel, Koriandersamen, Pfefferminze und anderen \u00e4therischen \u00d6len<br \/>\nSpeziell f\u00fcr Menschen mit empfindlichem Magen entwickelt<br \/>\nF\u00fcr Menschen, die unter rebellischer S\u00e4ure leiden<\/p>\n<p>&nbsp;<\/p>\n<p>Sehen Sie sich das Video \u00fcber doTERRA DigestTab\u2122 an.<\/p>\n<p><iframe title=\"Top 3 Benefits Of doTERRA DigestTab\" src=\"https:\/\/www.youtube.com\/embed\/nZURPuLbWbg\" width=\"946\" height=\"532\" frameborder=\"0\" allowfullscreen=\"allowfullscreen\"><\/iframe><\/p>\n","protected":false},"excerpt":{"rendered":"<ul>\n<li>Kalziumkarbonat-Tablette mit DigestZen-Unterst\u00fctzungsmischung aus Ingwer, Fenchel, Koriandersamen, Pfefferminze und anderen \u00e4therischen \u00d6len<\/li>\n<li>Speziell f\u00fcr Menschen mit empfindlichem Magen entwickelt<\/li>\n<li>L\u00f6scht das Feuer im Magen<\/li>\n<\/ul>\n","protected":false},"featured_media":22043,"template":"","meta":{"site-sidebar-layout":"default","site-content-layout":"default","ast-site-content-layout":"default","site-content-style":"default","site-sidebar-style":"default","ast-global-header-display":"","ast-banner-title-visibility":"","ast-main-header-display":"","ast-hfb-above-header-display":"","ast-hfb-below-header-display":"","ast-hfb-mobile-header-display":"","site-post-title":"","ast-breadcrumbs-content":"","ast-featured-img":"","footer-sml-layout":"","ast-disable-related-posts":"","theme-transparent-header-meta":"default","adv-header-id-meta":"","stick-header-meta":"","header-above-stick-meta":"","header-main-stick-meta":"","header-below-stick-meta":"","astra-migrate-meta-layouts":"set","ast-page-background-enabled":"default","ast-page-background-meta":{"desktop":{"background-color":"","background-image":"","background-repeat":"repeat","background-position":"center center","background-size":"auto","background-attachment":"scroll","background-type":"","background-media":"","overlay-type":"","overlay-color":"","overlay-opacity":"","overlay-gradient":""},"tablet":{"background-color":"","background-image":"","background-repeat":"repeat","background-position":"center center","background-size":"auto","background-attachment":"scroll","background-type":"","background-media":"","overlay-type":"","overlay-color":"","overlay-opacity":"","overlay-gradient":""},"mobile":{"background-color":"","background-image":"","background-repeat":"repeat","background-position":"center center","background-size":"auto","background-attachment":"scroll","background-type":"","background-media":"","overlay-type":"","overlay-color":"","overlay-opacity":"","overlay-gradient":""}},"ast-content-background-meta":{"desktop":{"background-color":"var(--ast-global-color-5)","background-image":"","background-repeat":"repeat","background-position":"center center","background-size":"auto","background-attachment":"scroll","background-type":"","background-media":"","overlay-type":"","overlay-color":"","overlay-opacity":"","overlay-gradient":""},"tablet":{"background-color":"var(--ast-global-color-5)","background-image":"","background-repeat":"repeat","background-position":"center center","background-size":"auto","background-attachment":"scroll","background-type":"","background-media":"","overlay-type":"","overlay-color":"","overlay-opacity":"","overlay-gradient":""},"mobile":{"background-color":"var(--ast-global-color-5)","background-image":"","background-repeat":"repeat","background-position":"center center","background-size":"auto","background-attachment":"scroll","background-type":"","background-media":"","overlay-type":"","overlay-color":"","overlay-opacity":"","overlay-gradient":""}}},"product_brand":[],"product_cat":[1939],"product_tag":[2817,3246],"class_list":{"0":"post-22042","1":"product","2":"type-product","3":"status-publish","4":"has-post-thumbnail","6":"product_cat-essentielle-oele","7":"product_tag-digesttab-de","8":"product_tag-kapseln","9":"desktop-align-left","10":"tablet-align-left","11":"mobile-align-left","13":"first","14":"instock","15":"taxable","16":"shipping-taxable","17":"purchasable","18":"product-type-simple"},"_links":{"self":[{"href":"https:\/\/mamaterra.lt\/de\/wp-json\/wp\/v2\/product\/22042","targetHints":{"allow":["GET"]}}],"collection":[{"href":"https:\/\/mamaterra.lt\/de\/wp-json\/wp\/v2\/product"}],"about":[{"href":"https:\/\/mamaterra.lt\/de\/wp-json\/wp\/v2\/types\/product"}],"wp:featuredmedia":[{"embeddable":true,"href":"https:\/\/mamaterra.lt\/de\/wp-json\/wp\/v2\/media\/22043"}],"wp:attachment":[{"href":"https:\/\/mamaterra.lt\/de\/wp-json\/wp\/v2\/media?parent=22042"}],"wp:term":[{"taxonomy":"product_brand","embeddable":true,"href":"https:\/\/mamaterra.lt\/de\/wp-json\/wp\/v2\/product_brand?post=22042"},{"taxonomy":"product_cat","embeddable":true,"href":"https:\/\/mamaterra.lt\/de\/wp-json\/wp\/v2\/product_cat?post=22042"},{"taxonomy":"product_tag","embeddable":true,"href":"https:\/\/mamaterra.lt\/de\/wp-json\/wp\/v2\/product_tag?post=22042"}],"curies":[{"name":"wp","href":"https:\/\/api.w.org\/{rel}","templated":true}]}}