{"id":22009,"date":"2021-09-12T10:26:40","date_gmt":"2021-09-12T09:26:40","guid":{"rendered":"https:\/\/mamaterra.lt\/parduotuve\/unkategorisiert\/doterra-serenity-minkstosios-kapsules-raminamasis-kompleksas-60-kapsuliu\/"},"modified":"2024-03-04T21:28:46","modified_gmt":"2024-03-04T20:28:46","slug":"doterra-serenity-softgels-beruhigungskomplex-60-kapseln","status":"publish","type":"product","link":"https:\/\/mamaterra.lt\/de\/parduotuve\/essentielle-oele\/aetherische-oelmischungen\/doterra-serenity-softgels-beruhigungskomplex-60-kapseln\/","title":{"rendered":"doTERRA SERENITY softgels &#8211; Beruhigungskomplex (60 Kapseln)"},"content":{"rendered":"<p>Die doTERRA Serenity Softgels machen es Ihnen leicht, die Vorteile der beruhigenden doTERRA Serenity-Mischung zu genie\u00dfen, die auf einzigartige Weise die gut erforschten Vorteile von \u00e4therischem Lavendel\u00f6l und L-Theanin mit den Extrakten von Zitronenmelisse, Passionsblume und Kamille in einem vegetarischen Softgel kombiniert.<\/p>\n<p>Experten empfehlen, dass Erwachsene jede Nacht mindestens 7-8 Stunden schlafen sollten. Leider kommen etwa 33 % der Menschen nicht auf die empfohlenen Stunden Schlaf pro Nacht, und etwa 1 von 5 Erwachsenen leidet unter Schlaflosigkeit. Schlafmangel wird mit zahlreichen Gesundheitsrisiken in Verbindung gebracht. Schlafmangel beeintr\u00e4chtigt unsere F\u00e4higkeit, Gewicht zu verlieren oder ein gesundes Gewicht zu halten, wirkt sich auf unsere Emotionen, unsere Lernf\u00e4higkeit und unser Verhalten aus, wirkt sich negativ auf unsere kardiovaskul\u00e4re Gesundheit und unser allgemeines Wohlbefinden aus, kann unsere Reaktionszeit verringern und unsere Fahrt\u00fcchtigkeit beeintr\u00e4chtigen. Ausreichender Schlaf ist wichtig, um sich k\u00f6rperlich und geistig von den Anforderungen des Alltags zu erholen. Qualitativ hochwertiger Schlaf ist f\u00fcr Ihr t\u00e4gliches Wohlbefinden unerl\u00e4sslich, da sich der K\u00f6rper jede Nacht auf nat\u00fcrliche Weise erholen muss. So reinigt sich das Gehirn beispielsweise nur im Schlaf von Giftstoffen. Es gibt Hunderte von verschiedenen Empfehlungen, Familienrezepten, Produkten und Nahrungserg\u00e4nzungsmitteln, die alle behaupten, zu helfen. Doch was f\u00fcr den einen funktioniert, muss f\u00fcr den anderen noch lange nicht gelten. Jetzt haben wir eine L\u00f6sung, die sowohl historisch gewachsene als auch die besten, von der modernen Wissenschaft best\u00e4tigten Inhaltsstoffe verwendet.<\/p>\n<ul>\n<li>Eine einfache M\u00f6glichkeit, die Vorteile der doTERRA Serenity Calming Blend in einem praktischen Softgel-Format zu genie\u00dfen<br \/>\nDiese einzigartige Serenity-Mischung hilft Ihnen, tiefe Ruhe und Entspannung zu erfahren<br \/>\nBeseitigt gelegentliche Schlaflosigkeit<br \/>\nF\u00f6rdert gesunde Entspannung und Schlaf<br \/>\nHilft Ihnen, eine erholsame Nachtruhe zu finden, ohne sich am n\u00e4chsten Tag m\u00fcde zu f\u00fchlen<br \/>\nVerbessert die Qualit\u00e4t Ihres Schlafes und erleichtert das Einschlafen<br \/>\nF\u00f6rdert einen erholsamen Schlaf<br \/>\nBeruhigt das Nervensystem<br \/>\nHilft, Stress zu reduzieren<\/p>\n<p>doTERRA SERENITY\u2122 Calming Complex Anwendung:<\/p>\n<p>1-2 Kapseln eine halbe Stunde vor dem Schlafengehen einnehmen.<\/p>\n<p>&nbsp;<\/p>\n<p>Sehen Sie sich das Video \u00fcber doTERRA SERENITY\u2122 Calming Complex an<\/li>\n<\/ul>\n<p><iframe title=\"Sleep Like A Baby With doTERRA Serenity Softgels\" src=\"https:\/\/www.youtube.com\/embed\/WdowVJaa82c\" width=\"946\" height=\"532\" frameborder=\"0\" allowfullscreen=\"allowfullscreen\"><\/iframe><\/p>\n","protected":false},"excerpt":{"rendered":"<p>doTERRA Serenity Softgels machen es Ihnen leicht, die Vorteile der beruhigenden doTERRA Serenity Mischung zu genie\u00dfen.<\/p>\n<p>F\u00f6rdert den erholsamen Schlaf<br \/>\nDiese einzigartige Serenity-Mischung hilft Ihnen, tiefe Ruhe und Entspannung zu erfahren<br \/>\nVerbessert die Schlafqualit\u00e4t<\/p>\n","protected":false},"featured_media":22010,"template":"","meta":{"site-sidebar-layout":"default","site-content-layout":"default","ast-site-content-layout":"default","site-content-style":"default","site-sidebar-style":"default","ast-global-header-display":"","ast-banner-title-visibility":"","ast-main-header-display":"","ast-hfb-above-header-display":"","ast-hfb-below-header-display":"","ast-hfb-mobile-header-display":"","site-post-title":"","ast-breadcrumbs-content":"","ast-featured-img":"","footer-sml-layout":"","ast-disable-related-posts":"","theme-transparent-header-meta":"default","adv-header-id-meta":"","stick-header-meta":"","header-above-stick-meta":"","header-main-stick-meta":"","header-below-stick-meta":"","astra-migrate-meta-layouts":"set","ast-page-background-enabled":"default","ast-page-background-meta":{"desktop":{"background-color":"","background-image":"","background-repeat":"repeat","background-position":"center center","background-size":"auto","background-attachment":"scroll","background-type":"","background-media":"","overlay-type":"","overlay-color":"","overlay-opacity":"","overlay-gradient":""},"tablet":{"background-color":"","background-image":"","background-repeat":"repeat","background-position":"center center","background-size":"auto","background-attachment":"scroll","background-type":"","background-media":"","overlay-type":"","overlay-color":"","overlay-opacity":"","overlay-gradient":""},"mobile":{"background-color":"","background-image":"","background-repeat":"repeat","background-position":"center center","background-size":"auto","background-attachment":"scroll","background-type":"","background-media":"","overlay-type":"","overlay-color":"","overlay-opacity":"","overlay-gradient":""}},"ast-content-background-meta":{"desktop":{"background-color":"var(--ast-global-color-5)","background-image":"","background-repeat":"repeat","background-position":"center center","background-size":"auto","background-attachment":"scroll","background-type":"","background-media":"","overlay-type":"","overlay-color":"","overlay-opacity":"","overlay-gradient":""},"tablet":{"background-color":"var(--ast-global-color-5)","background-image":"","background-repeat":"repeat","background-position":"center center","background-size":"auto","background-attachment":"scroll","background-type":"","background-media":"","overlay-type":"","overlay-color":"","overlay-opacity":"","overlay-gradient":""},"mobile":{"background-color":"var(--ast-global-color-5)","background-image":"","background-repeat":"repeat","background-position":"center center","background-size":"auto","background-attachment":"scroll","background-type":"","background-media":"","overlay-type":"","overlay-color":"","overlay-opacity":"","overlay-gradient":""}}},"product_brand":[],"product_cat":[1944,1939,2004],"product_tag":[3246,3063],"class_list":{"0":"post-22009","1":"product","2":"type-product","3":"status-publish","4":"has-post-thumbnail","6":"product_cat-aetherische-oelmischungen","7":"product_cat-essentielle-oele","8":"product_cat-schlafen","9":"product_tag-kapseln","10":"product_tag-serenity-de","11":"desktop-align-left","12":"tablet-align-left","13":"mobile-align-left","15":"first","16":"instock","17":"taxable","18":"shipping-taxable","19":"purchasable","20":"product-type-simple"},"_links":{"self":[{"href":"https:\/\/mamaterra.lt\/de\/wp-json\/wp\/v2\/product\/22009","targetHints":{"allow":["GET"]}}],"collection":[{"href":"https:\/\/mamaterra.lt\/de\/wp-json\/wp\/v2\/product"}],"about":[{"href":"https:\/\/mamaterra.lt\/de\/wp-json\/wp\/v2\/types\/product"}],"wp:featuredmedia":[{"embeddable":true,"href":"https:\/\/mamaterra.lt\/de\/wp-json\/wp\/v2\/media\/22010"}],"wp:attachment":[{"href":"https:\/\/mamaterra.lt\/de\/wp-json\/wp\/v2\/media?parent=22009"}],"wp:term":[{"taxonomy":"product_brand","embeddable":true,"href":"https:\/\/mamaterra.lt\/de\/wp-json\/wp\/v2\/product_brand?post=22009"},{"taxonomy":"product_cat","embeddable":true,"href":"https:\/\/mamaterra.lt\/de\/wp-json\/wp\/v2\/product_cat?post=22009"},{"taxonomy":"product_tag","embeddable":true,"href":"https:\/\/mamaterra.lt\/de\/wp-json\/wp\/v2\/product_tag?post=22009"}],"curies":[{"name":"wp","href":"https:\/\/api.w.org\/{rel}","templated":true}]}}