{"id":22001,"date":"2023-08-28T18:51:51","date_gmt":"2023-08-28T17:51:51","guid":{"rendered":"https:\/\/mamaterra.lt\/parduotuve\/unkategorisiert\/doterra-ravintsara-etrinis-aliejus-5-ml\/"},"modified":"2024-03-04T20:42:06","modified_gmt":"2024-03-04T19:42:06","slug":"doterra-ravintsara-aetherisches-oel-5-ml","status":"publish","type":"product","link":"https:\/\/mamaterra.lt\/de\/parduotuve\/essentielle-oele\/reine-aetherische-oele\/doterra-ravintsara-aetherisches-oel-5-ml\/","title":{"rendered":"doTERRA Ravintsara \u00e4therisches \u00d6l 5 ml"},"content":{"rendered":"<h6>Ravintsara<br \/>\nCinnamomum camphora<\/h6>\n<p>Das frische und erdige \u00e4therische Ravintsara-\u00d6l hat stark reinigende und erfrischende Eigenschaften. Man kann es zerst\u00e4uben, um einen Raum zu erfrischen, oder seinem Lieblings-Hautreinigungsmittel beif\u00fcgen. \u00c4hnlich wie Eukalyptus, ist Ravintsara milder.<\/p>\n<p>Einen Tropfen in ein beruhigendes Bittersalzbad geben<br \/>\nF\u00fcr einen frischen Kr\u00e4uterduft zerst\u00e4uben<br \/>\nEin paar Tropfen in eine Spr\u00fchflasche mit Wasser geben und auf Oberfl\u00e4chen oder H\u00e4nde spr\u00fchen<br \/>\nF\u00fcr eine zus\u00e4tzliche Reinigung mit einem Gesichtsreiniger mischen<\/p>\n<p>Das Aroma des \u00e4therischen \u00d6ls von Ravintsara kann als eine Kombination aus Kampfer und Eukalyptus beschrieben werden, jedoch mit einer gr\u00fcneren Note, die anregend und energetisierend wirkt. Es enth\u00e4lt den chemischen Inhaltsstoff Eukalyptol, der ihm \u00e4hnliche Eigenschaften wie Eukalyptus\u00f6l verleiht. Es ist ideal, um eine freie Atmung und offene Atemwege zu f\u00f6rdern.<\/p>\n<p>Ravintsara hat ein entspannendes Aroma. Geben Sie einige Tropfen Ravintsara zu Bittersalz in warmes Wasser, um ein beruhigendes Aroma in der Badewanne zu erzielen, oder verwenden Sie es f\u00fcr eine entspannende Massage nach einem anstrengenden Training.<\/p>\n<p>Verdampfen Sie es abends mit \u00e4therischem Lavendel\u00f6l, um eine ruhige Umgebung vor dem Schlafengehen zu schaffen. Stellen Sie Ihre Lieblingsmischungen zusammen, indem Sie Ravintsara mit \u00e4therischen \u00d6len wie Kopaiba, Boswellia, Lavendel, Pfefferminze, Rose, Mandarine, Vetiver oder Preiselbeere kombinieren.<\/p>\n<p>Die Verwendung dieses \u00d6ls f\u00f6rdert die folgenden positiven Eigenschaften:<br \/>\nSpirituelles Bewusstsein, Weisheit, die F\u00e4higkeit, gesunde Grenzen f\u00fcr die Kommunikation zu halten und zu setzen, Ganzheitlichkeit, Wohlbefinden, Motivation und Positivit\u00e4t sowie das Sehen und Treffen von Entscheidungen.<br \/>\nRavintsara-\u00d6l f\u00f6rdert inneren Frieden, Klarheit und Weisheit.<br \/>\nEs hilft, den Heilungsprozess zu aktivieren, um nicht nur k\u00f6rperlich, sondern auch seelisch st\u00e4rker zu werden.<br \/>\nWarnhinweise<br \/>\n&#8211; Nur zur \u00e4u\u00dferlichen Anwendung;<br \/>\n&#8211; nicht unverd\u00fcnnt direkt auf die Haut auftragen;<br \/>\n&#8211; sicher verwenden und den Kontakt mit den Augen vermeiden. Im Falle eines Kontakts mit Pflanzen\u00f6l reinigen.<br \/>\n&#8211; Schwangere, stillende M\u00fctter, Kleinkinder, Epileptiker, Personen mit hohem Blutdruck und verschiedenen anderen Erkrankungen sollten ihren Hausarzt \u00fcber die m\u00f6gliche Anwendung \u00e4therischer \u00d6le befragen.<\/p>\n","protected":false},"excerpt":{"rendered":"<p>Es enth\u00e4lt den chemischen Inhaltsstoff Eukalyptol, der ihm \u00e4hnliche Eigenschaften wie Eukalyptus\u00f6l verleiht. Es ist ideal, um eine freie Atmung und offene Atemwege zu f\u00f6rdern.<\/p>\n","protected":false},"featured_media":22002,"template":"","meta":{"site-sidebar-layout":"default","site-content-layout":"","ast-site-content-layout":"default","site-content-style":"default","site-sidebar-style":"default","ast-global-header-display":"","ast-banner-title-visibility":"","ast-main-header-display":"","ast-hfb-above-header-display":"","ast-hfb-below-header-display":"","ast-hfb-mobile-header-display":"","site-post-title":"","ast-breadcrumbs-content":"","ast-featured-img":"","footer-sml-layout":"","ast-disable-related-posts":"","theme-transparent-header-meta":"default","adv-header-id-meta":"","stick-header-meta":"","header-above-stick-meta":"","header-main-stick-meta":"","header-below-stick-meta":"","astra-migrate-meta-layouts":"set","ast-page-background-enabled":"default","ast-page-background-meta":{"desktop":{"background-color":"","background-image":"","background-repeat":"repeat","background-position":"center center","background-size":"auto","background-attachment":"scroll","background-type":"","background-media":"","overlay-type":"","overlay-color":"","overlay-opacity":"","overlay-gradient":""},"tablet":{"background-color":"","background-image":"","background-repeat":"repeat","background-position":"center center","background-size":"auto","background-attachment":"scroll","background-type":"","background-media":"","overlay-type":"","overlay-color":"","overlay-opacity":"","overlay-gradient":""},"mobile":{"background-color":"","background-image":"","background-repeat":"repeat","background-position":"center center","background-size":"auto","background-attachment":"scroll","background-type":"","background-media":"","overlay-type":"","overlay-color":"","overlay-opacity":"","overlay-gradient":""}},"ast-content-background-meta":{"desktop":{"background-color":"var(--ast-global-color-5)","background-image":"","background-repeat":"repeat","background-position":"center center","background-size":"auto","background-attachment":"scroll","background-type":"","background-media":"","overlay-type":"","overlay-color":"","overlay-opacity":"","overlay-gradient":""},"tablet":{"background-color":"var(--ast-global-color-5)","background-image":"","background-repeat":"repeat","background-position":"center center","background-size":"auto","background-attachment":"scroll","background-type":"","background-media":"","overlay-type":"","overlay-color":"","overlay-opacity":"","overlay-gradient":""},"mobile":{"background-color":"var(--ast-global-color-5)","background-image":"","background-repeat":"repeat","background-position":"center center","background-size":"auto","background-attachment":"scroll","background-type":"","background-media":"","overlay-type":"","overlay-color":"","overlay-opacity":"","overlay-gradient":""}}},"product_brand":[],"product_cat":[1939,1959,1989,1949],"product_tag":[],"class_list":{"0":"post-22001","1":"product","2":"type-product","3":"status-publish","4":"has-post-thumbnail","6":"product_cat-essentielle-oele","7":"product_cat-hygiene-und-hautpflege","8":"product_cat-immunitaet","9":"product_cat-reine-aetherische-oele","10":"desktop-align-left","11":"tablet-align-left","12":"mobile-align-left","14":"first","15":"instock","16":"sale","17":"taxable","18":"shipping-taxable","19":"purchasable","20":"product-type-simple"},"_links":{"self":[{"href":"https:\/\/mamaterra.lt\/de\/wp-json\/wp\/v2\/product\/22001","targetHints":{"allow":["GET"]}}],"collection":[{"href":"https:\/\/mamaterra.lt\/de\/wp-json\/wp\/v2\/product"}],"about":[{"href":"https:\/\/mamaterra.lt\/de\/wp-json\/wp\/v2\/types\/product"}],"wp:featuredmedia":[{"embeddable":true,"href":"https:\/\/mamaterra.lt\/de\/wp-json\/wp\/v2\/media\/22002"}],"wp:attachment":[{"href":"https:\/\/mamaterra.lt\/de\/wp-json\/wp\/v2\/media?parent=22001"}],"wp:term":[{"taxonomy":"product_brand","embeddable":true,"href":"https:\/\/mamaterra.lt\/de\/wp-json\/wp\/v2\/product_brand?post=22001"},{"taxonomy":"product_cat","embeddable":true,"href":"https:\/\/mamaterra.lt\/de\/wp-json\/wp\/v2\/product_cat?post=22001"},{"taxonomy":"product_tag","embeddable":true,"href":"https:\/\/mamaterra.lt\/de\/wp-json\/wp\/v2\/product_tag?post=22001"}],"curies":[{"name":"wp","href":"https:\/\/api.w.org\/{rel}","templated":true}]}}