{"id":21969,"date":"2024-03-01T20:25:42","date_gmt":"2024-03-01T19:25:42","guid":{"rendered":"https:\/\/mamaterra.lt\/parduotuve\/unkategorisiert\/myst-sieninis-kistukinis-difuzorius-su-malama-15ml\/"},"modified":"2025-10-19T18:21:36","modified_gmt":"2025-10-19T17:21:36","slug":"myst-diffusor-und-malama-15ml","status":"publish","type":"product","link":"https:\/\/mamaterra.lt\/de\/parduotuve\/essentielle-oele\/aetherische-oelmischungen\/myst-diffusor-und-malama-15ml\/","title":{"rendered":"Myst Diffusor und Malama 15ml"},"content":{"rendered":"<p>Ein exklusives Angebot, das die faszinierende M\u0101lama\u2122-Mischung und den innovativen Myst-Diffusor vereint.<\/p>\n<p>M\u0101lama\u2122 spiegelt die pflegende F\u00fcrsorge von Mutter Natur und den wichtigen Frauen in unserem Leben wider, erg\u00e4nzt durch die Einzigartigkeit des Myst-Diffusors, der wasser- und hitzefreie Zerst\u00e4ubungstechnologie nutzt, um jeden Raum sofort zu erfrischen.<\/p>\n<p>Der d\u014dTERRA\u2122 Myst Diffusor wird direkt an die Wand angeschlossen und wird mit einem EU-Stecker geliefert<\/p>\n<p>Machen Sie sich bereit, die neueste Innovation in der Diffuser-Technologie zu erleben &#8211; den bahnbrechenden doTERRA Myst Wall Plug Diffuser! Dieses neuartige Design erf\u00fcllt jeden Raum sofort mit der modernsten wasser- und hitzefreien Zerst\u00e4ubung. Drehen Sie einfach eine 5 oder 15 ml Flasche hinein, schlie\u00dfen Sie den Stecker an und lassen Sie die durch Bewegung aktivierte Magie beginnen! Mit Funktionen wie anpassbaren Nebelmodi, einem Dunkelmodus f\u00fcr n\u00e4chtliche Ruhe und einem genialen Powerformat macht Myst es einfacher denn je, Ihr Ambiente zu verbessern.<\/p>\n<p>Vorsichtsma\u00dfnahmen<br \/>\n\u00c4therische \u00d6le, die eine dickere Konsistenz haben, k\u00f6nnen die korrekte Vernebelung des Diffusors verhindern. Formeln mit fraktioniertem Kokosnuss\u00f6l sollten nicht mit diesem Diffusor verwendet werden.<\/p>\n","protected":false},"excerpt":{"rendered":"<p>Drei anpassbare Einstellungen<br \/>\nKann mit dem schwenkbaren Wandadapter in verschiedenen Richtungen in Steckdosen verwendet werden<br \/>\n5 ml oder 15 ml Flaschen<br \/>\nWasserfreie, hitzefreie und umweltfreundliche Technologie<br \/>\nAbmessungen: 4,6 x 4,6 x 7,55 cm. Hinweise zur Reinigung entnehmen Sie bitte der Bedienungsanleitung des Diffusors<\/p>\n<p>&nbsp;<\/p>\n<p>&nbsp;<\/p>\n","protected":false},"featured_media":21963,"template":"","meta":{"site-sidebar-layout":"default","site-content-layout":"","ast-site-content-layout":"default","site-content-style":"default","site-sidebar-style":"default","ast-global-header-display":"","ast-banner-title-visibility":"","ast-main-header-display":"","ast-hfb-above-header-display":"","ast-hfb-below-header-display":"","ast-hfb-mobile-header-display":"","site-post-title":"","ast-breadcrumbs-content":"","ast-featured-img":"","footer-sml-layout":"","ast-disable-related-posts":"","theme-transparent-header-meta":"","adv-header-id-meta":"","stick-header-meta":"","header-above-stick-meta":"","header-main-stick-meta":"","header-below-stick-meta":"","astra-migrate-meta-layouts":"set","ast-page-background-enabled":"default","ast-page-background-meta":{"desktop":{"background-color":"","background-image":"","background-repeat":"repeat","background-position":"center center","background-size":"auto","background-attachment":"scroll","background-type":"","background-media":"","overlay-type":"","overlay-color":"","overlay-opacity":"","overlay-gradient":""},"tablet":{"background-color":"","background-image":"","background-repeat":"repeat","background-position":"center center","background-size":"auto","background-attachment":"scroll","background-type":"","background-media":"","overlay-type":"","overlay-color":"","overlay-opacity":"","overlay-gradient":""},"mobile":{"background-color":"","background-image":"","background-repeat":"repeat","background-position":"center center","background-size":"auto","background-attachment":"scroll","background-type":"","background-media":"","overlay-type":"","overlay-color":"","overlay-opacity":"","overlay-gradient":""}},"ast-content-background-meta":{"desktop":{"background-color":"var(--ast-global-color-5)","background-image":"","background-repeat":"repeat","background-position":"center center","background-size":"auto","background-attachment":"scroll","background-type":"","background-media":"","overlay-type":"","overlay-color":"","overlay-opacity":"","overlay-gradient":""},"tablet":{"background-color":"var(--ast-global-color-5)","background-image":"","background-repeat":"repeat","background-position":"center center","background-size":"auto","background-attachment":"scroll","background-type":"","background-media":"","overlay-type":"","overlay-color":"","overlay-opacity":"","overlay-gradient":""},"mobile":{"background-color":"var(--ast-global-color-5)","background-image":"","background-repeat":"repeat","background-position":"center center","background-size":"auto","background-attachment":"scroll","background-type":"","background-media":"","overlay-type":"","overlay-color":"","overlay-opacity":"","overlay-gradient":""}}},"product_brand":[],"product_cat":[1944,1919,1924,1934],"product_tag":[],"class_list":{"0":"post-21969","1":"product","2":"type-product","3":"status-publish","4":"has-post-thumbnail","6":"product_cat-aetherische-oelmischungen","7":"product_cat-diffusoren","8":"product_cat-geschenke","9":"product_cat-geschenke-fur-manner","10":"desktop-align-left","11":"tablet-align-left","12":"mobile-align-left","14":"first","15":"instock","16":"taxable","17":"shipping-taxable","18":"product-type-simple"},"_links":{"self":[{"href":"https:\/\/mamaterra.lt\/de\/wp-json\/wp\/v2\/product\/21969","targetHints":{"allow":["GET"]}}],"collection":[{"href":"https:\/\/mamaterra.lt\/de\/wp-json\/wp\/v2\/product"}],"about":[{"href":"https:\/\/mamaterra.lt\/de\/wp-json\/wp\/v2\/types\/product"}],"wp:featuredmedia":[{"embeddable":true,"href":"https:\/\/mamaterra.lt\/de\/wp-json\/wp\/v2\/media\/21963"}],"wp:attachment":[{"href":"https:\/\/mamaterra.lt\/de\/wp-json\/wp\/v2\/media?parent=21969"}],"wp:term":[{"taxonomy":"product_brand","embeddable":true,"href":"https:\/\/mamaterra.lt\/de\/wp-json\/wp\/v2\/product_brand?post=21969"},{"taxonomy":"product_cat","embeddable":true,"href":"https:\/\/mamaterra.lt\/de\/wp-json\/wp\/v2\/product_cat?post=21969"},{"taxonomy":"product_tag","embeddable":true,"href":"https:\/\/mamaterra.lt\/de\/wp-json\/wp\/v2\/product_tag?post=21969"}],"curies":[{"name":"wp","href":"https:\/\/api.w.org\/{rel}","templated":true}]}}