{"id":21802,"date":"2023-08-24T21:20:20","date_gmt":"2023-08-24T20:20:20","guid":{"rendered":"https:\/\/mamaterra.lt\/parduotuve\/unkategorisiert\/litsea-japoniniu-laureniu-eterinis-aliejus-15-ml\/"},"modified":"2024-02-28T22:20:49","modified_gmt":"2024-02-28T21:20:49","slug":"doterra-litsea15-ml","status":"publish","type":"product","link":"https:\/\/mamaterra.lt\/de\/parduotuve\/essentielle-oele\/aetherische-oelmischungen\/doterra-litsea15-ml\/","title":{"rendered":"doTERRA Litsea15 ml"},"content":{"rendered":"<p>Litsea cubeba ist ein kleiner immergr\u00fcner Baum mit wei\u00dfen und gelben Bl\u00fcten. Trotz seines zitronen\u00e4hnlichen Aromas geh\u00f6rt er nicht zur Familie der Zitrusfr\u00fcchte. Als Verwandter von Zimt und Rosine geh\u00f6rt er zu den Lorbeergew\u00e4chsen. Seine kleinen Beeren, die auch als May Chang und Bergpfeffer bekannt sind, \u00e4hneln Pfefferk\u00f6rnern und werden zwischen Juli und September geerntet. Die Wurzeln und Zweige sind in Asien sehr beliebt und werden in der traditionellen chinesischen Medizin verwendet. Das \u00e4therische \u00d6l der Litschi wird durch Wasserdampfdestillation aus den Fr\u00fcchten gewonnen, das Holz wird manchmal als M\u00f6bel oder Baumaterial verwendet. S\u00fc\u00df und beruhigend, leuchtend und zitronig gr\u00fcn, inhalieren Sie es direkt aus der Flasche f\u00fcr einen schnellen Muntermacher. Verwenden Sie ihn im Diffusor, um eine entspannte und fr\u00f6hliche Atmosph\u00e4re zu schaffen. Geben Sie Lisea in Ihr Bad oder in Ihr Massage\u00f6l, um Ihren Tag zu beleben. F\u00fcgen Sie es selbstgemachten Seifen und Lotionen f\u00fcr einen erfrischenden Kick hinzu. Lisea k\u00f6nnte Ihr neuer Lieblingszitrusduft werden.<br \/>\nVerwendungsm\u00f6glichkeiten<br \/>\nVerwenden Sie es als Diffusor, um die Atmosph\u00e4re zu beleben.<br \/>\nAls Zusatz zu belebenden und revitalisierenden Massagen.<br \/>\nKombinieren Sie Litsea mit erg\u00e4nzenden \u00d6len wie Lavendel, Sandelholz oder Balsam f\u00fcr einen ausgleichenden und beruhigenden Duft.<br \/>\nVerwendet<br \/>\nIn Ihrem morgendlichen Lieblings-Smoothie f\u00fcr eine erfrischende Geschmacksexplosion<br \/>\nVerwendung in der asiatischen K\u00fcche, in Suppen, Tees und Currys<br \/>\nGut mischbar mit Basilikum, Kardamom oder Minze<br \/>\nGebrauchsanweisung<br \/>\nZum Aromatisieren von Lebensmitteln.<br \/>\nVorsichtsma\u00dfnahmen<br \/>\nNur verd\u00fcnnt verwenden. Nicht mehr als einen Tropfen pro Tag einnehmen. Au\u00dferhalb der Reichweite von Kindern aufbewahren. Nicht in die Augen und auf die Schleimh\u00e4ute gelangen lassen.<\/p>\n","protected":false},"excerpt":{"rendered":"<p>Litsea ist in Ostasien beheimatet und wird von den Ureinwohnern Taiwans seit langem traditionell verwendet. Es ist in Japan, Taiwan, S\u00fcdchina und S\u00fcdostasien weit verbreitet.<\/p>\n","protected":false},"featured_media":21803,"template":"","meta":{"site-sidebar-layout":"default","site-content-layout":"","ast-site-content-layout":"default","site-content-style":"default","site-sidebar-style":"default","ast-global-header-display":"","ast-banner-title-visibility":"","ast-main-header-display":"","ast-hfb-above-header-display":"","ast-hfb-below-header-display":"","ast-hfb-mobile-header-display":"","site-post-title":"","ast-breadcrumbs-content":"","ast-featured-img":"","footer-sml-layout":"","ast-disable-related-posts":"","theme-transparent-header-meta":"default","adv-header-id-meta":"","stick-header-meta":"","header-above-stick-meta":"","header-main-stick-meta":"","header-below-stick-meta":"","astra-migrate-meta-layouts":"set","ast-page-background-enabled":"default","ast-page-background-meta":{"desktop":{"background-color":"","background-image":"","background-repeat":"repeat","background-position":"center center","background-size":"auto","background-attachment":"scroll","background-type":"","background-media":"","overlay-type":"","overlay-color":"","overlay-opacity":"","overlay-gradient":""},"tablet":{"background-color":"","background-image":"","background-repeat":"repeat","background-position":"center center","background-size":"auto","background-attachment":"scroll","background-type":"","background-media":"","overlay-type":"","overlay-color":"","overlay-opacity":"","overlay-gradient":""},"mobile":{"background-color":"","background-image":"","background-repeat":"repeat","background-position":"center center","background-size":"auto","background-attachment":"scroll","background-type":"","background-media":"","overlay-type":"","overlay-color":"","overlay-opacity":"","overlay-gradient":""}},"ast-content-background-meta":{"desktop":{"background-color":"var(--ast-global-color-5)","background-image":"","background-repeat":"repeat","background-position":"center center","background-size":"auto","background-attachment":"scroll","background-type":"","background-media":"","overlay-type":"","overlay-color":"","overlay-opacity":"","overlay-gradient":""},"tablet":{"background-color":"var(--ast-global-color-5)","background-image":"","background-repeat":"repeat","background-position":"center center","background-size":"auto","background-attachment":"scroll","background-type":"","background-media":"","overlay-type":"","overlay-color":"","overlay-opacity":"","overlay-gradient":""},"mobile":{"background-color":"var(--ast-global-color-5)","background-image":"","background-repeat":"repeat","background-position":"center center","background-size":"auto","background-attachment":"scroll","background-type":"","background-media":"","overlay-type":"","overlay-color":"","overlay-opacity":"","overlay-gradient":""}}},"product_brand":[],"product_cat":[1944,1939],"product_tag":[],"class_list":{"0":"post-21802","1":"product","2":"type-product","3":"status-publish","4":"has-post-thumbnail","6":"product_cat-aetherische-oelmischungen","7":"product_cat-essentielle-oele","8":"desktop-align-left","9":"tablet-align-left","10":"mobile-align-left","12":"first","13":"outofstock","14":"taxable","15":"shipping-taxable","16":"purchasable","17":"product-type-simple"},"_links":{"self":[{"href":"https:\/\/mamaterra.lt\/de\/wp-json\/wp\/v2\/product\/21802","targetHints":{"allow":["GET"]}}],"collection":[{"href":"https:\/\/mamaterra.lt\/de\/wp-json\/wp\/v2\/product"}],"about":[{"href":"https:\/\/mamaterra.lt\/de\/wp-json\/wp\/v2\/types\/product"}],"wp:featuredmedia":[{"embeddable":true,"href":"https:\/\/mamaterra.lt\/de\/wp-json\/wp\/v2\/media\/21803"}],"wp:attachment":[{"href":"https:\/\/mamaterra.lt\/de\/wp-json\/wp\/v2\/media?parent=21802"}],"wp:term":[{"taxonomy":"product_brand","embeddable":true,"href":"https:\/\/mamaterra.lt\/de\/wp-json\/wp\/v2\/product_brand?post=21802"},{"taxonomy":"product_cat","embeddable":true,"href":"https:\/\/mamaterra.lt\/de\/wp-json\/wp\/v2\/product_cat?post=21802"},{"taxonomy":"product_tag","embeddable":true,"href":"https:\/\/mamaterra.lt\/de\/wp-json\/wp\/v2\/product_tag?post=21802"}],"curies":[{"name":"wp","href":"https:\/\/api.w.org\/{rel}","templated":true}]}}