{"id":21781,"date":"2023-04-30T17:42:56","date_gmt":"2023-04-30T16:42:56","guid":{"rendered":"https:\/\/mamaterra.lt\/parduotuve\/unkategorisiert\/doterra-abode-eteriniu-alieju-misinys-15ml\/"},"modified":"2024-03-10T19:30:58","modified_gmt":"2024-03-10T18:30:58","slug":"doterra-abode-aetherische-oelmischung-15ml","status":"publish","type":"product","link":"https:\/\/mamaterra.lt\/de\/parduotuve\/essentielle-oele\/aetherische-oelmischungen\/doterra-abode-aetherische-oelmischung-15ml\/","title":{"rendered":"doTERRA Abode \u00c4therische \u00d6lmischung 15ml"},"content":{"rendered":"<p>Erfrischende Mischung<\/p>\n<p>Die exklusive doTERRA Abode-Mischung ist eine dynamische Mischung aus \u00e4therischen CPTG\u2122-\u00d6len mit destillierter Limette, Litsea, Cassia und Zimt, Zitronen-Eukalyptus, Teebaum, Arborvitae, Kochii-Eukalyptus, Cilantro, Lavandin, Zitronenmyrte. Es ist reich an wirksamen Bestandteilen wie Limonen, Geranial, Neral und 1,8-Cineol. Das \u00d6l, das aus dem Kochii-Eukalyptus gewonnen wird, der nur im halbtrockenen Klima Westaustraliens w\u00e4chst, hat eine h\u00f6here Konzentration an 1,8-Cineol (oder Eukalyptol) als jedes andere Eukalyptus\u00f6l. Die Mischung im doTERRA-Haus ist immer erfrischend.<\/p>\n<p>Verwendung<br \/>\nBewahren Sie es in Ihrem Badezimmerschrank auf und genie\u00dfen Sie die reinigende und erfrischende Wirkung auf Ihrer Haut.<br \/>\nWo auch immer Sie hingehen, nehmen Sie das frische Aroma von abode mit.<br \/>\nSchaffen Sie sich einen pers\u00f6nlichen Zufluchtsort vor einem anstrengenden Tag, indem Sie abode als Teil Ihrer Morgenroutine verwenden.<br \/>\nAnleitung zur Anwendung<\/p>\n<p>Mischen Sie 5 Tropfen des \u00d6ls mit 10 ml Basis\u00f6l f\u00fcr die Massage. F\u00fcr das Bad mischen Sie 5 Tropfen \u00d6l mit 5 ml Basis\u00f6l. Bei Verwendung als Parf\u00fcm 1 Tropfen mit 10 Tropfen Basis\u00f6l mischen. Nur zur \u00e4u\u00dferen Anwendung.<br \/>\nVorsichtsma\u00dfnahmen<\/p>\n<p>Kann Hautreizungen verursachen. Au\u00dferhalb der Reichweite von Kindern aufbewahren. Wenn Sie schwanger sind oder sich in \u00e4rztlicher Behandlung befinden, fragen Sie Ihren Arzt. Vermeiden Sie den Kontakt mit Augen, Innenohr und Ohrl\u00e4ppchen.<\/p>\n","protected":false},"excerpt":{"rendered":"<p>Mit \u00e4therischen CPTG\u2122-\u00d6len, die f\u00fcr ihre reinigenden Inhaltsstoffe wie Limonen, Geranial und Neral bekannt sind.<br \/>\nMit dem \u00e4therischen \u00d6l Kochii Eucalyptus (Oil of Eucalyptus), das den h\u00f6chsten Gehalt an 1,8-Cineol aufweist.<br \/>\nFrisches Zitrusaroma.<\/p>\n","protected":false},"featured_media":21782,"template":"","meta":{"site-sidebar-layout":"default","site-content-layout":"default","ast-site-content-layout":"default","site-content-style":"default","site-sidebar-style":"default","ast-global-header-display":"","ast-banner-title-visibility":"","ast-main-header-display":"","ast-hfb-above-header-display":"","ast-hfb-below-header-display":"","ast-hfb-mobile-header-display":"","site-post-title":"","ast-breadcrumbs-content":"","ast-featured-img":"","footer-sml-layout":"","ast-disable-related-posts":"","theme-transparent-header-meta":"default","adv-header-id-meta":"","stick-header-meta":"","header-above-stick-meta":"","header-main-stick-meta":"","header-below-stick-meta":"","astra-migrate-meta-layouts":"set","ast-page-background-enabled":"default","ast-page-background-meta":{"desktop":{"background-color":"","background-image":"","background-repeat":"repeat","background-position":"center center","background-size":"auto","background-attachment":"scroll","background-type":"","background-media":"","overlay-type":"","overlay-color":"","overlay-opacity":"","overlay-gradient":""},"tablet":{"background-color":"","background-image":"","background-repeat":"repeat","background-position":"center center","background-size":"auto","background-attachment":"scroll","background-type":"","background-media":"","overlay-type":"","overlay-color":"","overlay-opacity":"","overlay-gradient":""},"mobile":{"background-color":"","background-image":"","background-repeat":"repeat","background-position":"center center","background-size":"auto","background-attachment":"scroll","background-type":"","background-media":"","overlay-type":"","overlay-color":"","overlay-opacity":"","overlay-gradient":""}},"ast-content-background-meta":{"desktop":{"background-color":"var(--ast-global-color-5)","background-image":"","background-repeat":"repeat","background-position":"center center","background-size":"auto","background-attachment":"scroll","background-type":"","background-media":"","overlay-type":"","overlay-color":"","overlay-opacity":"","overlay-gradient":""},"tablet":{"background-color":"var(--ast-global-color-5)","background-image":"","background-repeat":"repeat","background-position":"center center","background-size":"auto","background-attachment":"scroll","background-type":"","background-media":"","overlay-type":"","overlay-color":"","overlay-opacity":"","overlay-gradient":""},"mobile":{"background-color":"var(--ast-global-color-5)","background-image":"","background-repeat":"repeat","background-position":"center center","background-size":"auto","background-attachment":"scroll","background-type":"","background-media":"","overlay-type":"","overlay-color":"","overlay-opacity":"","overlay-gradient":""}}},"product_brand":[],"product_cat":[1944,1939,1989,2034,2014],"product_tag":[],"class_list":{"0":"post-21781","1":"product","2":"type-product","3":"status-publish","4":"has-post-thumbnail","6":"product_cat-aetherische-oelmischungen","7":"product_cat-essentielle-oele","8":"product_cat-immunitaet","9":"product_cat-luftfilterung","10":"product_cat-von-muecken-und-zecken","11":"desktop-align-left","12":"tablet-align-left","13":"mobile-align-left","15":"first","16":"instock","17":"taxable","18":"shipping-taxable","19":"purchasable","20":"product-type-simple"},"_links":{"self":[{"href":"https:\/\/mamaterra.lt\/de\/wp-json\/wp\/v2\/product\/21781","targetHints":{"allow":["GET"]}}],"collection":[{"href":"https:\/\/mamaterra.lt\/de\/wp-json\/wp\/v2\/product"}],"about":[{"href":"https:\/\/mamaterra.lt\/de\/wp-json\/wp\/v2\/types\/product"}],"wp:featuredmedia":[{"embeddable":true,"href":"https:\/\/mamaterra.lt\/de\/wp-json\/wp\/v2\/media\/21782"}],"wp:attachment":[{"href":"https:\/\/mamaterra.lt\/de\/wp-json\/wp\/v2\/media?parent=21781"}],"wp:term":[{"taxonomy":"product_brand","embeddable":true,"href":"https:\/\/mamaterra.lt\/de\/wp-json\/wp\/v2\/product_brand?post=21781"},{"taxonomy":"product_cat","embeddable":true,"href":"https:\/\/mamaterra.lt\/de\/wp-json\/wp\/v2\/product_cat?post=21781"},{"taxonomy":"product_tag","embeddable":true,"href":"https:\/\/mamaterra.lt\/de\/wp-json\/wp\/v2\/product_tag?post=21781"}],"curies":[{"name":"wp","href":"https:\/\/api.w.org\/{rel}","templated":true}]}}